{"id":17739,"date":"2023-04-04T13:03:48","date_gmt":"2023-04-04T10:03:48","guid":{"rendered":"https:\/\/www.vempele.fi\/?post_type=product&#038;p=17739"},"modified":"2024-04-10T07:32:22","modified_gmt":"2024-04-10T04:32:22","slug":"nokian-reifen-hakka-schwarz-3-235-45r18-98w-xl-modell-3","status":"publish","type":"product","link":"https:\/\/www.vempele.fi\/de\/tuote\/nokian-tyres-hakka-black-3-235-45r18-98w-xl-model-3\/","title":{"rendered":"Nokian Tyres Hakka Black 3: 235\/45R18 98W XL - Modell 3"},"content":{"rendered":"<p>1 Nokian Tyres Hakka Black 3: 235\/45R18 98W XL.<\/p>\n<ul>\n<li class=\"single-product__section-title\">EU-Reifenkennzeichnung<\/li>\n<li>Typ: Sommerreifen<\/li>\n<li>Zentimeter: 18<\/li>\n<li>Breite: 235<\/li>\n<li>Profil: 45<\/li>\n<li class=\"single-product__section-title\">Geschwindigkeitskategorie: 270km\/h (W)<\/li>\n<li class=\"single-product__section-title\">Tragf\u00e4higkeit: 750kg (98)<\/li>\n<li>Reifenklassifizierung: C1<\/li>\n<li>Kraftstoffverbrauch: C<\/li>\n<li>Nasspflege: A<\/li>\n<li>Klassifizierung und Intensit\u00e4t des Vorbeifahrger\u00e4uschs: B 70dB<\/li>\n<\/ul>","protected":false},"excerpt":{"rendered":"<p class=\"single-product__title\">Nokian Tyres Hakka Black 3: 235\/45R18 98W XL.<\/p>\n<p>Sommerreifen.<\/p>\n<p>Der Hakka Black 3 Nassgrip ist der beste der Gruppe A und bietet Ihnen von Fr\u00fchling bis Herbst exzellenten Nassgrip. F\u00fcr die 18\u2033 ZAX-Felgen, die bei uns erh\u00e4ltlich sind, gibt es hier das perfekte Paar.<\/p>\n<p class=\"ewa-rteLine\">Der Hakka Black 3 wurde f\u00fcr Hochleistungsfahrzeuge entwickelt und ist auf flachem Asphalt 1 dB leiser als sein Vorg\u00e4nger. Der Reifen verf\u00fcgt \u00fcber ein Silent-MultiZone-Design, das auf einer Vielzahl von Stra\u00dfenbel\u00e4gen f\u00fcr ein angenehmes Ger\u00e4uschniveau sorgt.<\/p>\n<p><strong>Anmerkung.<\/strong><\/p>\n<p>Wir haben diesen Reifen nicht immer vorr\u00e4tig, aber wir k\u00f6nnen ihn schnell von einem Gro\u00dfh\u00e4ndler in etwa 2 Tagen bekommen.<\/p>","protected":false},"featured_media":17741,"comment_status":"open","ping_status":"closed","template":"","meta":[],"product_brand":[],"product_cat":[151,371,128],"product_tag":[301,394,299,300,121,120,321],"class_list":{"0":"post-17739","1":"product","2":"type-product","3":"status-publish","4":"has-post-thumbnail","6":"product_cat-model-3","7":"product_cat-renkaat","8":"product_cat-tesla-tuotteet","9":"product_tag-autonrenkaat","10":"product_tag-nokian-renkaat","11":"product_tag-rengas","12":"product_tag-renkaat","13":"product_tag-tesla","14":"product_tag-tesla-model-3","15":"product_tag-vanteet","16":"product_shipping_class-nouto","18":"first","19":"instock","20":"taxable","21":"shipping-taxable","22":"purchasable","23":"product-type-simple"},"jetpack_sharing_enabled":true,"_links":{"self":[{"href":"https:\/\/www.vempele.fi\/de\/wp-json\/wp\/v2\/product\/17739","targetHints":{"allow":["GET"]}}],"collection":[{"href":"https:\/\/www.vempele.fi\/de\/wp-json\/wp\/v2\/product"}],"about":[{"href":"https:\/\/www.vempele.fi\/de\/wp-json\/wp\/v2\/types\/product"}],"replies":[{"embeddable":true,"href":"https:\/\/www.vempele.fi\/de\/wp-json\/wp\/v2\/comments?post=17739"}],"wp:featuredmedia":[{"embeddable":true,"href":"https:\/\/www.vempele.fi\/de\/wp-json\/wp\/v2\/media\/17741"}],"wp:attachment":[{"href":"https:\/\/www.vempele.fi\/de\/wp-json\/wp\/v2\/media?parent=17739"}],"wp:term":[{"taxonomy":"product_brand","embeddable":true,"href":"https:\/\/www.vempele.fi\/de\/wp-json\/wp\/v2\/product_brand?post=17739"},{"taxonomy":"product_cat","embeddable":true,"href":"https:\/\/www.vempele.fi\/de\/wp-json\/wp\/v2\/product_cat?post=17739"},{"taxonomy":"product_tag","embeddable":true,"href":"https:\/\/www.vempele.fi\/de\/wp-json\/wp\/v2\/product_tag?post=17739"}],"curies":[{"name":"wp","href":"https:\/\/api.w.org\/{rel}","templated":true}]}}