{"id":17751,"date":"2023-04-04T15:43:42","date_gmt":"2023-04-04T12:43:42","guid":{"rendered":"https:\/\/www.vempele.fi\/?post_type=product&#038;p=17751"},"modified":"2023-08-02T15:45:08","modified_gmt":"2023-08-02T12:45:08","slug":"nokian-reifen-hakka-blue-3-suv-235-55r18-100v-modell-y","status":"publish","type":"product","link":"https:\/\/www.vempele.fi\/de\/tuote\/nokian-tyres-hakka-blue-3-suv-235-55r18-100v-model-y\/","title":{"rendered":"Nokian Tyres Hakka Blue 3 SUV: 235\/55R18 100V - Modell Y"},"content":{"rendered":"<p>1 St\u00fcck Nokian Tyres Hakka Blue 3 SUV: 235\/55R18 100V - Modell Y.<\/p>\n<ul>\n<li class=\"single-product__section-title\">EU-Reifenkennzeichnung<\/li>\n<li>Typ: Reibring<\/li>\n<li>Zentimeter: 18<\/li>\n<li>Breite: 235<\/li>\n<li>Profil: 55<\/li>\n<li class=\"single-product__section-title\">Geschwindigkeitskategorie: 240km\/h (W)<\/li>\n<li class=\"single-product__section-title\">Tragf\u00e4higkeit: 800kg (100)<\/li>\n<li>Reifenklassifizierung: C1<\/li>\n<li>Kraftstoffverbrauch: C<\/li>\n<li>Nasspflege: A<\/li>\n<li>Klassifizierung und Intensit\u00e4t des Vorbeifahrger\u00e4uschs: B 70dB<\/li>\n<\/ul>","protected":false},"excerpt":{"rendered":"<p class=\"single-product__title\">Nokian Tyres Hakka Blue 3 SUV: 235\/55R18 100V - Modell Y.<\/p>\n<p>Sommerreifen.<\/p>\n<p>Der Hakka Blue 3 SUV hat die beste Nasshaftung in der Gruppe A und bietet Ihnen von Fr\u00fchling bis Herbst eine hervorragende Nasshaftung. F\u00fcr die 18\u2033 ZAX-Felgen, die bei uns erh\u00e4ltlich sind, gibt es hier das perfekte Paar. Dies gibt Ihnen mehr Gummi unter dem Auto, f\u00fcr ein weicheres Gef\u00fchl.<\/p>\n<p><strong>Anmerkung.<\/strong><br \/>\nNokia-Reifen kommen direkt vom Lieferanten zu uns, in der Regel am Tag nach der Bestellung.<br \/>\nDer Lagerbestand wird nicht automatisch aktualisiert, so dass wir uns umgehend mit Ihnen in Verbindung setzen, wenn der Reifen aus irgendeinem Grund nicht sofort verf\u00fcgbar ist.<\/p>","protected":false},"featured_media":17752,"comment_status":"open","ping_status":"closed","template":"","meta":[],"product_brand":[],"product_cat":[154,371,128],"product_tag":[301,394,299,300,121,203,321],"class_list":{"0":"post-17751","1":"product","2":"type-product","3":"status-publish","4":"has-post-thumbnail","6":"product_cat-model-y","7":"product_cat-renkaat","8":"product_cat-tesla-tuotteet","9":"product_tag-autonrenkaat","10":"product_tag-nokian-renkaat","11":"product_tag-rengas","12":"product_tag-renkaat","13":"product_tag-tesla","14":"product_tag-tesla-model-y","15":"product_tag-vanteet","16":"product_shipping_class-nouto","18":"first","19":"instock","20":"taxable","21":"shipping-taxable","22":"purchasable","23":"product-type-simple"},"jetpack_sharing_enabled":true,"_links":{"self":[{"href":"https:\/\/www.vempele.fi\/de\/wp-json\/wp\/v2\/product\/17751","targetHints":{"allow":["GET"]}}],"collection":[{"href":"https:\/\/www.vempele.fi\/de\/wp-json\/wp\/v2\/product"}],"about":[{"href":"https:\/\/www.vempele.fi\/de\/wp-json\/wp\/v2\/types\/product"}],"replies":[{"embeddable":true,"href":"https:\/\/www.vempele.fi\/de\/wp-json\/wp\/v2\/comments?post=17751"}],"wp:featuredmedia":[{"embeddable":true,"href":"https:\/\/www.vempele.fi\/de\/wp-json\/wp\/v2\/media\/17752"}],"wp:attachment":[{"href":"https:\/\/www.vempele.fi\/de\/wp-json\/wp\/v2\/media?parent=17751"}],"wp:term":[{"taxonomy":"product_brand","embeddable":true,"href":"https:\/\/www.vempele.fi\/de\/wp-json\/wp\/v2\/product_brand?post=17751"},{"taxonomy":"product_cat","embeddable":true,"href":"https:\/\/www.vempele.fi\/de\/wp-json\/wp\/v2\/product_cat?post=17751"},{"taxonomy":"product_tag","embeddable":true,"href":"https:\/\/www.vempele.fi\/de\/wp-json\/wp\/v2\/product_tag?post=17751"}],"curies":[{"name":"wp","href":"https:\/\/api.w.org\/{rel}","templated":true}]}}