{"id":18574,"date":"2023-04-27T09:43:53","date_gmt":"2023-04-27T06:43:53","guid":{"rendered":"https:\/\/www.vempele.fi\/?post_type=product&#038;p=18574"},"modified":"2026-04-05T23:44:22","modified_gmt":"2026-04-05T20:44:22","slug":"faltbar-tyopoyta-tesla-model-3-y","status":"publish","type":"product","link":"https:\/\/www.vempele.fi\/de\/tuote\/taitettava-tyopoyta-tesla-model-3-y\/","title":{"rendered":"Klappbarer Schreibtisch - Tesla Model 3 \/ Y"},"content":{"rendered":"<p>Klappbarer Schreibtisch - Tesla Model 3 \/ Y<\/p>\n<ul>\n<li>Farbe: Kohlefaserimitation<\/li>\n<li>Angemessenheit:\n<ul>\n<li>Modell Y 2020 - 2025<\/li>\n<li>Modell Y Juniper 2025-&gt;<\/li>\n<li>Modell 3 2019 - 2021<\/li>\n<li>Modell 3 Auffrischung vm. 2021 - 2023<\/li>\n<li>Modell 3 Highland 2024 -&gt;<\/li>\n<\/ul>\n<\/li>\n<li>Material:MDF, Vinyl<\/li>\n<li>Gr\u00f6\u00dfe:\n<ul>\n<li>Au\u00dfenma\u00dfe in gefaltetem Zustand: 38cm x 38cm x 2cm<\/li>\n<li>Au\u00dfenma\u00dfe, wenn ausgebreitet: 76cm x 38cm x 1cm<\/li>\n<\/ul>\n<\/li>\n<\/ul>","protected":false},"excerpt":{"rendered":"<p>Mit diesem faltbaren, sauberen und ger\u00e4umigen Schreibtisch wird das Arbeiten im Auto zum Kinderspiel. Er wird mit 6 Pads geliefert, die auf der R\u00fcckseite des Tisches platziert werden, um zu verhindern, dass der Tisch die Oberfl\u00e4chen des Autos w\u00e4hrend der Nutzung abnutzt.<\/p>\n<p>Nach getaner Arbeit l\u00e4sst sich der Tisch einfach zusammenklappen und in den Stauraum stellen.<\/p>","protected":false},"featured_media":18577,"comment_status":"open","ping_status":"closed","template":"","meta":[],"product_brand":[],"product_cat":[154,452,455,480,482,128],"product_tag":[156,271,501,535,121,500],"class_list":{"0":"post-18574","1":"product","2":"type-product","3":"status-publish","4":"has-post-thumbnail","6":"product_cat-model-y","7":"product_cat-m3-tarvikkeet","8":"product_cat-my-tarvikkeet","9":"product_cat-tarvikkeet-sisapuolelle-model-3","10":"product_cat-tarvikkeet-sisapuolelle-model-y","11":"product_cat-tesla-tuotteet","12":"product_tag-model-3","13":"product_tag-model-y","14":"product_tag-poyta","15":"product_tag-taitettava","16":"product_tag-tesla","17":"product_tag-tyopoyta","19":"first","20":"instock","21":"taxable","22":"shipping-taxable","23":"purchasable","24":"product-type-simple"},"jetpack_sharing_enabled":true,"_links":{"self":[{"href":"https:\/\/www.vempele.fi\/de\/wp-json\/wp\/v2\/product\/18574","targetHints":{"allow":["GET"]}}],"collection":[{"href":"https:\/\/www.vempele.fi\/de\/wp-json\/wp\/v2\/product"}],"about":[{"href":"https:\/\/www.vempele.fi\/de\/wp-json\/wp\/v2\/types\/product"}],"replies":[{"embeddable":true,"href":"https:\/\/www.vempele.fi\/de\/wp-json\/wp\/v2\/comments?post=18574"}],"wp:featuredmedia":[{"embeddable":true,"href":"https:\/\/www.vempele.fi\/de\/wp-json\/wp\/v2\/media\/18577"}],"wp:attachment":[{"href":"https:\/\/www.vempele.fi\/de\/wp-json\/wp\/v2\/media?parent=18574"}],"wp:term":[{"taxonomy":"product_brand","embeddable":true,"href":"https:\/\/www.vempele.fi\/de\/wp-json\/wp\/v2\/product_brand?post=18574"},{"taxonomy":"product_cat","embeddable":true,"href":"https:\/\/www.vempele.fi\/de\/wp-json\/wp\/v2\/product_cat?post=18574"},{"taxonomy":"product_tag","embeddable":true,"href":"https:\/\/www.vempele.fi\/de\/wp-json\/wp\/v2\/product_tag?post=18574"}],"curies":[{"name":"wp","href":"https:\/\/api.w.org\/{rel}","templated":true}]}}