{"id":18753,"date":"2023-05-09T09:35:44","date_gmt":"2023-05-09T06:35:44","guid":{"rendered":"https:\/\/www.vempele.fi\/?post_type=product&#038;p=18753"},"modified":"2023-10-03T14:38:40","modified_gmt":"2023-10-03T11:38:40","slug":"schaumstoffmatratze-fur-auto-tesla-model-y","status":"publish","type":"product","link":"https:\/\/www.vempele.fi\/de\/tuote\/vaahtomuovipatja-autoon-tesla-model-y\/","title":{"rendered":"Schaumstoffmatratze f\u00fcr das Auto - Tesla Model Y"},"content":{"rendered":"<p>Eine praktische Schaumstoffmatratze f\u00fcr lange Autofahrten und Camping.<\/p>\n<p>Das Paket enth\u00e4lt<\/p>\n<ul>\n<li>Schaumstoffpolster mit Polyurethan\u00fcberzug x 3 St\u00fcck (ca. 185 x 35 x 3-5cm)<\/li>\n<li>Lose Abdeckung f\u00fcr Matratze x 1<\/li>\n<li>Schwarze Nylon-Aufbewahrungstasche x 1<\/li>\n<\/ul>\n<p><strong>Einzelheiten:<\/strong><\/p>\n<ul>\n<li>Eignung: f\u00fcr Tesla Model Y<\/li>\n<li>L\u00e4nge: 185 cm<\/li>\n<li>Breite: 35 cm mit einem Abschnitt. Achtung! Die Matratze besteht aus drei Teilen<\/li>\n<li>Dicke: 3-5 cm\n<ul>\n<li>Sperrholzverst\u00e4rkung an einem Ende der Matratze auf der R\u00fcckseite<\/li>\n<\/ul>\n<\/li>\n<\/ul>\n<p>&nbsp;<\/p>","protected":false},"excerpt":{"rendered":"<p>Schaumstoffmatratze f\u00fcr Tesla Model Y. Diese angenehm weiche Matratze l\u00e4sst Sie in Ihrem Auto wie ein Stein schlafen.<\/p>\n<p>Das faltbare Design erleichtert die Pr\u00e4sentation und Lagerung der Matratze. Die Unterseite der Matratzenteile ist mit Klettverschl\u00fcssen versehen, mit denen sie an mehreren Stellen am Containerboden und am R\u00fcckenlehnenstoff befestigt werden. So bleibt die Matratze an ihrem Platz, auch wenn Sie sich im Schlaf hin und her w\u00e4lzen. Die Matratze hat einen abnehmbaren Stoffbezug.<\/p>\n<p>In der mitgelieferten Aufbewahrungstasche k\u00f6nnen Sie Ihre Matratze verstauen, ohne sich Sorgen machen zu m\u00fcssen, dass sie schmutzig wird, wenn Sie nicht unterwegs sind. Die Tasche passt auch in den vorderen Teil des Autos und unter die Heckklappe, sodass Sie sie zum Transport anderer Gegenst\u00e4nde verwenden k\u00f6nnen.<\/p>\n<p>&nbsp;<\/p>","protected":false},"featured_media":18917,"comment_status":"open","ping_status":"closed","template":"","meta":[],"product_brand":[],"product_cat":[154,455,482,128],"product_tag":[83,310,271,121,502],"class_list":{"0":"post-18753","1":"product","2":"type-product","3":"status-publish","4":"has-post-thumbnail","6":"product_cat-model-y","7":"product_cat-my-tarvikkeet","8":"product_cat-tarvikkeet-sisapuolelle-model-y","9":"product_cat-tesla-tuotteet","10":"product_tag-autotarvikkeet","11":"product_tag-makuualusta","12":"product_tag-model-y","13":"product_tag-tesla","14":"product_tag-vaahtomuovipatja","16":"first","17":"outofstock","18":"taxable","19":"shipping-taxable","20":"purchasable","21":"product-type-simple"},"jetpack_sharing_enabled":true,"_links":{"self":[{"href":"https:\/\/www.vempele.fi\/de\/wp-json\/wp\/v2\/product\/18753","targetHints":{"allow":["GET"]}}],"collection":[{"href":"https:\/\/www.vempele.fi\/de\/wp-json\/wp\/v2\/product"}],"about":[{"href":"https:\/\/www.vempele.fi\/de\/wp-json\/wp\/v2\/types\/product"}],"replies":[{"embeddable":true,"href":"https:\/\/www.vempele.fi\/de\/wp-json\/wp\/v2\/comments?post=18753"}],"wp:featuredmedia":[{"embeddable":true,"href":"https:\/\/www.vempele.fi\/de\/wp-json\/wp\/v2\/media\/18917"}],"wp:attachment":[{"href":"https:\/\/www.vempele.fi\/de\/wp-json\/wp\/v2\/media?parent=18753"}],"wp:term":[{"taxonomy":"product_brand","embeddable":true,"href":"https:\/\/www.vempele.fi\/de\/wp-json\/wp\/v2\/product_brand?post=18753"},{"taxonomy":"product_cat","embeddable":true,"href":"https:\/\/www.vempele.fi\/de\/wp-json\/wp\/v2\/product_cat?post=18753"},{"taxonomy":"product_tag","embeddable":true,"href":"https:\/\/www.vempele.fi\/de\/wp-json\/wp\/v2\/product_tag?post=18753"}],"curies":[{"name":"wp","href":"https:\/\/api.w.org\/{rel}","templated":true}]}}