{"id":18760,"date":"2023-05-08T12:23:57","date_gmt":"2023-05-08T09:23:57","guid":{"rendered":"https:\/\/www.vempele.fi\/?post_type=product&#038;p=18760"},"modified":"2026-04-12T22:26:42","modified_gmt":"2026-04-12T19:26:42","slug":"rucksitzlehnenbezuge-tesla-model-y","status":"publish","type":"product","link":"https:\/\/www.vempele.fi\/de\/tuote\/takapenkin-takaosan-penkinsuojat-tesla-model-y\/","title":{"rendered":"R\u00fcckenlehnenschutz f\u00fcr die R\u00fccksitzbank - Tesla Model Y"},"content":{"rendered":"<p>R\u00fccksitzbank-R\u00fcckenprotektoren - Tesla Model Y. Packung mit drei separaten Protektoren, die zusammen die gesamte R\u00fcckseite des R\u00fccksitzes abdecken.<\/p>\n<p><b>Weitere Informationen:<\/b><\/p>\n<ul>\n<li>Eignung: f\u00fcr Tesla Model Y<\/li>\n<li>Modelljahr: 2021 -&gt;<\/li>\n<li>Material: flexibler Kunststoff<\/li>\n<li>Farbe: schwarz<\/li>\n<\/ul>","protected":false},"excerpt":{"rendered":"<p>R\u00fccksitzlehnenschoner f\u00fcr Tesla Model Y. Die Protektoren sind aus EVA-Kunststoff gefertigt, genau wie unsere sehr beliebten Langstreckenmatten. Dieses Produkt sch\u00fctzt die R\u00fccksitzlehnen vor Schmutz und Abnutzung, wenn Sie die Sitze h\u00e4ufig umklappen und Ihre Sachen auf der R\u00fcckbank transportieren.<\/p>\n<p>Die Protektoren sind optisch perfekt aufeinander abgestimmt <a href=\"https:\/\/www.vempele.fi\/de\/product-2\/tesla-model-y-kofferraum-fernbedienungen\/\" target=\"_blank\" rel=\"noopener\">Modell Y Kofferraum Matin<\/a> mit.<\/p>\n<p>Die Teppiche sind leicht zu reinigen, sogar unter dem Wasserhahn und mit einer leichten B\u00fcrste - Schmutz und Dreck l\u00f6sen sich leicht von der Kunststoffoberfl\u00e4che. Wie die anderen Matten in unserem Sortiment passen diese Matten perfekt und lassen sich einfach einlegen.<\/p>\n<p>Dank des Klettverschlusses l\u00e4sst sich das Produkt schnell anbringen und bei Bedarf auch wieder entfernen.<\/p>","protected":false},"featured_media":18911,"comment_status":"open","ping_status":"closed","template":"","meta":[],"product_brand":[],"product_cat":[408,154,128],"product_tag":[83,411,121,203],"class_list":{"0":"post-18760","1":"product","2":"type-product","3":"status-publish","4":"has-post-thumbnail","6":"product_cat-matot-model-y","7":"product_cat-model-y","8":"product_cat-tesla-tuotteet","9":"product_tag-autotarvikkeet","10":"product_tag-suoja","11":"product_tag-tesla","12":"product_tag-tesla-model-y","14":"first","15":"instock","16":"taxable","17":"shipping-taxable","18":"purchasable","19":"product-type-simple"},"jetpack_sharing_enabled":true,"_links":{"self":[{"href":"https:\/\/www.vempele.fi\/de\/wp-json\/wp\/v2\/product\/18760","targetHints":{"allow":["GET"]}}],"collection":[{"href":"https:\/\/www.vempele.fi\/de\/wp-json\/wp\/v2\/product"}],"about":[{"href":"https:\/\/www.vempele.fi\/de\/wp-json\/wp\/v2\/types\/product"}],"replies":[{"embeddable":true,"href":"https:\/\/www.vempele.fi\/de\/wp-json\/wp\/v2\/comments?post=18760"}],"wp:featuredmedia":[{"embeddable":true,"href":"https:\/\/www.vempele.fi\/de\/wp-json\/wp\/v2\/media\/18911"}],"wp:attachment":[{"href":"https:\/\/www.vempele.fi\/de\/wp-json\/wp\/v2\/media?parent=18760"}],"wp:term":[{"taxonomy":"product_brand","embeddable":true,"href":"https:\/\/www.vempele.fi\/de\/wp-json\/wp\/v2\/product_brand?post=18760"},{"taxonomy":"product_cat","embeddable":true,"href":"https:\/\/www.vempele.fi\/de\/wp-json\/wp\/v2\/product_cat?post=18760"},{"taxonomy":"product_tag","embeddable":true,"href":"https:\/\/www.vempele.fi\/de\/wp-json\/wp\/v2\/product_tag?post=18760"}],"curies":[{"name":"wp","href":"https:\/\/api.w.org\/{rel}","templated":true}]}}