{"id":19098,"date":"2023-05-16T13:00:03","date_gmt":"2023-05-16T10:00:03","guid":{"rendered":"https:\/\/www.vempele.fi\/?post_type=product&#038;p=19098"},"modified":"2026-04-15T12:32:50","modified_gmt":"2026-04-15T09:32:50","slug":"turgriffschutzer-tesla-model-3-y","status":"publish","type":"product","link":"https:\/\/www.vempele.fi\/de\/tuote\/ovien-kahvansuojat-tesla-model-3-y\/","title":{"rendered":"T\u00fcrgriffsch\u00fctzer - Tesla Model 3 \/ Y"},"content":{"rendered":"<p>T\u00fcrgriffsch\u00fctzer - Tesla Model 3 \/ Y<\/p>\n<p>Er l\u00e4sst sich mit dem mitgelieferten doppelseitigen Klebeband leicht befestigen. Denken Sie daran, die Griffe vor dem Anbringen des Produkts gr\u00fcndlich zu reinigen!<br \/>\nDieses Modell ist au\u00dferdem gew\u00f6lbt, um die Kanten leicht zu sch\u00fctzen.<\/p>\n<ul>\n<li>Material: ABS-Kunststoff<\/li>\n<li>Angemessenheit:\n<ul>\n<li>Modell Y 2020 - 2024<\/li>\n<li>Modell Y Juniper 2025 -&gt;<\/li>\n<li>Model 3 Pre-Refresh vm. 2019 - 2021<\/li>\n<li>Modell 3 Auffrischung vm. 2021 - 2023<\/li>\n<li>Modell 3 Highland vm. 2023 -&gt;<\/li>\n<\/ul>\n<\/li>\n<li>Farbe: Mattschwarz \/ Kohlefaser<\/li>\n<li>Verpackungsgr\u00f6\u00dfe: 25 x 6 x 3cm<\/li>\n<li>Menge: 4 St\u00fcck\/Packung<\/li>\n<li>Gewicht: ~25 - 60 g<\/li>\n<li>Name: T\u00fcrgriff Zierleiste f\u00fcr Tesla Model 3 \/ Y<\/li>\n<\/ul>","protected":false},"excerpt":{"rendered":"<p>Hartplastik-Griffabdeckungen in mattschwarz oder mit Karbonfasermuster sch\u00fctzen Ihre Fahrzeuggriffe vor Kratzern und verleihen einen neuen Look! Perfekte Passform f\u00fcr Model 3 und Y.<\/p>\n<p>&nbsp;<\/p>","protected":false},"featured_media":19103,"comment_status":"open","ping_status":"closed","template":"","meta":[],"product_brand":[],"product_cat":[151,154,452,455,481,483,128],"product_tag":[534,156,271,411,121],"class_list":{"0":"post-19098","1":"product","2":"type-product","3":"status-publish","4":"has-post-thumbnail","6":"product_cat-model-3","7":"product_cat-model-y","8":"product_cat-m3-tarvikkeet","9":"product_cat-my-tarvikkeet","10":"product_cat-tarvikkeet-ulkopuolelle-model-3","11":"product_cat-tarvikkeet-ulkopuolelle-model-y","12":"product_cat-tesla-tuotteet","13":"product_tag-kahva","14":"product_tag-model-3","15":"product_tag-model-y","16":"product_tag-suoja","17":"product_tag-tesla","19":"first","20":"instock","21":"taxable","22":"shipping-taxable","23":"purchasable","24":"product-type-variable"},"jetpack_sharing_enabled":true,"_links":{"self":[{"href":"https:\/\/www.vempele.fi\/de\/wp-json\/wp\/v2\/product\/19098","targetHints":{"allow":["GET"]}}],"collection":[{"href":"https:\/\/www.vempele.fi\/de\/wp-json\/wp\/v2\/product"}],"about":[{"href":"https:\/\/www.vempele.fi\/de\/wp-json\/wp\/v2\/types\/product"}],"replies":[{"embeddable":true,"href":"https:\/\/www.vempele.fi\/de\/wp-json\/wp\/v2\/comments?post=19098"}],"wp:featuredmedia":[{"embeddable":true,"href":"https:\/\/www.vempele.fi\/de\/wp-json\/wp\/v2\/media\/19103"}],"wp:attachment":[{"href":"https:\/\/www.vempele.fi\/de\/wp-json\/wp\/v2\/media?parent=19098"}],"wp:term":[{"taxonomy":"product_brand","embeddable":true,"href":"https:\/\/www.vempele.fi\/de\/wp-json\/wp\/v2\/product_brand?post=19098"},{"taxonomy":"product_cat","embeddable":true,"href":"https:\/\/www.vempele.fi\/de\/wp-json\/wp\/v2\/product_cat?post=19098"},{"taxonomy":"product_tag","embeddable":true,"href":"https:\/\/www.vempele.fi\/de\/wp-json\/wp\/v2\/product_tag?post=19098"}],"curies":[{"name":"wp","href":"https:\/\/api.w.org\/{rel}","templated":true}]}}