{"id":19283,"date":"2023-05-24T08:40:36","date_gmt":"2023-05-24T05:40:36","guid":{"rendered":"https:\/\/www.vempele.fi\/?post_type=product&#038;p=19283"},"modified":"2026-01-20T21:46:57","modified_gmt":"2026-01-20T19:46:57","slug":"turgriffschutzetiketten-fluoreszierend-tesla-model-3-y","status":"publish","type":"product","link":"https:\/\/www.vempele.fi\/de\/tuote\/ovien-kahvansuojatarrat-fluorisoiva-tesla-model-3-y\/","title":{"rendered":"Phosphorisierte T\u00fcrgriffschutzaufkleber - Tesla Model 3 \/ Y"},"content":{"rendered":"<p>Phosphorisierte T\u00fcrgriffschutzaufkleber - Tesla Model 3 \/ Y.<\/p>\n<ul>\n<li>Material: flexibler Kunststoff<\/li>\n<li>Angemessenheit:\n<ul>\n<li>Modell Y 2020 - 2024<\/li>\n<li>Modell Y Juniper 2025 -&gt;<\/li>\n<li>Model 3 Pre-Refresh vm. 2019 - 2021<\/li>\n<li>Modell 3 Auffrischung vm. 2021 - 2023<\/li>\n<li>Modell 3 Highland vm. 2023 -&gt;<\/li>\n<\/ul>\n<\/li>\n<li>Verpackungsgr\u00f6\u00dfe: 24 x 8 x 0,5 cm<\/li>\n<li>Menge: 4 St\u00fcck\/Packung<\/li>\n<li>Gewicht: ~25 g<\/li>\n<\/ul>","protected":false},"excerpt":{"rendered":"<p>Weiche gl\u00e4nzende Griffschutzaufkleber mit Phosphoreszenz sch\u00fctzen Ihre Autogriffe vor Kratzern und versch\u00f6nern das Aussehen Ihres Autos! Perfekt geeignet f\u00fcr Tesla Model 3 und Model Y.<\/p>\n<p>Die Aufkleber lassen sich dank der guten Klebefl\u00e4che leicht anbringen. Denken Sie daran, die Griffe vor dem Anbringen des Produkts gr\u00fcndlich zu reinigen!<\/p>\n<p>&nbsp;<\/p>","protected":false},"featured_media":41474,"comment_status":"open","ping_status":"closed","template":"","meta":[],"product_brand":[],"product_cat":[151,154,452,455,481,483,128],"product_tag":[534,156,271,411,121],"class_list":{"0":"post-19283","1":"product","2":"type-product","3":"status-publish","4":"has-post-thumbnail","6":"product_cat-model-3","7":"product_cat-model-y","8":"product_cat-m3-tarvikkeet","9":"product_cat-my-tarvikkeet","10":"product_cat-tarvikkeet-ulkopuolelle-model-3","11":"product_cat-tarvikkeet-ulkopuolelle-model-y","12":"product_cat-tesla-tuotteet","13":"product_tag-kahva","14":"product_tag-model-3","15":"product_tag-model-y","16":"product_tag-suoja","17":"product_tag-tesla","19":"first","20":"instock","21":"taxable","22":"shipping-taxable","23":"purchasable","24":"product-type-simple"},"jetpack_sharing_enabled":true,"_links":{"self":[{"href":"https:\/\/www.vempele.fi\/de\/wp-json\/wp\/v2\/product\/19283","targetHints":{"allow":["GET"]}}],"collection":[{"href":"https:\/\/www.vempele.fi\/de\/wp-json\/wp\/v2\/product"}],"about":[{"href":"https:\/\/www.vempele.fi\/de\/wp-json\/wp\/v2\/types\/product"}],"replies":[{"embeddable":true,"href":"https:\/\/www.vempele.fi\/de\/wp-json\/wp\/v2\/comments?post=19283"}],"wp:featuredmedia":[{"embeddable":true,"href":"https:\/\/www.vempele.fi\/de\/wp-json\/wp\/v2\/media\/41474"}],"wp:attachment":[{"href":"https:\/\/www.vempele.fi\/de\/wp-json\/wp\/v2\/media?parent=19283"}],"wp:term":[{"taxonomy":"product_brand","embeddable":true,"href":"https:\/\/www.vempele.fi\/de\/wp-json\/wp\/v2\/product_brand?post=19283"},{"taxonomy":"product_cat","embeddable":true,"href":"https:\/\/www.vempele.fi\/de\/wp-json\/wp\/v2\/product_cat?post=19283"},{"taxonomy":"product_tag","embeddable":true,"href":"https:\/\/www.vempele.fi\/de\/wp-json\/wp\/v2\/product_tag?post=19283"}],"curies":[{"name":"wp","href":"https:\/\/api.w.org\/{rel}","templated":true}]}}