{"id":19433,"date":"2023-05-25T11:15:52","date_gmt":"2023-05-25T08:15:52","guid":{"rendered":"https:\/\/www.vempele.fi\/?post_type=product&#038;p=19433"},"modified":"2026-04-17T08:13:27","modified_gmt":"2026-04-17T05:13:27","slug":"lackreparatur-tesla","status":"publish","type":"product","link":"https:\/\/www.vempele.fi\/de\/tuote\/maalinkorjauskyna-tesla\/","title":{"rendered":"Farbkorrekturstift - Tesla"},"content":{"rendered":"<p>Praktischer Haushaltsmalstift mit Tesla-Farbcodes.<\/p>\n<p><strong>Technische Merkmale<\/strong><\/p>\n<p>Ausbesserungs-Acrylbindemittel und -pasten sind ausgezeichnete Autoreparaturlacke in Erstausr\u00fcsterqualit\u00e4t. Touch-up bietet eine sehr schnelle Trocknungszeit, gl\u00e4nzende und abriebfeste Oberfl\u00e4che.<\/p>\n<ul>\n<li>Die fertige Oberfl\u00e4che ist best\u00e4ndig gegen L\u00f6sungsmittel wie Benzin und Terpentin<\/li>\n<li>Die Beschichtung ist sehr hart und bietet einen hervorragenden Schutz gegen Abrieb und Steinschlag.<\/li>\n<\/ul>\n<p><strong>Weitere Informationen<\/strong><\/p>\n<ul>\n<li>Gewicht: ~35 g<\/li>\n<li>Menge der Farbe: 12 ml<\/li>\n<li>Hersteller: the Maston<\/li>\n<li>Herstellungsland: Finnland<\/li>\n<li><a href=\"https:\/\/www.vempele.fi\/wp-content\/uploads\/2023\/05\/Touch-up-kayttoturvatiedote-fi.pdf\" target=\"_blank\" rel=\"noopener\">Sicherheitsbulletin<\/a><\/li>\n<li><a href=\"https:\/\/www.vempele.fi\/wp-content\/uploads\/2023\/05\/Touch-up-kayttoturvatiedote-en.pdf\" target=\"_blank\" rel=\"noopener\">Sicherheitsdatenblatt<\/a> (de)<\/li>\n<li>Name: Lackreparaturstift f\u00fcr Tesla-Farben<\/li>\n<\/ul>","protected":false},"excerpt":{"rendered":"<p>Ist die Motorhaube voller Kieselsteine? Kein Grund zur Sorge! Mit dem einfach zu bedienenden Touch-Up-Stift k\u00f6nnen Sie selbst die gr\u00f6\u00dften Steinchen und Kratzer verbergen.<\/p>\n<p>Die Flasche enth\u00e4lt 12 ml Farbe. Die Farboptionen sind nach Tesla-Farbcodes hergestellt. Die Farbe l\u00e4sst sich dank des Dual-Action-Verschlusses sowohl auf kleine als auch auf gro\u00dfe Treffer leicht auftragen. Die Kappe hat einen nadelkopfgro\u00dfen Applikator zum Ausbessern von kleinen Treffern und einen Pinselkopf-Applikator zum Abdecken einer gr\u00f6\u00dferen Fl\u00e4che.<\/p>\n<p>Verf\u00fcgbare Farboptionen:<\/p>\n<ul>\n<li>PPSW - Perlwei\u00df<\/li>\n<li>PMNG - Mitternachtssilber<\/li>\n<li>PPSB - Tiefblau Metallic<\/li>\n<li>PBSB - Massiv Schwarz<\/li>\n<li>PPMR, PMMR - Rote Mehrschichtlackierung<\/li>\n<li>PN00 - Quecksilber<\/li>\n<\/ul>\n<p>Der Farbcode befindet sich auf dem Aufkleber an der B-S\u00e4ule der Fahrerseite. Siehe das zweite Produktbild f\u00fcr eine genauere Positionierung.<\/p>\n<p><iframe loading=\"lazy\" title=\"YouTube-Video-Player\" src=\"https:\/\/www.youtube.com\/embed\/_glzhUsuXeQ\" width=\"260\" height=\"150\" frameborder=\"0\" allowfullscreen=\"allowfullscreen\"><\/iframe><\/p>","protected":false},"featured_media":19441,"comment_status":"open","ping_status":"closed","template":"","meta":[],"product_brand":[],"product_cat":[151,152,153,154,452,453,454,455,481,484,486,483,128],"product_tag":[83,509,510,156,172,173,271,121],"class_list":{"0":"post-19433","1":"product","2":"type-product","3":"status-publish","4":"has-post-thumbnail","6":"product_cat-model-3","7":"product_cat-model-s","8":"product_cat-model-x","9":"product_cat-model-y","10":"product_cat-m3-tarvikkeet","11":"product_cat-ms-tarvikkeet","12":"product_cat-mx-tarvikkeet","13":"product_cat-my-tarvikkeet","14":"product_cat-tarvikkeet-ulkopuolelle-model-3","15":"product_cat-tarvikkeet-ulkopuolelle-model-s","16":"product_cat-tarvikkeet-ulkopuolelle-model-x","17":"product_cat-tarvikkeet-ulkopuolelle-model-y","18":"product_cat-tesla-tuotteet","19":"product_tag-autotarvikkeet","20":"product_tag-korjausmaali","21":"product_tag-maalinpaikkauskyna","22":"product_tag-model-3","23":"product_tag-model-s","24":"product_tag-model-x","25":"product_tag-model-y","26":"product_tag-tesla","28":"first","29":"instock","30":"taxable","31":"shipping-taxable","32":"purchasable","33":"product-type-variable"},"jetpack_sharing_enabled":true,"_links":{"self":[{"href":"https:\/\/www.vempele.fi\/de\/wp-json\/wp\/v2\/product\/19433","targetHints":{"allow":["GET"]}}],"collection":[{"href":"https:\/\/www.vempele.fi\/de\/wp-json\/wp\/v2\/product"}],"about":[{"href":"https:\/\/www.vempele.fi\/de\/wp-json\/wp\/v2\/types\/product"}],"replies":[{"embeddable":true,"href":"https:\/\/www.vempele.fi\/de\/wp-json\/wp\/v2\/comments?post=19433"}],"wp:featuredmedia":[{"embeddable":true,"href":"https:\/\/www.vempele.fi\/de\/wp-json\/wp\/v2\/media\/19441"}],"wp:attachment":[{"href":"https:\/\/www.vempele.fi\/de\/wp-json\/wp\/v2\/media?parent=19433"}],"wp:term":[{"taxonomy":"product_brand","embeddable":true,"href":"https:\/\/www.vempele.fi\/de\/wp-json\/wp\/v2\/product_brand?post=19433"},{"taxonomy":"product_cat","embeddable":true,"href":"https:\/\/www.vempele.fi\/de\/wp-json\/wp\/v2\/product_cat?post=19433"},{"taxonomy":"product_tag","embeddable":true,"href":"https:\/\/www.vempele.fi\/de\/wp-json\/wp\/v2\/product_tag?post=19433"}],"curies":[{"name":"wp","href":"https:\/\/api.w.org\/{rel}","templated":true}]}}