{"id":19651,"date":"2023-05-31T09:27:51","date_gmt":"2023-05-31T06:27:51","guid":{"rendered":"https:\/\/www.vempele.fi\/?post_type=product&#038;p=19651"},"modified":"2026-03-24T21:51:04","modified_gmt":"2026-03-24T19:51:04","slug":"tesla-model-s-2022-eva-telematics","status":"publish","type":"product","link":"https:\/\/www.vempele.fi\/de\/tuote\/tesla-model-s-2022-eva-kaukalomatot\/","title":{"rendered":"Tesla Model S 2022-&gt; EVA schl\u00fcsselloser Zugang"},"content":{"rendered":"<p>Strapazierf\u00e4hige EVA-Fernbedienungsmatten f\u00fcr Tesla Model S<\/p>\n<p>Drei Matten in der Packung:<br \/>\n1 x F\u00fcr den Fahrer<br \/>\n1 x Repsikalle<br \/>\n1x Einzelner Teppich auf dem Boden der R\u00fcckbank<\/p>\n<p><b>Weitere Informationen:<\/b><\/p>\n<ul>\n<li>Material: flexibler Kunststoff<\/li>\n<li>Farbe: Schwarz<\/li>\n<li>Passend f\u00fcr: Model S 2022-&gt; vorw\u00e4rts<\/li>\n<li>Name: Tesla Model S EVA Fu\u00dfmatten (2022-&gt;)<\/li>\n<\/ul>","protected":false},"excerpt":{"rendered":"<p>EVA-Matten f\u00fcr alle f\u00fcnf Sitze im Fu\u00dfraum des Tesla Model S. Die Matten bestehen aus geschlossenzelligem, halbstarrem Kunststoff, der die Vorteile von Flexibilit\u00e4t, Weichheit, guter Witterungsbest\u00e4ndigkeit und chemischer Best\u00e4ndigkeit unter verschiedenen Wetterbedingungen hat. Die Matten sind leicht zu reinigen, sogar unter dem Wasserhahn mit einer leichten B\u00fcrste - Schmutz und Dreck l\u00f6sen sich leicht von der Kunststoffoberfl\u00e4che. Wie die anderen Matten unseres Sortiments sind auch diese Matten formschl\u00fcssig, d. h. sie lassen sich im Handumdrehen anbringen. Dank der schmalen R\u00e4nder bleibt das Schmelzwasser auf der Matte und kann bei Bedarf einfach abgegossen werden.<\/p>\n<p>EVA-H\u00e4ngematten sind die beliebtesten Eink\u00e4ufe unserer Kunden im Vempele-Onlineshop.<\/p>\n<p>Hinweis! Je nach Charge kann das Oberfl\u00e4chenmuster und das Design der Teppiche leicht von der Produktabbildung abweichen.<\/p>","protected":false},"featured_media":19675,"comment_status":"open","ping_status":"closed","template":"","meta":[],"product_brand":[],"product_cat":[512,152,485,128],"product_tag":[83,206,513,172,121],"class_list":{"0":"post-19651","1":"product","2":"type-product","3":"status-publish","4":"has-post-thumbnail","6":"product_cat-matot-model-s","7":"product_cat-model-s","8":"product_cat-tarvikkeet-sisapuolelle-model-s","9":"product_cat-tesla-tuotteet","10":"product_tag-autotarvikkeet","11":"product_tag-eva","12":"product_tag-kaukalomatot","13":"product_tag-model-s","14":"product_tag-tesla","16":"first","17":"instock","18":"taxable","19":"shipping-taxable","20":"purchasable","21":"product-type-simple"},"jetpack_sharing_enabled":true,"_links":{"self":[{"href":"https:\/\/www.vempele.fi\/de\/wp-json\/wp\/v2\/product\/19651","targetHints":{"allow":["GET"]}}],"collection":[{"href":"https:\/\/www.vempele.fi\/de\/wp-json\/wp\/v2\/product"}],"about":[{"href":"https:\/\/www.vempele.fi\/de\/wp-json\/wp\/v2\/types\/product"}],"replies":[{"embeddable":true,"href":"https:\/\/www.vempele.fi\/de\/wp-json\/wp\/v2\/comments?post=19651"}],"wp:featuredmedia":[{"embeddable":true,"href":"https:\/\/www.vempele.fi\/de\/wp-json\/wp\/v2\/media\/19675"}],"wp:attachment":[{"href":"https:\/\/www.vempele.fi\/de\/wp-json\/wp\/v2\/media?parent=19651"}],"wp:term":[{"taxonomy":"product_brand","embeddable":true,"href":"https:\/\/www.vempele.fi\/de\/wp-json\/wp\/v2\/product_brand?post=19651"},{"taxonomy":"product_cat","embeddable":true,"href":"https:\/\/www.vempele.fi\/de\/wp-json\/wp\/v2\/product_cat?post=19651"},{"taxonomy":"product_tag","embeddable":true,"href":"https:\/\/www.vempele.fi\/de\/wp-json\/wp\/v2\/product_tag?post=19651"}],"curies":[{"name":"wp","href":"https:\/\/api.w.org\/{rel}","templated":true}]}}