{"id":19722,"date":"2023-06-01T13:54:03","date_gmt":"2023-06-01T10:54:03","guid":{"rendered":"https:\/\/www.vempele.fi\/?post_type=product&#038;p=19722"},"modified":"2026-04-10T22:23:14","modified_gmt":"2026-04-10T19:23:14","slug":"tesla-model-s-2022-kofferraum-eva-telematics","status":"publish","type":"product","link":"https:\/\/www.vempele.fi\/de\/tuote\/tesla-model-s-2022-frunk-trunk-eva-kaukalomatot\/","title":{"rendered":"Tesla Model S 2022-&gt; Frunk\/Trunk EVA Fernbedienungen"},"content":{"rendered":"<p>Tesla Model S Fernbedienungen im vorderen und hinteren Kofferraum.<\/p>\n<p>Teppichboden-Optionen zur Auswahl:<\/p>\n<ul>\n<li>Frontboxmatte (Frontboxmatte)<\/li>\n<li>Kleine Kofferraummatte (Kofferraummatte)<\/li>\n<li>Gro\u00dfe, fl\u00e4chendeckende Kofferraummatte (Trunk Mat)<\/li>\n<\/ul>\n<p><b>Weitere Informationen<\/b><\/p>\n<p>Material: flexibler Kunststoff<br \/>\nFarbe: Schwarz<br \/>\nEignung: f\u00fcr Tesla Model S ab vm.2022<\/p>","protected":false},"excerpt":{"rendered":"<p>Wirklich hohe Qualit\u00e4t EVA-Automatten f\u00fcr Auto Lagerung. Die Matten passen perfekt in den Tesla Model S.<\/p>\n<p>Wenn Sie nasses Ladezubeh\u00f6r und z. B. nasse oder schlammige Schuhe\/Kleidung im Kofferraum Ihres Autos transportieren, ist eine Trolley-Matte eine sinnvolle Anschaffung. Wasserfeste Trolley-Matten halten Schlamm und Wasser fern. Und sie sind viel einfacher zu reinigen und zu trocknen als die Polsterung Ihres Autos.<\/p>\n<p>Der gro\u00dfe Kofferraumteppich l\u00e4sst sich umklappen und erm\u00f6glicht so einen einfachen Zugang zum kleinen Zubeh\u00f6rfach im Kofferraum.<\/p>\n<p>Bitte pr\u00fcfen Sie vor dem Kauf die Eignung f\u00fcr Ihr Fahrzeug.<\/p>\n<p>Das Paket enth\u00e4lt die Matte, die Sie aus dem unten stehenden Men\u00fc ausw\u00e4hlen.<\/p>","protected":false},"featured_media":19726,"comment_status":"open","ping_status":"closed","template":"","meta":[],"product_brand":[],"product_cat":[512,152,485,128],"product_tag":[83,206,304,172,121],"class_list":{"0":"post-19722","1":"product","2":"type-product","3":"status-publish","4":"has-post-thumbnail","6":"product_cat-matot-model-s","7":"product_cat-model-s","8":"product_cat-tarvikkeet-sisapuolelle-model-s","9":"product_cat-tesla-tuotteet","10":"product_tag-autotarvikkeet","11":"product_tag-eva","12":"product_tag-kaukalomatto","13":"product_tag-model-s","14":"product_tag-tesla","15":"product_shipping_class-nouto","17":"first","18":"instock","19":"taxable","20":"shipping-taxable","21":"purchasable","22":"product-type-variable"},"jetpack_sharing_enabled":true,"_links":{"self":[{"href":"https:\/\/www.vempele.fi\/de\/wp-json\/wp\/v2\/product\/19722","targetHints":{"allow":["GET"]}}],"collection":[{"href":"https:\/\/www.vempele.fi\/de\/wp-json\/wp\/v2\/product"}],"about":[{"href":"https:\/\/www.vempele.fi\/de\/wp-json\/wp\/v2\/types\/product"}],"replies":[{"embeddable":true,"href":"https:\/\/www.vempele.fi\/de\/wp-json\/wp\/v2\/comments?post=19722"}],"wp:featuredmedia":[{"embeddable":true,"href":"https:\/\/www.vempele.fi\/de\/wp-json\/wp\/v2\/media\/19726"}],"wp:attachment":[{"href":"https:\/\/www.vempele.fi\/de\/wp-json\/wp\/v2\/media?parent=19722"}],"wp:term":[{"taxonomy":"product_brand","embeddable":true,"href":"https:\/\/www.vempele.fi\/de\/wp-json\/wp\/v2\/product_brand?post=19722"},{"taxonomy":"product_cat","embeddable":true,"href":"https:\/\/www.vempele.fi\/de\/wp-json\/wp\/v2\/product_cat?post=19722"},{"taxonomy":"product_tag","embeddable":true,"href":"https:\/\/www.vempele.fi\/de\/wp-json\/wp\/v2\/product_tag?post=19722"}],"curies":[{"name":"wp","href":"https:\/\/api.w.org\/{rel}","templated":true}]}}