{"id":19753,"date":"2023-06-01T15:14:24","date_gmt":"2023-06-01T12:14:24","guid":{"rendered":"https:\/\/www.vempele.fi\/?post_type=product&#038;p=19753"},"modified":"2026-03-11T08:41:35","modified_gmt":"2026-03-11T06:41:35","slug":"tesla-model-x-2022-eva-telematten-6-sitze","status":"publish","type":"product","link":"https:\/\/www.vempele.fi\/de\/tuote\/tesla-model-x-2022-eva-kaukalomatot-6-paikkainen\/","title":{"rendered":"Tesla Model X 2022-&gt; EVA Fernsteuerung, 6 Sitze"},"content":{"rendered":"<p>Strapazierf\u00e4hige EVA-Fu\u00dfmatten f\u00fcr Tesla Model X<\/p>\n<p>Packung mit vier Matten:<br \/>\n1 x F\u00fcr den Fahrer<br \/>\n1 x Repsikalle<br \/>\n2x auf dem Boden der R\u00fccksitze<\/p>\n<p><b>Weitere Informationen:<\/b><\/p>\n<ul>\n<li>Material: flexibler Kunststoff<\/li>\n<li>Farbe: Schwarz<\/li>\n<li>Passend f\u00fcr: Model X 2022-&gt; vorw\u00e4rts<\/li>\n<\/ul>","protected":false},"excerpt":{"rendered":"<p>EVA-Matten f\u00fcr den Beinraum f\u00fcr alle sechs Sitze im Tesla Model X. Die Matten bestehen aus einem geschlossenzelligen, halbstarren Kunststoff mit den Vorteilen von Flexibilit\u00e4t, Weichheit, guter Witterungs- und Chemikalienbest\u00e4ndigkeit bei verschiedenen Wetterbedingungen. Die Matten sind leicht zu reinigen, sogar unter dem Wasserhahn und mit einer leichten B\u00fcrste - Schmutz und Dreck l\u00f6sen sich leicht von der Kunststoffoberfl\u00e4che. Wie die anderen Matten unseres Sortiments sind auch diese Matten formschl\u00fcssig, d. h. sie lassen sich im Handumdrehen anbringen. Dank der schmalen R\u00e4nder bleibt das Schmelzwasser auf der Matte und kann bei Bedarf einfach abgegossen werden.<\/p>\n<p>EVA-H\u00e4ngematten sind die beliebtesten Eink\u00e4ufe unserer Kunden im Vempele-Onlineshop.<\/p>\n<p>Hinweis! Je nach Charge kann das Oberfl\u00e4chenmuster und das Design der Teppiche leicht von der Produktabbildung abweichen.<\/p>\n<p><strong>Nur f\u00fcr 6 Sitze geeignet!<\/strong><\/p>","protected":false},"featured_media":19835,"comment_status":"open","ping_status":"closed","template":"","meta":[],"product_brand":[],"product_cat":[514,153,487,128],"product_tag":[83,206,513,173,121],"class_list":{"0":"post-19753","1":"product","2":"type-product","3":"status-publish","4":"has-post-thumbnail","6":"product_cat-model-x-matot","7":"product_cat-model-x","8":"product_cat-tarvikkeet-sisapuolelle-model-x","9":"product_cat-tesla-tuotteet","10":"product_tag-autotarvikkeet","11":"product_tag-eva","12":"product_tag-kaukalomatot","13":"product_tag-model-x","14":"product_tag-tesla","16":"first","17":"instock","18":"taxable","19":"shipping-taxable","20":"purchasable","21":"product-type-simple"},"jetpack_sharing_enabled":true,"_links":{"self":[{"href":"https:\/\/www.vempele.fi\/de\/wp-json\/wp\/v2\/product\/19753","targetHints":{"allow":["GET"]}}],"collection":[{"href":"https:\/\/www.vempele.fi\/de\/wp-json\/wp\/v2\/product"}],"about":[{"href":"https:\/\/www.vempele.fi\/de\/wp-json\/wp\/v2\/types\/product"}],"replies":[{"embeddable":true,"href":"https:\/\/www.vempele.fi\/de\/wp-json\/wp\/v2\/comments?post=19753"}],"wp:featuredmedia":[{"embeddable":true,"href":"https:\/\/www.vempele.fi\/de\/wp-json\/wp\/v2\/media\/19835"}],"wp:attachment":[{"href":"https:\/\/www.vempele.fi\/de\/wp-json\/wp\/v2\/media?parent=19753"}],"wp:term":[{"taxonomy":"product_brand","embeddable":true,"href":"https:\/\/www.vempele.fi\/de\/wp-json\/wp\/v2\/product_brand?post=19753"},{"taxonomy":"product_cat","embeddable":true,"href":"https:\/\/www.vempele.fi\/de\/wp-json\/wp\/v2\/product_cat?post=19753"},{"taxonomy":"product_tag","embeddable":true,"href":"https:\/\/www.vempele.fi\/de\/wp-json\/wp\/v2\/product_tag?post=19753"}],"curies":[{"name":"wp","href":"https:\/\/api.w.org\/{rel}","templated":true}]}}