{"id":19856,"date":"2023-06-06T15:06:00","date_gmt":"2023-06-06T12:06:00","guid":{"rendered":"https:\/\/www.vempele.fi\/?post_type=product&#038;p=19856"},"modified":"2026-03-11T08:41:39","modified_gmt":"2026-03-11T06:41:39","slug":"tesla-model-x-2022-kofferraum-eva-telematics","status":"publish","type":"product","link":"https:\/\/www.vempele.fi\/de\/tuote\/tesla-model-x-2022-frunk-trunk-eva-kaukalomatot\/","title":{"rendered":"Tesla Model X 2022-&gt; Kofferraum \/ Trunk EVA Fernbedienungen"},"content":{"rendered":"<p>Tesla Model X 2022-&gt; Kofferraum \/ Trunk EVA-Fernbedienungen f\u00fcr den vorderen und hinteren Kofferraum.<\/p>\n<p>Teppichboden-Optionen zur Auswahl:<\/p>\n<ul>\n<li>Frontboxmatte (Frontboxmatte)<\/li>\n<li>Kleine Kofferraummatte (Kofferraummatte)<\/li>\n<li>Kofferraummatte (Trunk Mat) zur Abdeckung des Kofferraums<\/li>\n<\/ul>\n<p><b>Weitere Informationen<\/b><\/p>\n<p>Material: flexibler Kunststoff<br \/>\nFarbe: Schwarz<br \/>\nEignung: f\u00fcr Tesla Model X vm. 2022 aufw\u00e4rts<br \/>\nHerstellungsland: China<\/p>","protected":false},"excerpt":{"rendered":"<p>Wirklich hohe Qualit\u00e4t EVA-Automatten f\u00fcr Auto Lagerung. Die Matten passen perfekt in den Tesla Model X.<\/p>\n<p>Wenn Sie nasses Ladezubeh\u00f6r und z. B. nasse oder schlammige Schuhe\/Kleidung im Kofferraum Ihres Autos transportieren, ist eine Trolley-Matte eine sinnvolle Anschaffung. Wasserfeste Trolley-Matten halten Schlamm und Wasser fern. Und sie sind viel einfacher zu reinigen und zu trocknen als die Polsterung Ihres Autos.<\/p>\n<p>Bitte pr\u00fcfen Sie vor dem Kauf die Eignung f\u00fcr Ihr Fahrzeug.<\/p>\n<p>Das Paket enth\u00e4lt die Matte, die Sie aus dem unten stehenden Men\u00fc ausw\u00e4hlen.<\/p>","protected":false},"featured_media":19885,"comment_status":"open","ping_status":"closed","template":"","meta":[],"product_brand":[],"product_cat":[514,153,487,128],"product_tag":[83,206,304,173,121],"class_list":{"0":"post-19856","1":"product","2":"type-product","3":"status-publish","4":"has-post-thumbnail","6":"product_cat-model-x-matot","7":"product_cat-model-x","8":"product_cat-tarvikkeet-sisapuolelle-model-x","9":"product_cat-tesla-tuotteet","10":"product_tag-autotarvikkeet","11":"product_tag-eva","12":"product_tag-kaukalomatto","13":"product_tag-model-x","14":"product_tag-tesla","15":"product_shipping_class-nouto","17":"first","18":"instock","19":"taxable","20":"shipping-taxable","21":"purchasable","22":"product-type-variable"},"jetpack_sharing_enabled":true,"_links":{"self":[{"href":"https:\/\/www.vempele.fi\/de\/wp-json\/wp\/v2\/product\/19856","targetHints":{"allow":["GET"]}}],"collection":[{"href":"https:\/\/www.vempele.fi\/de\/wp-json\/wp\/v2\/product"}],"about":[{"href":"https:\/\/www.vempele.fi\/de\/wp-json\/wp\/v2\/types\/product"}],"replies":[{"embeddable":true,"href":"https:\/\/www.vempele.fi\/de\/wp-json\/wp\/v2\/comments?post=19856"}],"wp:featuredmedia":[{"embeddable":true,"href":"https:\/\/www.vempele.fi\/de\/wp-json\/wp\/v2\/media\/19885"}],"wp:attachment":[{"href":"https:\/\/www.vempele.fi\/de\/wp-json\/wp\/v2\/media?parent=19856"}],"wp:term":[{"taxonomy":"product_brand","embeddable":true,"href":"https:\/\/www.vempele.fi\/de\/wp-json\/wp\/v2\/product_brand?post=19856"},{"taxonomy":"product_cat","embeddable":true,"href":"https:\/\/www.vempele.fi\/de\/wp-json\/wp\/v2\/product_cat?post=19856"},{"taxonomy":"product_tag","embeddable":true,"href":"https:\/\/www.vempele.fi\/de\/wp-json\/wp\/v2\/product_tag?post=19856"}],"curies":[{"name":"wp","href":"https:\/\/api.w.org\/{rel}","templated":true}]}}