{"id":20044,"date":"2023-06-15T13:21:26","date_gmt":"2023-06-15T10:21:26","guid":{"rendered":"https:\/\/www.vempele.fi\/?post_type=product&#038;p=20044"},"modified":"2026-04-15T22:06:54","modified_gmt":"2026-04-15T19:06:54","slug":"hud-naytto-tesla-model-3-y","status":"publish","type":"product","link":"https:\/\/www.vempele.fi\/de\/tuote\/hud-naytto-tesla-model-3-y\/","title":{"rendered":"HUD-Anzeige - Tesla Model 3 \/ Y"},"content":{"rendered":"<p>Kann auch in Verbindung mit einem OBD-Adapter verwendet werden, aber es kann unter dem sch\u00fctzenden Kunststoff, wo sich der Stecker befindet, eng werden.<\/p>\n<p>Sie k\u00f6nnen die finnische Installationsanleitung herunterladen <a href=\"https:\/\/www.vempele.fi\/wp-content\/uploads\/2023\/06\/Yonzee-HUD-asennusohje.pdf\" target=\"_blank\" rel=\"noopener\">Hier.<\/a><br \/>\nSie k\u00f6nnen das Firmware-Update f\u00fcr Tesla-Software ab Version 2024.8 herunterladen <a href=\"https:\/\/www.vempele.fi\/wp-content\/uploads\/2024\/05\/HUD-24.8-FW.zip\">Hier.<\/a><\/p>\n<p>Das Produkt ist mit dem CAN-Bus von Tesla verbunden, daher ist Vempele nicht f\u00fcr \u00c4nderungen im Betrieb des Ger\u00e4ts verantwortlich, die durch Software-Updates des Fahrzeugs verursacht werden.<\/p>\n<ul>\n<li>Marke: Yonzee<\/li>\n<li>Werkstoff: ABS<\/li>\n<li>Farbe: Schwarz<\/li>\n<li>Gr\u00f6\u00dfe: ca. 80mm x 19mm x 16mm<\/li>\n<li>Angemessenheit:\n<ul>\n<li>Modell Y 2021 - 2024<\/li>\n<li>Model 3 Vorauffrischung 2019 - 2021<\/li>\n<li>Model 3 Auffrischung 2021 - 2023<\/li>\n<\/ul>\n<\/li>\n<\/ul>\n<div style=\"width: 980px;\" class=\"wp-video\"><video class=\"wp-video-shortcode\" id=\"video-20044-1\" width=\"980\" height=\"551\" preload=\"metadata\" controls=\"controls\"><source type=\"video\/mp4\" src=\"https:\/\/www.vempele.fi\/wp-content\/uploads\/2023\/06\/video.mp4?_=1\" \/><a href=\"https:\/\/www.vempele.fi\/wp-content\/uploads\/2023\/06\/video.mp4\">https:\/\/www.vempele.fi\/wp-content\/uploads\/2023\/06\/video.mp4<\/a><\/video><\/div>","protected":false},"excerpt":{"rendered":"<p>Ein praktisches, kleines HUD macht es einfach, Ihre Geschwindigkeit zu \u00fcberpr\u00fcfen.<\/p>\n<p>Neben der Geschwindigkeit zeigt das Display auch den eingelegten Gang, die Blinker, das Licht der Feststellbremse, das Licht der Scheinwerfer, die T\u00fcrkontrollleuchte und die Warnleuchte f\u00fcr eine schwache Batterie an. Im Stand zeigt das Display den verbleibenden Kilometerstand an.<\/p>\n<p>Das Produkt ist relativ leicht und einfach zu installieren, mit nur ein paar leicht entfernbaren Plastikteilen, um das Bildschirmkabel vom Armaturenbrett zur R\u00fcckseite der Mittelkonsole zu bringen. Sehen Sie sich das Video unten an!<\/p>\n<p>Das Display ist hell und gut ablesbar, auch bei strahlendem Sonnenschein.<\/p>\n<p><strong>Achtung!<\/strong><br \/>\nMit der Fahrzeugsoftware Version 2024.8 haben sich einige CAN-Botschaften ge\u00e4ndert, so dass die Anzeige auf dem Produktdisplay st\u00e4ndig nach links blinkt. Die Anzeige von Geschwindigkeit und Restkilometerstand funktioniert normal.<br \/>\nEin Update wurde vom Hersteller zur Verf\u00fcgung gestellt und kann heruntergeladen werden<a href=\"https:\/\/www.vempele.fi\/wp-content\/uploads\/2024\/05\/HUD-24.8-FW.zip\"> Hier.<\/a><\/p>","protected":false},"featured_media":20045,"comment_status":"open","ping_status":"closed","template":"","meta":[],"product_brand":[],"product_cat":[151,154,452,455,480,482,128],"product_tag":[532,156,533,157,121],"class_list":{"0":"post-20044","1":"product","2":"type-product","3":"status-publish","4":"has-post-thumbnail","6":"product_cat-model-3","7":"product_cat-model-y","8":"product_cat-m3-tarvikkeet","9":"product_cat-my-tarvikkeet","10":"product_cat-tarvikkeet-sisapuolelle-model-3","11":"product_cat-tarvikkeet-sisapuolelle-model-y","12":"product_cat-tesla-tuotteet","13":"product_tag-hud","14":"product_tag-model-3","15":"product_tag-nopeusnaytto","16":"product_tag-obd2","17":"product_tag-tesla","19":"first","20":"instock","21":"taxable","22":"shipping-taxable","23":"purchasable","24":"product-type-simple"},"jetpack_sharing_enabled":true,"_links":{"self":[{"href":"https:\/\/www.vempele.fi\/de\/wp-json\/wp\/v2\/product\/20044","targetHints":{"allow":["GET"]}}],"collection":[{"href":"https:\/\/www.vempele.fi\/de\/wp-json\/wp\/v2\/product"}],"about":[{"href":"https:\/\/www.vempele.fi\/de\/wp-json\/wp\/v2\/types\/product"}],"replies":[{"embeddable":true,"href":"https:\/\/www.vempele.fi\/de\/wp-json\/wp\/v2\/comments?post=20044"}],"wp:featuredmedia":[{"embeddable":true,"href":"https:\/\/www.vempele.fi\/de\/wp-json\/wp\/v2\/media\/20045"}],"wp:attachment":[{"href":"https:\/\/www.vempele.fi\/de\/wp-json\/wp\/v2\/media?parent=20044"}],"wp:term":[{"taxonomy":"product_brand","embeddable":true,"href":"https:\/\/www.vempele.fi\/de\/wp-json\/wp\/v2\/product_brand?post=20044"},{"taxonomy":"product_cat","embeddable":true,"href":"https:\/\/www.vempele.fi\/de\/wp-json\/wp\/v2\/product_cat?post=20044"},{"taxonomy":"product_tag","embeddable":true,"href":"https:\/\/www.vempele.fi\/de\/wp-json\/wp\/v2\/product_tag?post=20044"}],"curies":[{"name":"wp","href":"https:\/\/api.w.org\/{rel}","templated":true}]}}