{"id":20242,"date":"2023-07-11T14:46:32","date_gmt":"2023-07-11T11:46:32","guid":{"rendered":"https:\/\/www.vempele.fi\/?post_type=product&#038;p=20242"},"modified":"2026-04-15T18:20:53","modified_gmt":"2026-04-15T15:20:53","slug":"schlusselkartenhalter-tesla-model-y","status":"publish","type":"product","link":"https:\/\/www.vempele.fi\/de\/tuote\/avainkorttikotelo-tesla-model-y\/","title":{"rendered":"Schl\u00fcsselkartenhalter - Tesla"},"content":{"rendered":"<p>Grauer Schl\u00fcsselkartenhalter - Tesla<\/p>\n<ul>\n<li>Material: Kunstleder<\/li>\n<li>Farbe: Grau<\/li>\n<li>Gr\u00f6\u00dfe: 10,6 x 7 x 0,2 cm<\/li>\n<li>Gewicht: 0,025 kg<\/li>\n<\/ul>","protected":false},"excerpt":{"rendered":"<p>Elegantes graues Kunstleder-Schl\u00fcsselkartenetui mit Tesla-Logo und Text. Mit diesem Etui k\u00f6nnen Sie Ihre Autoschl\u00fcsselkarte separat aufbewahren. N\u00fctzlich zum Beispiel in F\u00e4llen, in denen mehrere Personen das Auto benutzen und Sie nicht wollen, dass Ihre Karte so leicht verloren geht. Es wird mit einer Schl\u00fcsselschlaufe und einer Schnalle geliefert, die es einfach macht, den Schl\u00fcssel aufzubewahren und Schl\u00fcsselanh\u00e4nger zu befestigen.<\/p>","protected":false},"featured_media":43817,"comment_status":"open","ping_status":"closed","template":"","meta":[],"product_brand":[],"product_cat":[151,152,153,154,452,453,454,455,480,485,487,482,128],"product_tag":[519,518,271,121,203],"class_list":{"0":"post-20242","1":"product","2":"type-product","3":"status-publish","4":"has-post-thumbnail","6":"product_cat-model-3","7":"product_cat-model-s","8":"product_cat-model-x","9":"product_cat-model-y","10":"product_cat-m3-tarvikkeet","11":"product_cat-ms-tarvikkeet","12":"product_cat-mx-tarvikkeet","13":"product_cat-my-tarvikkeet","14":"product_cat-tarvikkeet-sisapuolelle-model-3","15":"product_cat-tarvikkeet-sisapuolelle-model-s","16":"product_cat-tarvikkeet-sisapuolelle-model-x","17":"product_cat-tarvikkeet-sisapuolelle-model-y","18":"product_cat-tesla-tuotteet","19":"product_tag-avaimenpera","20":"product_tag-avainkortti","21":"product_tag-model-y","22":"product_tag-tesla","23":"product_tag-tesla-model-y","25":"first","26":"instock","27":"taxable","28":"shipping-taxable","29":"purchasable","30":"product-type-simple"},"jetpack_sharing_enabled":true,"_links":{"self":[{"href":"https:\/\/www.vempele.fi\/de\/wp-json\/wp\/v2\/product\/20242","targetHints":{"allow":["GET"]}}],"collection":[{"href":"https:\/\/www.vempele.fi\/de\/wp-json\/wp\/v2\/product"}],"about":[{"href":"https:\/\/www.vempele.fi\/de\/wp-json\/wp\/v2\/types\/product"}],"replies":[{"embeddable":true,"href":"https:\/\/www.vempele.fi\/de\/wp-json\/wp\/v2\/comments?post=20242"}],"wp:featuredmedia":[{"embeddable":true,"href":"https:\/\/www.vempele.fi\/de\/wp-json\/wp\/v2\/media\/43817"}],"wp:attachment":[{"href":"https:\/\/www.vempele.fi\/de\/wp-json\/wp\/v2\/media?parent=20242"}],"wp:term":[{"taxonomy":"product_brand","embeddable":true,"href":"https:\/\/www.vempele.fi\/de\/wp-json\/wp\/v2\/product_brand?post=20242"},{"taxonomy":"product_cat","embeddable":true,"href":"https:\/\/www.vempele.fi\/de\/wp-json\/wp\/v2\/product_cat?post=20242"},{"taxonomy":"product_tag","embeddable":true,"href":"https:\/\/www.vempele.fi\/de\/wp-json\/wp\/v2\/product_tag?post=20242"}],"curies":[{"name":"wp","href":"https:\/\/api.w.org\/{rel}","templated":true}]}}