{"id":20244,"date":"2024-08-06T12:00:05","date_gmt":"2024-08-06T09:00:05","guid":{"rendered":"https:\/\/www.vempele.fi\/?post_type=product&#038;p=20244"},"modified":"2026-04-17T15:21:12","modified_gmt":"2026-04-17T12:21:12","slug":"turschutzgitter-tesla-model-y","status":"publish","type":"product","link":"https:\/\/www.vempele.fi\/de\/tuote\/oven-potkusuoja-tesla-model-y\/","title":{"rendered":"Trittschutz f\u00fcr den R\u00fccksitz - Tesla Model Y"},"content":{"rendered":"<p>Trittschutz f\u00fcr den R\u00fccksitz - Tesla Model Y.<\/p>\n<ul>\n<li>Material: Kunststoff<\/li>\n<li>Lieferumfang: 2 x T\u00fcrsch\u00fctzer, einer f\u00fcr die linke und einer f\u00fcr die rechte Seite<\/li>\n<li>Farbe: Schwarz<\/li>\n<li>Angemessenheit:\n<ul>\n<li>Tesla Model Y 2020 - 2024 (nicht geeignet f\u00fcr 7-Sitzer)<\/li>\n<\/ul>\n<\/li>\n<\/ul>","protected":false},"excerpt":{"rendered":"<p>R\u00fccksitzkickschutz - Tesla Model Y. Eine Seite des Produkts ist mit einem Klebeband versehen, mit dem das Produkt an der Originaloberfl\u00e4che befestigt werden kann. Die urspr\u00fcngliche Polsteroberfl\u00e4che Ihres Autos sieht besser aus, wenn die ersten St\u00f6\u00dfe von diesem Produkt absorbiert werden. F\u00fcr die Reinigung ist das Produkt auch leicht zu entfernen, indem man es sanft von der Polsterung abzieht.<\/p>\n<p>Nicht geeignet f\u00fcr einen 7-Sitzer.<\/p>","protected":false},"featured_media":20610,"comment_status":"open","ping_status":"closed","template":"","meta":[],"product_brand":[],"product_cat":[154,455,482,128],"product_tag":[271,242,411,121],"class_list":{"0":"post-20244","1":"product","2":"type-product","3":"status-publish","4":"has-post-thumbnail","6":"product_cat-model-y","7":"product_cat-my-tarvikkeet","8":"product_cat-tarvikkeet-sisapuolelle-model-y","9":"product_cat-tesla-tuotteet","10":"product_tag-model-y","11":"product_tag-potkusuoja","12":"product_tag-suoja","13":"product_tag-tesla","15":"first","16":"instock","17":"taxable","18":"shipping-taxable","19":"purchasable","20":"product-type-simple"},"jetpack_sharing_enabled":true,"_links":{"self":[{"href":"https:\/\/www.vempele.fi\/de\/wp-json\/wp\/v2\/product\/20244","targetHints":{"allow":["GET"]}}],"collection":[{"href":"https:\/\/www.vempele.fi\/de\/wp-json\/wp\/v2\/product"}],"about":[{"href":"https:\/\/www.vempele.fi\/de\/wp-json\/wp\/v2\/types\/product"}],"replies":[{"embeddable":true,"href":"https:\/\/www.vempele.fi\/de\/wp-json\/wp\/v2\/comments?post=20244"}],"wp:featuredmedia":[{"embeddable":true,"href":"https:\/\/www.vempele.fi\/de\/wp-json\/wp\/v2\/media\/20610"}],"wp:attachment":[{"href":"https:\/\/www.vempele.fi\/de\/wp-json\/wp\/v2\/media?parent=20244"}],"wp:term":[{"taxonomy":"product_brand","embeddable":true,"href":"https:\/\/www.vempele.fi\/de\/wp-json\/wp\/v2\/product_brand?post=20244"},{"taxonomy":"product_cat","embeddable":true,"href":"https:\/\/www.vempele.fi\/de\/wp-json\/wp\/v2\/product_cat?post=20244"},{"taxonomy":"product_tag","embeddable":true,"href":"https:\/\/www.vempele.fi\/de\/wp-json\/wp\/v2\/product_tag?post=20244"}],"curies":[{"name":"wp","href":"https:\/\/api.w.org\/{rel}","templated":true}]}}