{"id":20265,"date":"2023-07-13T19:47:59","date_gmt":"2023-07-13T16:47:59","guid":{"rendered":"https:\/\/www.vempele.fi\/?post_type=product&#038;p=20265"},"modified":"2026-04-11T11:56:40","modified_gmt":"2026-04-11T08:56:40","slug":"schutz-des-armaturenbretts-tesla-model-3-y","status":"publish","type":"product","link":"https:\/\/www.vempele.fi\/de\/tuote\/kojelaudan-suoja-tesla-model-3-y\/","title":{"rendered":"Schutz f\u00fcr das Armaturenbrett - Tesla Model 3 \/ Y"},"content":{"rendered":"<p>Dashboard Schutz Alcantara &amp; Matte Kohlefaser Muster - Tesla Model 3 \/ Y.<\/p>\n<ul>\n<li>Material: ABS-Kunststoff &amp; Alcantara \/ ABS-Kunststoff &amp; Karbonfasermuster<\/li>\n<li>Farbe: Grau (Alcantara) \/ Karbonfasermuster<\/li>\n<li>Gr\u00f6\u00dfe: 70 x 10 x 3 cm<\/li>\n<li>Gewicht: 0,190 kg<\/li>\n<li>Angemessenheit:\n<ul>\n<li>Modell Y 2020 - 2024<\/li>\n<li>Model 3 Pre-Refresh vm. 2019 - 2021<\/li>\n<li>Modell 3 Auffrischung vm. 2021 - 2023<\/li>\n<\/ul>\n<\/li>\n<\/ul>","protected":false},"excerpt":{"rendered":"<p>Armaturenbrettschutz in grauem Alcantara oder Karbonfaser-Imitat - Tesla Model 3 \/ Y. Dieser Armaturenbrettschutz aus Alcantara-Imitat ist eine robuste und beeindruckende Erg\u00e4nzung f\u00fcr Ihr Auto. Ver\u00e4ndern Sie einfach und schnell das Aussehen Ihres Fahrzeugs von innen. Das Produkt wird auf dem Armaturenbrett \u00fcber die urspr\u00fcnglichen Teile mit den B\u00e4ndern bereits auf das Produkt angebracht geklebt.<\/p>","protected":false},"featured_media":20990,"comment_status":"open","ping_status":"closed","template":"","meta":[],"product_brand":[],"product_cat":[151,154,455,480,482,128],"product_tag":[520,244,156,271,411,121],"class_list":{"0":"post-20265","1":"product","2":"type-product","3":"status-publish","4":"has-post-thumbnail","6":"product_cat-model-3","7":"product_cat-model-y","8":"product_cat-my-tarvikkeet","9":"product_cat-tarvikkeet-sisapuolelle-model-3","10":"product_cat-tarvikkeet-sisapuolelle-model-y","11":"product_cat-tesla-tuotteet","12":"product_tag-alcantara","13":"product_tag-kojelauta","14":"product_tag-model-3","15":"product_tag-model-y","16":"product_tag-suoja","17":"product_tag-tesla","19":"first","20":"instock","21":"taxable","22":"shipping-taxable","23":"purchasable","24":"product-type-variable"},"jetpack_sharing_enabled":true,"_links":{"self":[{"href":"https:\/\/www.vempele.fi\/de\/wp-json\/wp\/v2\/product\/20265","targetHints":{"allow":["GET"]}}],"collection":[{"href":"https:\/\/www.vempele.fi\/de\/wp-json\/wp\/v2\/product"}],"about":[{"href":"https:\/\/www.vempele.fi\/de\/wp-json\/wp\/v2\/types\/product"}],"replies":[{"embeddable":true,"href":"https:\/\/www.vempele.fi\/de\/wp-json\/wp\/v2\/comments?post=20265"}],"wp:featuredmedia":[{"embeddable":true,"href":"https:\/\/www.vempele.fi\/de\/wp-json\/wp\/v2\/media\/20990"}],"wp:attachment":[{"href":"https:\/\/www.vempele.fi\/de\/wp-json\/wp\/v2\/media?parent=20265"}],"wp:term":[{"taxonomy":"product_brand","embeddable":true,"href":"https:\/\/www.vempele.fi\/de\/wp-json\/wp\/v2\/product_brand?post=20265"},{"taxonomy":"product_cat","embeddable":true,"href":"https:\/\/www.vempele.fi\/de\/wp-json\/wp\/v2\/product_cat?post=20265"},{"taxonomy":"product_tag","embeddable":true,"href":"https:\/\/www.vempele.fi\/de\/wp-json\/wp\/v2\/product_tag?post=20265"}],"curies":[{"name":"wp","href":"https:\/\/api.w.org\/{rel}","templated":true}]}}