{"id":20405,"date":"2023-07-13T13:52:52","date_gmt":"2023-07-13T10:52:52","guid":{"rendered":"https:\/\/www.vempele.fi\/?post_type=product&#038;p=20405"},"modified":"2026-04-03T14:10:43","modified_gmt":"2026-04-03T11:10:43","slug":"rucksitz-luftventil-schutz-matte-kohlefaser-tesla-model-3-y","status":"publish","type":"product","link":"https:\/\/www.vempele.fi\/de\/tuote\/takapenkin-ilmaventtiilin-suoja-matta-hiilikuitu-tesla-model-3-y\/","title":{"rendered":"R\u00fccksitz-Luftauslassschutz - mattierte Kohlefaser - Tesla Model 3 \/ Y"},"content":{"rendered":"<p>Abdeckung f\u00fcr die hinteren Sitzbel\u00fcftungsd\u00fcsen - matte Kohlefaser - Tesla Model 3 \/ Y.<\/p>\n<ul>\n<li>Material: ABS-Kunststoff, Kohlefaser-Konstruktion<\/li>\n<li>Farbe: Kohlefaserimitation<\/li>\n<li>Gr\u00f6\u00dfe: 17 x 7,5 x 20,5 cm<\/li>\n<li>Gewicht: 0,100 kg<\/li>\n<li>Angemessenheit:\n<ul>\n<li>Modell Y<\/li>\n<li>Modell 3 Auffrischung vm. 2021 - 2023<\/li>\n<\/ul>\n<\/li>\n<li>Name: Hintere L\u00fcftungsd\u00fcsenverkleidung - mattierte Kohlefaser - Tesla Model 3 \/ Y<\/li>\n<\/ul>","protected":false},"excerpt":{"rendered":"<p>Abdeckung f\u00fcr die L\u00fcftungsd\u00fcsen des R\u00fccksitzes - matte Kohlefaser - Tesla Model 3 2021-&gt; \/ Y. Dies ist die Kohlefaseroptik f\u00fcr den R\u00fccksitz. Das Produkt wird mit Klebeband \u00fcber dem Original befestigt. Denken Sie daran, die Oberfl\u00e4che gut zu reinigen. Der Kleber haftet auch am besten, wenn er auf einer warmen und trockenen Oberfl\u00e4che angebracht wird.<\/p>","protected":false},"featured_media":20607,"comment_status":"open","ping_status":"closed","template":"","meta":[],"product_brand":[],"product_cat":[151,154,455,480,482,128],"product_tag":[241,156,271,411,121],"class_list":{"0":"post-20405","1":"product","2":"type-product","3":"status-publish","4":"has-post-thumbnail","6":"product_cat-model-3","7":"product_cat-model-y","8":"product_cat-my-tarvikkeet","9":"product_cat-tarvikkeet-sisapuolelle-model-3","10":"product_cat-tarvikkeet-sisapuolelle-model-y","11":"product_cat-tesla-tuotteet","12":"product_tag-hiilikuitu","13":"product_tag-model-3","14":"product_tag-model-y","15":"product_tag-suoja","16":"product_tag-tesla","18":"first","19":"instock","20":"sale","21":"taxable","22":"shipping-taxable","23":"purchasable","24":"product-type-simple"},"jetpack_sharing_enabled":true,"_links":{"self":[{"href":"https:\/\/www.vempele.fi\/de\/wp-json\/wp\/v2\/product\/20405","targetHints":{"allow":["GET"]}}],"collection":[{"href":"https:\/\/www.vempele.fi\/de\/wp-json\/wp\/v2\/product"}],"about":[{"href":"https:\/\/www.vempele.fi\/de\/wp-json\/wp\/v2\/types\/product"}],"replies":[{"embeddable":true,"href":"https:\/\/www.vempele.fi\/de\/wp-json\/wp\/v2\/comments?post=20405"}],"wp:featuredmedia":[{"embeddable":true,"href":"https:\/\/www.vempele.fi\/de\/wp-json\/wp\/v2\/media\/20607"}],"wp:attachment":[{"href":"https:\/\/www.vempele.fi\/de\/wp-json\/wp\/v2\/media?parent=20405"}],"wp:term":[{"taxonomy":"product_brand","embeddable":true,"href":"https:\/\/www.vempele.fi\/de\/wp-json\/wp\/v2\/product_brand?post=20405"},{"taxonomy":"product_cat","embeddable":true,"href":"https:\/\/www.vempele.fi\/de\/wp-json\/wp\/v2\/product_cat?post=20405"},{"taxonomy":"product_tag","embeddable":true,"href":"https:\/\/www.vempele.fi\/de\/wp-json\/wp\/v2\/product_tag?post=20405"}],"curies":[{"name":"wp","href":"https:\/\/api.w.org\/{rel}","templated":true}]}}