{"id":20421,"date":"2023-07-14T16:42:23","date_gmt":"2023-07-14T13:42:23","guid":{"rendered":"https:\/\/www.vempele.fi\/?post_type=product&#038;p=20421"},"modified":"2026-01-19T22:45:31","modified_gmt":"2026-01-19T20:45:31","slug":"kabelorganisator-tesla-model-3-y","status":"publish","type":"product","link":"https:\/\/www.vempele.fi\/de\/tuote\/kaapelin-organisoija-tesla-model-3-y\/","title":{"rendered":"Kabelhalterung - Tesla Model 3 \/ Y"},"content":{"rendered":"<p>Kabelhalterung - Tesla Model 3 \/ Y<\/p>\n<ul>\n<li>Material: ABS-Kunststoff<\/li>\n<li>Farbe: Grau<\/li>\n<li>Gewicht: 0,050 kg<\/li>\n<li>Gr\u00f6\u00dfe: 23 x 4 x 3,2 cm<\/li>\n<li>Angemessenheit:\n<ul>\n<li>Modell 3 Auffrischung vm. 2021 - 2023<\/li>\n<li>Modell Y 2020 - 2024<\/li>\n<\/ul>\n<\/li>\n<li>Einbau: in der Mittelkonsole<\/li>\n<\/ul>","protected":false},"excerpt":{"rendered":"<p>Kabelorganisator - Tesla Model 3 \/ Y. Produkthilfe f\u00fcr Kabel, die \u00fcberall herausragen. Sie haben das Gef\u00fchl, dass ein langes Kabel im Auto praktisch w\u00e4re, aber das Kabel verknotet und verheddert sich leicht? Hier ist etwas Hilfe f\u00fcr dieses Problem. Mit dem Kabelorganisator k\u00f6nnen Sie das Kabelchaos ganz einfach unter Kontrolle halten. Die Kabeldurchf\u00fchrungen sind aus steifem Gummi gefertigt, so dass die Kabel sicher an ihrem Platz bleiben.<\/p>","protected":false},"featured_media":20984,"comment_status":"open","ping_status":"closed","template":"","meta":[],"product_brand":[],"product_cat":[151,154,455,480,482,128],"product_tag":[271,121,203],"class_list":{"0":"post-20421","1":"product","2":"type-product","3":"status-publish","4":"has-post-thumbnail","6":"product_cat-model-3","7":"product_cat-model-y","8":"product_cat-my-tarvikkeet","9":"product_cat-tarvikkeet-sisapuolelle-model-3","10":"product_cat-tarvikkeet-sisapuolelle-model-y","11":"product_cat-tesla-tuotteet","12":"product_tag-model-y","13":"product_tag-tesla","14":"product_tag-tesla-model-y","16":"first","17":"outofstock","18":"taxable","19":"shipping-taxable","20":"purchasable","21":"product-type-simple"},"jetpack_sharing_enabled":true,"_links":{"self":[{"href":"https:\/\/www.vempele.fi\/de\/wp-json\/wp\/v2\/product\/20421","targetHints":{"allow":["GET"]}}],"collection":[{"href":"https:\/\/www.vempele.fi\/de\/wp-json\/wp\/v2\/product"}],"about":[{"href":"https:\/\/www.vempele.fi\/de\/wp-json\/wp\/v2\/types\/product"}],"replies":[{"embeddable":true,"href":"https:\/\/www.vempele.fi\/de\/wp-json\/wp\/v2\/comments?post=20421"}],"wp:featuredmedia":[{"embeddable":true,"href":"https:\/\/www.vempele.fi\/de\/wp-json\/wp\/v2\/media\/20984"}],"wp:attachment":[{"href":"https:\/\/www.vempele.fi\/de\/wp-json\/wp\/v2\/media?parent=20421"}],"wp:term":[{"taxonomy":"product_brand","embeddable":true,"href":"https:\/\/www.vempele.fi\/de\/wp-json\/wp\/v2\/product_brand?post=20421"},{"taxonomy":"product_cat","embeddable":true,"href":"https:\/\/www.vempele.fi\/de\/wp-json\/wp\/v2\/product_cat?post=20421"},{"taxonomy":"product_tag","embeddable":true,"href":"https:\/\/www.vempele.fi\/de\/wp-json\/wp\/v2\/product_tag?post=20421"}],"curies":[{"name":"wp","href":"https:\/\/api.w.org\/{rel}","templated":true}]}}