{"id":20860,"date":"2023-07-14T17:00:39","date_gmt":"2023-07-14T14:00:39","guid":{"rendered":"https:\/\/www.vempele.fi\/?post_type=product&#038;p=20860"},"modified":"2025-09-01T14:58:48","modified_gmt":"2025-09-01T11:58:48","slug":"glasuberdachung-fur-tesla-model-y","status":"publish","type":"product","link":"https:\/\/www.vempele.fi\/de\/tuote\/lasikotelo-kattoon-tesla-model-y\/","title":{"rendered":"Glas\u00fcberdachung auf dem Dach - Tesla Model Y"},"content":{"rendered":"<p>Glas\u00fcberdachung auf dem Dach - Tesla Model Y.<\/p>\n<ul>\n<li>Material: ABS-Kunststoff<\/li>\n<li>Farbe: Schwarz<\/li>\n<li>Gr\u00f6\u00dfe: 19,5 x 10,5 x 7 cm<\/li>\n<li>Gewicht: 0,135 kg<\/li>\n<li>Angemessenheit:\n<ul>\n<li>Modell Y 2020 - 2024<\/li>\n<\/ul>\n<\/li>\n<li>Montage: auf der R\u00fcckseite des Spiegels Modell Y<\/li>\n<\/ul>","protected":false},"excerpt":{"rendered":"<p>Dachverglasung - Tesla Model Y. Elegante schwarze Glasverkleidung, die sich mit einem leichten Druck \u00f6ffnet. Wird an der Vorderseite des Windschutzscheibenspiegels montiert und erm\u00f6glicht es Ihnen, jeden Platz in Ihrem Auto optimal zu nutzen. Von der Gr\u00f6\u00dfe her passen normale Brillen gut hinein. Die auf dem Bild verwendete Pilotenbrille hat eine gro\u00dfe Glasfl\u00e4che.<\/p>","protected":false},"featured_media":20671,"comment_status":"open","ping_status":"closed","template":"","meta":[],"product_brand":[],"product_cat":[154,455,482,128],"product_tag":[271,121,203],"class_list":{"0":"post-20860","1":"product","2":"type-product","3":"status-publish","4":"has-post-thumbnail","6":"product_cat-model-y","7":"product_cat-my-tarvikkeet","8":"product_cat-tarvikkeet-sisapuolelle-model-y","9":"product_cat-tesla-tuotteet","10":"product_tag-model-y","11":"product_tag-tesla","12":"product_tag-tesla-model-y","14":"first","15":"outofstock","16":"taxable","17":"shipping-taxable","18":"purchasable","19":"product-type-simple"},"jetpack_sharing_enabled":true,"_links":{"self":[{"href":"https:\/\/www.vempele.fi\/de\/wp-json\/wp\/v2\/product\/20860","targetHints":{"allow":["GET"]}}],"collection":[{"href":"https:\/\/www.vempele.fi\/de\/wp-json\/wp\/v2\/product"}],"about":[{"href":"https:\/\/www.vempele.fi\/de\/wp-json\/wp\/v2\/types\/product"}],"replies":[{"embeddable":true,"href":"https:\/\/www.vempele.fi\/de\/wp-json\/wp\/v2\/comments?post=20860"}],"wp:featuredmedia":[{"embeddable":true,"href":"https:\/\/www.vempele.fi\/de\/wp-json\/wp\/v2\/media\/20671"}],"wp:attachment":[{"href":"https:\/\/www.vempele.fi\/de\/wp-json\/wp\/v2\/media?parent=20860"}],"wp:term":[{"taxonomy":"product_brand","embeddable":true,"href":"https:\/\/www.vempele.fi\/de\/wp-json\/wp\/v2\/product_brand?post=20860"},{"taxonomy":"product_cat","embeddable":true,"href":"https:\/\/www.vempele.fi\/de\/wp-json\/wp\/v2\/product_cat?post=20860"},{"taxonomy":"product_tag","embeddable":true,"href":"https:\/\/www.vempele.fi\/de\/wp-json\/wp\/v2\/product_tag?post=20860"}],"curies":[{"name":"wp","href":"https:\/\/api.w.org\/{rel}","templated":true}]}}