{"id":22864,"date":"2023-09-19T09:50:23","date_gmt":"2023-09-19T06:50:23","guid":{"rendered":"https:\/\/www.vempele.fi\/?post_type=product&#038;p=22864"},"modified":"2026-04-16T09:02:15","modified_gmt":"2026-04-16T06:02:15","slug":"sonnenschutzmittel-mit-saugnapfen","status":"publish","type":"product","link":"https:\/\/www.vempele.fi\/de\/tuote\/aurinkosuoja-imukupeilla\/","title":{"rendered":"Sonnenschirme mit Saugn\u00e4pfen"},"content":{"rendered":"<p>Sonnenschirme mit Saugn\u00e4pfen.<\/p>\n<ul>\n<li>Farbe: Schwarz<\/li>\n<li>Gr\u00f6\u00dfe im ausgebreiteten Zustand: 50 x 30,5 cm<\/li>\n<li>Gewicht: ca. 85 Gramm<\/li>\n<li>Angemessenheit:\n<ul>\n<li>Allgemeines Modell<\/li>\n<\/ul>\n<\/li>\n<li>Packungsinhalt: 2 x Sonnenschutzmittel mit Saugn\u00e4pfen<\/li>\n<\/ul>","protected":false},"excerpt":{"rendered":"<p>Sonnenschirme mit Saugn\u00e4pfen.<\/p>\n<p>Diese universelle Sonnenblende sch\u00fctzt Kinder, Haustiere und Erwachsene auf dem R\u00fccksitz vor der Sonne. Er wird mit Saugn\u00e4pfen an der Autoscheibe befestigt. Die Saugn\u00e4pfe haben zwei Schlaufen, um das Produkt aus dem Fenster zu ziehen.<\/p>","protected":false},"featured_media":22946,"comment_status":"open","ping_status":"closed","template":"","meta":[],"product_brand":[],"product_cat":[151,152,153,154,452,453,454,455,480,485,487,482,128],"product_tag":[198,83,156,172,173,271,121],"class_list":{"0":"post-22864","1":"product","2":"type-product","3":"status-publish","4":"has-post-thumbnail","6":"product_cat-model-3","7":"product_cat-model-s","8":"product_cat-model-x","9":"product_cat-model-y","10":"product_cat-m3-tarvikkeet","11":"product_cat-ms-tarvikkeet","12":"product_cat-mx-tarvikkeet","13":"product_cat-my-tarvikkeet","14":"product_cat-tarvikkeet-sisapuolelle-model-3","15":"product_cat-tarvikkeet-sisapuolelle-model-s","16":"product_cat-tarvikkeet-sisapuolelle-model-x","17":"product_cat-tarvikkeet-sisapuolelle-model-y","18":"product_cat-tesla-tuotteet","19":"product_tag-aurinkosuoja","20":"product_tag-autotarvikkeet","21":"product_tag-model-3","22":"product_tag-model-s","23":"product_tag-model-x","24":"product_tag-model-y","25":"product_tag-tesla","27":"first","28":"instock","29":"sale","30":"taxable","31":"shipping-taxable","32":"purchasable","33":"product-type-simple"},"jetpack_sharing_enabled":true,"_links":{"self":[{"href":"https:\/\/www.vempele.fi\/de\/wp-json\/wp\/v2\/product\/22864","targetHints":{"allow":["GET"]}}],"collection":[{"href":"https:\/\/www.vempele.fi\/de\/wp-json\/wp\/v2\/product"}],"about":[{"href":"https:\/\/www.vempele.fi\/de\/wp-json\/wp\/v2\/types\/product"}],"replies":[{"embeddable":true,"href":"https:\/\/www.vempele.fi\/de\/wp-json\/wp\/v2\/comments?post=22864"}],"wp:featuredmedia":[{"embeddable":true,"href":"https:\/\/www.vempele.fi\/de\/wp-json\/wp\/v2\/media\/22946"}],"wp:attachment":[{"href":"https:\/\/www.vempele.fi\/de\/wp-json\/wp\/v2\/media?parent=22864"}],"wp:term":[{"taxonomy":"product_brand","embeddable":true,"href":"https:\/\/www.vempele.fi\/de\/wp-json\/wp\/v2\/product_brand?post=22864"},{"taxonomy":"product_cat","embeddable":true,"href":"https:\/\/www.vempele.fi\/de\/wp-json\/wp\/v2\/product_cat?post=22864"},{"taxonomy":"product_tag","embeddable":true,"href":"https:\/\/www.vempele.fi\/de\/wp-json\/wp\/v2\/product_tag?post=22864"}],"curies":[{"name":"wp","href":"https:\/\/api.w.org\/{rel}","templated":true}]}}