{"id":26662,"date":"2024-03-20T13:16:29","date_gmt":"2024-03-20T11:16:29","guid":{"rendered":"https:\/\/www.vempele.fi\/?post_type=product&#038;p=26662"},"modified":"2025-05-26T12:06:16","modified_gmt":"2025-05-26T09:06:16","slug":"eco-heckklappenmatte-tesla-model-3","status":"publish","type":"product","link":"https:\/\/www.vempele.fi\/de\/tuote\/eco-takaluukun-matto-tesla-model-3\/","title":{"rendered":"ECO Kofferraumteppich - Tesla Model 3"},"content":{"rendered":"<p>Verschlei\u00dffeste, beliebte und vor allem heimische ECO Heckklappenmatte f\u00fcr Tesla Model 3.<\/p>\n<p><b>Weitere Informationen:<\/b><\/p>\n<ul>\n<li>Material: EVA<\/li>\n<li>Angemessenheit:\n<ul>\n<li>Model 3 Vorauffrischung 2019 - 2021<\/li>\n<li>Model 3 Auffrischung 2021 - 2023<\/li>\n<li>Modell 3 Hochland 2023 -&gt;<\/li>\n<\/ul>\n<\/li>\n<li>Farbe: Schwarz<\/li>\n<li>Gewicht: ca. 1,1kg<\/li>\n<li>Herstellungsland: Finnland<\/li>\n<\/ul>","protected":false},"excerpt":{"rendered":"<p>Domestic sauberen Teppich Option f\u00fcr Tesla jetzt direkt aus dem Lager!<\/p>\n<p>Das Material des Teppichs ist \u00f6kologisches und recycelbares EVA, sicher, ungiftig und geruchsneutral. Die einzigartige Zellstruktur erm\u00f6glicht eine gleichm\u00e4\u00dfige Ansammlung von Schmutz und Wasser in den Zellen. Die Matten lassen sich leicht durch Sch\u00fctteln oder Absp\u00fclen mit Wasser reinigen. Die Luftqualit\u00e4t in Innenr\u00e4umen wird verbessert und das Beschlagen der Fenster reduziert. Das Material kann Temperaturen von -50\u00b0C bis +70\u00b0C standhalten. Sto\u00dffest, schall- und w\u00e4rmed\u00e4mmend. Angenehm zu ber\u00fchren und wirklich stilvolle ECO-Matten.<\/p>","protected":false},"featured_media":26663,"comment_status":"open","ping_status":"closed","template":"","meta":[],"product_brand":[],"product_cat":[409,151,128],"product_tag":[83,590,206,513,553,156,200,121],"class_list":{"0":"post-26662","1":"product","2":"type-product","3":"status-publish","4":"has-post-thumbnail","6":"product_cat-matot-model-3","7":"product_cat-model-3","8":"product_cat-tesla-tuotteet","9":"product_tag-autotarvikkeet","10":"product_tag-eco","11":"product_tag-eva","12":"product_tag-kaukalomatot","13":"product_tag-kuramatot","14":"product_tag-model-3","15":"product_tag-takaluukku","16":"product_tag-tesla","18":"first","19":"instock","20":"taxable","21":"shipping-taxable","22":"purchasable","23":"product-type-variable"},"jetpack_sharing_enabled":true,"_links":{"self":[{"href":"https:\/\/www.vempele.fi\/de\/wp-json\/wp\/v2\/product\/26662","targetHints":{"allow":["GET"]}}],"collection":[{"href":"https:\/\/www.vempele.fi\/de\/wp-json\/wp\/v2\/product"}],"about":[{"href":"https:\/\/www.vempele.fi\/de\/wp-json\/wp\/v2\/types\/product"}],"replies":[{"embeddable":true,"href":"https:\/\/www.vempele.fi\/de\/wp-json\/wp\/v2\/comments?post=26662"}],"wp:featuredmedia":[{"embeddable":true,"href":"https:\/\/www.vempele.fi\/de\/wp-json\/wp\/v2\/media\/26663"}],"wp:attachment":[{"href":"https:\/\/www.vempele.fi\/de\/wp-json\/wp\/v2\/media?parent=26662"}],"wp:term":[{"taxonomy":"product_brand","embeddable":true,"href":"https:\/\/www.vempele.fi\/de\/wp-json\/wp\/v2\/product_brand?post=26662"},{"taxonomy":"product_cat","embeddable":true,"href":"https:\/\/www.vempele.fi\/de\/wp-json\/wp\/v2\/product_cat?post=26662"},{"taxonomy":"product_tag","embeddable":true,"href":"https:\/\/www.vempele.fi\/de\/wp-json\/wp\/v2\/product_tag?post=26662"}],"curies":[{"name":"wp","href":"https:\/\/api.w.org\/{rel}","templated":true}]}}