{"id":26742,"date":"2024-03-22T13:10:21","date_gmt":"2024-03-22T11:10:21","guid":{"rendered":"https:\/\/www.vempele.fi\/?post_type=product&#038;p=26742"},"modified":"2026-04-05T14:10:13","modified_gmt":"2026-04-05T11:10:13","slug":"eco-heckklappenmatte-tesla-model-s","status":"publish","type":"product","link":"https:\/\/www.vempele.fi\/de\/tuote\/eco-takaluukun-matto-tesla-model-s\/","title":{"rendered":"ECO Kofferraummatte - Tesla Model S"},"content":{"rendered":"<p>ECO Trunk Carpet jetzt direkt von Vempele erh\u00e4ltlich! Inl\u00e4ndische, langlebig und hohe Qualit\u00e4t Heckklappe Matten f\u00fcr Tesla.<\/p>\n<p><b>Weitere Informationen:<\/b><\/p>\n<ul>\n<li>Material: EVA<\/li>\n<li>Angemessenheit:\n<ul>\n<li>Modell S<\/li>\n<\/ul>\n<\/li>\n<li>Farbe: Schwarz<\/li>\n<li>Gewicht: ca. 1,1kg<\/li>\n<li>Herstellungsland: Finnland<\/li>\n<\/ul>","protected":false},"excerpt":{"rendered":"<p>ECO Kofferraum Teppich. Domestic ordentlich Teppich Option f\u00fcr Tesla jetzt direkt ab Lager!<\/p>\n<p>Das Material des Teppichs ist \u00f6kologisches und recycelbares EVA, sicher, ungiftig und geruchsneutral. Die einzigartige Wabenstruktur erm\u00f6glicht es, dass sich Schmutz und Wasser gleichm\u00e4\u00dfig in den Zellen des Teppichs ansammeln. Die Matten lassen sich leicht durch Sch\u00fctteln oder Absp\u00fclen mit Wasser reinigen. Die Luftqualit\u00e4t in Innenr\u00e4umen wird verbessert und das Beschlagen der Fenster reduziert. Die ECO-Heckklappenmatte kann Temperaturen von -50\u00b0C bis +70\u00b0C standhalten. Sto\u00dffest, schall- und w\u00e4rmed\u00e4mmend. Der ECO-Heckklappenteppich f\u00fchlt sich angenehm an und sieht wirklich gut aus.<\/p>","protected":false},"featured_media":26746,"comment_status":"open","ping_status":"closed","template":"","meta":[],"product_brand":[],"product_cat":[512,152,128],"product_tag":[83,590,206,513,553,172,200,121],"class_list":{"0":"post-26742","1":"product","2":"type-product","3":"status-publish","4":"has-post-thumbnail","6":"product_cat-matot-model-s","7":"product_cat-model-s","8":"product_cat-tesla-tuotteet","9":"product_tag-autotarvikkeet","10":"product_tag-eco","11":"product_tag-eva","12":"product_tag-kaukalomatot","13":"product_tag-kuramatot","14":"product_tag-model-s","15":"product_tag-takaluukku","16":"product_tag-tesla","18":"first","19":"instock","20":"taxable","21":"shipping-taxable","22":"purchasable","23":"product-type-variable"},"jetpack_sharing_enabled":true,"_links":{"self":[{"href":"https:\/\/www.vempele.fi\/de\/wp-json\/wp\/v2\/product\/26742","targetHints":{"allow":["GET"]}}],"collection":[{"href":"https:\/\/www.vempele.fi\/de\/wp-json\/wp\/v2\/product"}],"about":[{"href":"https:\/\/www.vempele.fi\/de\/wp-json\/wp\/v2\/types\/product"}],"replies":[{"embeddable":true,"href":"https:\/\/www.vempele.fi\/de\/wp-json\/wp\/v2\/comments?post=26742"}],"wp:featuredmedia":[{"embeddable":true,"href":"https:\/\/www.vempele.fi\/de\/wp-json\/wp\/v2\/media\/26746"}],"wp:attachment":[{"href":"https:\/\/www.vempele.fi\/de\/wp-json\/wp\/v2\/media?parent=26742"}],"wp:term":[{"taxonomy":"product_brand","embeddable":true,"href":"https:\/\/www.vempele.fi\/de\/wp-json\/wp\/v2\/product_brand?post=26742"},{"taxonomy":"product_cat","embeddable":true,"href":"https:\/\/www.vempele.fi\/de\/wp-json\/wp\/v2\/product_cat?post=26742"},{"taxonomy":"product_tag","embeddable":true,"href":"https:\/\/www.vempele.fi\/de\/wp-json\/wp\/v2\/product_tag?post=26742"}],"curies":[{"name":"wp","href":"https:\/\/api.w.org\/{rel}","templated":true}]}}