{"id":26960,"date":"2024-03-31T13:57:51","date_gmt":"2024-03-31T10:57:51","guid":{"rendered":"https:\/\/www.vempele.fi\/?post_type=product&#038;p=26960"},"modified":"2026-03-23T15:58:06","modified_gmt":"2026-03-23T13:58:06","slug":"monaco-gp6-19-sommerreifen-satz-tesla-model-3","status":"publish","type":"product","link":"https:\/\/www.vempele.fi\/de\/tuote\/monaco-gp6-19-kesarengaspaketti-tesla-model-3\/","title":{"rendered":"Monaco GP6 19\u2033 Sommerreifenpaket - Tesla Model 3"},"content":{"rendered":"<p>Die Monaco GP6 ist eine direkt passende K\u00fchlfelge f\u00fcr Ihren Tesla!<\/p>\n<p>Das Reifenpaket wird in einem montagefertigen Paket direkt zu Ihnen nach Hause geliefert.<br \/>\nDer Lagerbestand f\u00fcr dieses Produkt wird nicht automatisch aktualisiert. Sollte der Reifen aus irgendeinem Grund nicht verf\u00fcgbar sein, setzen wir uns umgehend mit Ihnen in Verbindung, oder Sie k\u00f6nnen die Verf\u00fcgbarkeit im Voraus pr\u00fcfen. <\/p>\n<p>Die Lieferzeit f\u00fcr ein Reifenpaket betr\u00e4gt etwa 1-2 Wochen ab Bestellung.<\/p>\n<ul>\n<li>Felgen: Monaco GP6\n<ul>\n<li>Gr\u00f6\u00dfe: 19\u2033.<\/li>\n<li>Breite: 8,5\u2033<\/li>\n<li>ET: 40<\/li>\n<li>Jako: 5\u00d7114,3<\/li>\n<li>Mittelloch: 64,1mm<\/li>\n<li>Gewicht: 12,9Kg<\/li>\n<li>Tragf\u00e4higkeit: 900Kg<\/li>\n<\/ul>\n<\/li>\n<\/ul>\n<p>F\u00fcr weitere Informationen zu den Reifenoptionen klicken Sie bitte hier:<\/p>\n<details>\n<summary><b> Goodyear - Eagle F1 Asymmetric 6 XL 235\/40R19 <\/b><\/summary>\n<ul>\n<li>Lastindex: 96 <\/li>\n<li>Zeichen der Geschwindigkeitskategorie: Y (300km\/h)\n<li>Reifenklasse: C1<\/li>\n<\/ul>\n<p><img decoding=\"async\" src=\"https:\/\/www.vempele.fi\/wp-content\/uploads\/2024\/03\/goodyear_eagle_asymmetric_f1_235_40R19_96_Y_XL.png\" alt=\"\" \/>\n<\/p>\n<\/details>\n<p>&nbsp;<\/p>\n<details>\n<summary><b> Linglong - Sport Master 235\/40Yr19 <\/b><\/summary>\n<ul>\n<li>Lastindex: 96 <\/li>\n<li>Symbol f\u00fcr die Geschwindigkeitskategorie: Y\n<li>Reifenklasse: C1<\/li>\n<\/ul>\n<p><img decoding=\"async\" src=\"https:\/\/www.vempele.fi\/wp-content\/uploads\/2024\/04\/linglong_sport_master_235_40r19_96Y_xl.png\" alt=\"\" \/>\n<\/p>\n<\/details>\n<p>&nbsp;<\/p>\n<details>\n<summary><b> Bridgestone - Turanza T005 235\/40R19 <\/b><\/summary>\n<ul>\n<li>Lastindex: 96 <\/li>\n<li>Zeichen der Geschwindigkeitskategorie: Y (&gt;300km\/h)\n<li>Reifenklasse: C1<\/li>\n<\/ul>\n<p><img decoding=\"async\" src=\"https:\/\/www.vempele.fi\/wp-content\/uploads\/2024\/03\/Bridgestone_turanza_235_40R19_96_y_xl.png\" alt=\"\" \/>\n<\/p>\n<\/details>\n<p>&nbsp;<\/p>\n<details>\n<summary><b> Hankook - Ventus S1 EVO 3 XL 235\/40R19 <\/b><\/summary>\n<ul>\n<li>Lastindex: 96 <\/li>\n<li>Symbol f\u00fcr die Geschwindigkeitskategorie: W (270km\/h)\n<li>Reifenklasse: C1<\/li>\n<\/ul>\n<p><img decoding=\"async\" src=\"https:\/\/www.vempele.fi\/wp-content\/uploads\/2024\/03\/hankook_s1_evo3_235_40R19_96_W_XL.png\" alt=\"\" \/>\n<\/p>\n<\/details>\n<p>&nbsp;<\/p>\n<details>\n<summary><b> Pirelli - P-Zero (PZ4) 235\/40ZR19 <\/b><\/summary>\n<ul>\n<li>Lastindex: 92 <\/li>\n<li>Zeichen der Geschwindigkeitskategorie: Y (&gt;300km\/h)\n<li>Reifenklasse: C1<\/li>\n<\/ul>\n<p><img decoding=\"async\" src=\"https:\/\/www.vempele.fi\/wp-content\/uploads\/2024\/03\/pirelli_pzero_235_40ZR19_92_Y.png\" alt=\"\" \/>\n<\/p>\n<\/details>\n<p>&nbsp;<\/p>\n<details>\n<summary><b> Michelin - Primacy 4 Akustik 235\/40R19 <\/b><\/summary>\n<ul>\n<li>Lastindex: 96 <\/li>\n<li>Symbol f\u00fcr die Geschwindigkeitskategorie: W (270km\/h)\n<li>Reifenklasse: C1<\/li>\n<\/ul>\n<p><img decoding=\"async\" src=\"https:\/\/www.vempele.fi\/wp-content\/uploads\/2024\/03\/michelin_primacy4_acoustic_235_40R19_96_W_XL.png\" alt=\"\" \/>\n<\/p>\n<\/details>\n<p>&nbsp;<\/p>\n<p>&nbsp;<\/p>","protected":false},"excerpt":{"rendered":"<p>Ein einfach auszuw\u00e4hlendes, vorgefertigtes Paket f\u00fcr Ihre Bed\u00fcrfnisse!<\/p>\n<p>Sie k\u00f6nnen ganz einfach aus einer Reihe von Reifenoptionen und Felgenfarben diejenige ausw\u00e4hlen, die am besten zu Ihnen passt.<\/p>\n<p>Der Monaco GP6 passt direkt auf den Tesla, es werden also keine Adapterringe ben\u00f6tigt. Weitere Informationen zu Reifen und Felgen finden Sie unten auf dieser Seite. <\/p>\n<p><strong>Welche Sensoren sollte ich w\u00e4hlen?<\/strong><br \/>\nBei den Sensoren handelt es sich in der Regel ab 10\/2020 um Bluetooth-Sensoren und \u00e4ltere 433Mhz-Sensoren. Wenn das Fahrzeug jedoch in der N\u00e4he dieses Datums hergestellt wurde, lohnt es sich zu pr\u00fcfen, welche Sensoren eingebaut sind.<br \/>\nBei 433Mhz-Sensoren bitten wir Sie au\u00dferdem, das Herstellungsdatum des Fahrzeugs, z. B. 05\/2019, in den Bestelldaten anzugeben.<\/p>","protected":false},"featured_media":26727,"comment_status":"open","ping_status":"closed","template":"","meta":[],"product_brand":[],"product_cat":[593],"product_tag":[156,591,300,121,592,321],"class_list":{"0":"post-26960","1":"product","2":"type-product","3":"status-publish","4":"has-post-thumbnail","6":"product_cat-rengaspaketit","7":"product_tag-model-3","8":"product_tag-rengaspaketti","9":"product_tag-renkaat","10":"product_tag-tesla","11":"product_tag-vannepaketti","12":"product_tag-vanteet","14":"first","15":"instock","16":"taxable","17":"shipping-taxable","18":"purchasable","19":"product-type-variable"},"jetpack_sharing_enabled":true,"_links":{"self":[{"href":"https:\/\/www.vempele.fi\/de\/wp-json\/wp\/v2\/product\/26960","targetHints":{"allow":["GET"]}}],"collection":[{"href":"https:\/\/www.vempele.fi\/de\/wp-json\/wp\/v2\/product"}],"about":[{"href":"https:\/\/www.vempele.fi\/de\/wp-json\/wp\/v2\/types\/product"}],"replies":[{"embeddable":true,"href":"https:\/\/www.vempele.fi\/de\/wp-json\/wp\/v2\/comments?post=26960"}],"wp:featuredmedia":[{"embeddable":true,"href":"https:\/\/www.vempele.fi\/de\/wp-json\/wp\/v2\/media\/26727"}],"wp:attachment":[{"href":"https:\/\/www.vempele.fi\/de\/wp-json\/wp\/v2\/media?parent=26960"}],"wp:term":[{"taxonomy":"product_brand","embeddable":true,"href":"https:\/\/www.vempele.fi\/de\/wp-json\/wp\/v2\/product_brand?post=26960"},{"taxonomy":"product_cat","embeddable":true,"href":"https:\/\/www.vempele.fi\/de\/wp-json\/wp\/v2\/product_cat?post=26960"},{"taxonomy":"product_tag","embeddable":true,"href":"https:\/\/www.vempele.fi\/de\/wp-json\/wp\/v2\/product_tag?post=26960"}],"curies":[{"name":"wp","href":"https:\/\/api.w.org\/{rel}","templated":true}]}}