{"id":27271,"date":"2024-04-05T12:48:09","date_gmt":"2024-04-05T09:48:09","guid":{"rendered":"https:\/\/www.vempele.fi\/?post_type=product&#038;p=27271"},"modified":"2026-03-23T15:55:07","modified_gmt":"2026-03-23T13:55:07","slug":"monaco-gp6-19-sommerreifen-satz-tesla-model-y","status":"publish","type":"product","link":"https:\/\/www.vempele.fi\/de\/tuote\/monaco-gp6-19-kesarengaspaketti-tesla-model-y\/","title":{"rendered":"Monaco GP6 19\u2033 Sommerreifenpaket - Tesla Model Y"},"content":{"rendered":"<p>Die Monaco GP6 ist eine direkt passende K\u00fchlfelge f\u00fcr Ihren Tesla!<\/p>\n<p>Das Reifenpaket wird in einem montagefertigen Paket direkt zu Ihnen nach Hause geliefert.<br \/>\nDer Lagerbestand f\u00fcr dieses Produkt wird nicht automatisch aktualisiert. Sollte der Reifen aus irgendeinem Grund nicht verf\u00fcgbar sein, setzen wir uns umgehend mit Ihnen in Verbindung, oder Sie k\u00f6nnen die Verf\u00fcgbarkeit im Voraus pr\u00fcfen.<\/p>\n<p>Die Lieferzeit f\u00fcr ein Reifenpaket betr\u00e4gt etwa 1-2 Wochen ab Bestellung.<\/p>\n<ul>\n<li>Felgen: Monaco GP6\n<ul>\n<li>Gr\u00f6\u00dfe: 19\u2033.<\/li>\n<li>Breite: 8,5\u2033<\/li>\n<li>ET: 40<\/li>\n<li>Jako: 5\u00d7114,3<\/li>\n<li>Mittelloch: 64,1mm<\/li>\n<li>Gewicht: 14,9Kg<\/li>\n<li>Tragf\u00e4higkeit: 900Kg<\/li>\n<li>Drucksensoren: Huf BT<\/li>\n<\/ul>\n<\/li>\n<\/ul>\n<p>F\u00fcr weitere Informationen zu den Reifenoptionen klicken Sie bitte hier:<\/p>\n<details>\n<summary><b> Goodyear - Eagle F1 Asymmetric 3 XL 255\/45R19 <\/b><\/summary>\n<ul>\n<li>Tragf\u00e4higkeit: 104<\/li>\n<li>Zeichen der Geschwindigkeitskategorie: Y (300km\/h)<\/li>\n<li>Reifenklasse: C1<\/li>\n<\/ul>\n<p><img decoding=\"async\" src=\"https:\/\/www.vempele.fi\/wp-content\/uploads\/2024\/04\/goodyear_eagle_asymmetric_f1_255_45R19_104_Y_XL.png\" alt=\"\" \/><\/p>\n<\/details>\n<p>&nbsp;<\/p>\n<details>\n<summary><b> Kumho - Ecsta 255\/45Zr19 XL <\/b><\/summary>\n<ul>\n<li>Tragf\u00e4higkeit: 104<\/li>\n<li>Geschwindigkeitsklasse: Y (&gt;300km\/h)<\/li>\n<li>Reifenklasse: C1<\/li>\n<\/ul>\n<p><img decoding=\"async\" src=\"https:\/\/www.vempele.fi\/wp-content\/uploads\/2024\/04\/kumho_ecsta_PS91_255_45ZR19_104Y_XL.png\" alt=\"\" \/><\/p>\n<\/details>\n<p>&nbsp;<\/p>\n<details>\n<summary><b> Bridgestone - Turanza T005 255\/45R19 XL <\/b><\/summary>\n<ul>\n<li>Tragf\u00e4higkeit: 104<\/li>\n<li>Geschwindigkeitsklasse: Y (&gt;300km\/h)<\/li>\n<li>Reifenklasse: C1<\/li>\n<\/ul>\n<p><img decoding=\"async\" src=\"https:\/\/www.vempele.fi\/wp-content\/uploads\/2024\/04\/bridgestore_turanza_T005_255_45R19_104_Y_XL.png\" alt=\"\" \/><\/p>\n<\/details>\n<p>&nbsp;<\/p>\n<details>\n<summary><b> Hankook - Ventus S1 EVO 3 EV XL 255\/45R19 <\/b><\/summary>\n<ul>\n<li>Tragf\u00e4higkeit: 104<\/li>\n<li>Symbol f\u00fcr die Geschwindigkeitskategorie: W (270km\/h)<\/li>\n<li>Reifenklasse: C1<\/li>\n<\/ul>\n<p><img decoding=\"async\" src=\"https:\/\/www.vempele.fi\/wp-content\/uploads\/2024\/04\/hankook_s1_evo3_ev_255_45R19_104_W_XL.png\" alt=\"\" \/><\/p>\n<\/details>\n<p>&nbsp;<\/p>\n<details>\n<summary><b> Pirelli - P-Zero (PZ4) 255\/45ZR19 XL <\/b><\/summary>\n<ul>\n<li>Tragf\u00e4higkeit: 104<\/li>\n<li>Geschwindigkeitsklasse: Y (&gt;300km\/h)<\/li>\n<li>Reifenklasse: C1<\/li>\n<\/ul>\n<p><img decoding=\"async\" src=\"https:\/\/www.vempele.fi\/wp-content\/uploads\/2024\/04\/pirelli_pzero_255_45ZR19_104Y_XL.png\" alt=\"\" \/><\/p>\n<\/details>\n<p>&nbsp;<\/p>\n<details>\n<summary><b> Linglong Grip Master 255\/45 WR19 TL 104W C\/S XL <\/b><\/summary>\n<ul>\n<li>Tragf\u00e4higkeit: 104<\/li>\n<li>Geschwindigkeitsklasse: Y (&gt;300km\/h)<\/li>\n<li>Reifenklasse: C1<\/li>\n<\/ul>\n<p><img decoding=\"async\" src=\"https:\/\/www.vempele.fi\/wp-content\/uploads\/2025\/03\/linglong_grip_master_255_45r19_104W.png.jpg\" alt=\"\" \/><\/p>\n<\/details>\n<p>&nbsp;<\/p>\n<p>&nbsp;<\/p>","protected":false},"excerpt":{"rendered":"<p>Ein einfach auszuw\u00e4hlendes, vorgefertigtes Paket f\u00fcr Ihre Bed\u00fcrfnisse!<\/p>\n<p>Sie k\u00f6nnen ganz einfach aus einer Reihe von Reifenoptionen und Felgenfarben diejenige ausw\u00e4hlen, die am besten zu Ihnen passt.<\/p>\n<p>Der Monaco GP6 passt direkt auf den Tesla, es werden also keine Adapterringe ben\u00f6tigt. Weitere Informationen zu Reifen und Felgen finden Sie unten auf dieser Seite.<\/p>\n<p>Beim Modell Y sind die Reifen-Rad-Pakete mit Huf BT TPMS-Sensoren ausgestattet.<\/p>","protected":false},"featured_media":26727,"comment_status":"open","ping_status":"closed","template":"","meta":[],"product_brand":[],"product_cat":[154,593],"product_tag":[156,591,300,121,592,321],"class_list":{"0":"post-27271","1":"product","2":"type-product","3":"status-publish","4":"has-post-thumbnail","6":"product_cat-model-y","7":"product_cat-rengaspaketit","8":"product_tag-model-3","9":"product_tag-rengaspaketti","10":"product_tag-renkaat","11":"product_tag-tesla","12":"product_tag-vannepaketti","13":"product_tag-vanteet","15":"first","16":"instock","17":"taxable","18":"shipping-taxable","19":"purchasable","20":"product-type-variable"},"jetpack_sharing_enabled":true,"_links":{"self":[{"href":"https:\/\/www.vempele.fi\/de\/wp-json\/wp\/v2\/product\/27271","targetHints":{"allow":["GET"]}}],"collection":[{"href":"https:\/\/www.vempele.fi\/de\/wp-json\/wp\/v2\/product"}],"about":[{"href":"https:\/\/www.vempele.fi\/de\/wp-json\/wp\/v2\/types\/product"}],"replies":[{"embeddable":true,"href":"https:\/\/www.vempele.fi\/de\/wp-json\/wp\/v2\/comments?post=27271"}],"wp:featuredmedia":[{"embeddable":true,"href":"https:\/\/www.vempele.fi\/de\/wp-json\/wp\/v2\/media\/26727"}],"wp:attachment":[{"href":"https:\/\/www.vempele.fi\/de\/wp-json\/wp\/v2\/media?parent=27271"}],"wp:term":[{"taxonomy":"product_brand","embeddable":true,"href":"https:\/\/www.vempele.fi\/de\/wp-json\/wp\/v2\/product_brand?post=27271"},{"taxonomy":"product_cat","embeddable":true,"href":"https:\/\/www.vempele.fi\/de\/wp-json\/wp\/v2\/product_cat?post=27271"},{"taxonomy":"product_tag","embeddable":true,"href":"https:\/\/www.vempele.fi\/de\/wp-json\/wp\/v2\/product_tag?post=27271"}],"curies":[{"name":"wp","href":"https:\/\/api.w.org\/{rel}","templated":true}]}}