{"id":27524,"date":"2024-04-10T16:38:22","date_gmt":"2024-04-10T13:38:22","guid":{"rendered":"https:\/\/www.vempele.fi\/?post_type=product&#038;p=27524"},"modified":"2024-04-10T17:28:57","modified_gmt":"2024-04-10T14:28:57","slug":"kumho-ecsta-ps91-255-45zr19-104y-xl-tesla-modell-y","status":"publish","type":"product","link":"https:\/\/www.vempele.fi\/de\/tuote\/kumho-ecsta-ps91-255-45zr19-104y-xl-tesla-model-y\/","title":{"rendered":"Kumho Ecsta PS91 255\/45ZR19 104Y XL - Tesla Model Y"},"content":{"rendered":"<p>1 St\u00fcck Kumho Ecsta PS91: 255\/45ZR19 104Y XL - Tesla Model Y.<\/p>\n<ul>\n<li class=\"single-product__section-title\">EU-Reifenkennzeichnung<\/li>\n<li>Typ: Sommerreifen<\/li>\n<li>Zentimeter: 19<\/li>\n<li>Breite: 255<\/li>\n<li>Profil: 45<\/li>\n<li class=\"single-product__section-title\">Geschwindigkeitskategorie: 300km\/h (Y)<\/li>\n<li class=\"single-product__section-title\">Tragf\u00e4higkeit: 900kg (104)<\/li>\n<li>Reifenklassifizierung: C1<\/li>\n<li>Kraftstoffverbrauch: D<\/li>\n<li>Nasspflege: A<\/li>\n<li>Klassifizierung und Intensit\u00e4t des Vorbeifahrger\u00e4uschs: B 73dB<\/li>\n<\/ul>","protected":false},"excerpt":{"rendered":"<p class=\"single-product__title\">Kumho Ecsta PS91: 255\/45R19 104Y XL.<\/p>\n<p>Sommerreifen.<\/p>\n<p>Kumho ist eine gute preisg\u00fcnstige Option f\u00fcr einen Model Y-Reifen. Entwickelt f\u00fcr leistungsstarke Autos.<\/p>\n<p>Wir haben dieses Produkt nicht immer auf Lager, aber wir k\u00f6nnen es schnell von einem Gro\u00dfh\u00e4ndler in etwa 3 Tagen bekommen.<\/p>","protected":false},"featured_media":27525,"comment_status":"open","ping_status":"closed","template":"","meta":[],"product_brand":[],"product_cat":[154,371,128],"product_tag":[301,626,627,299,300,121,203,321],"class_list":{"0":"post-27524","1":"product","2":"type-product","3":"status-publish","4":"has-post-thumbnail","6":"product_cat-model-y","7":"product_cat-renkaat","8":"product_cat-tesla-tuotteet","9":"product_tag-autonrenkaat","10":"product_tag-kumho","11":"product_tag-kumho-ecsta","12":"product_tag-rengas","13":"product_tag-renkaat","14":"product_tag-tesla","15":"product_tag-tesla-model-y","16":"product_tag-vanteet","17":"product_shipping_class-nouto","19":"first","20":"instock","21":"taxable","22":"shipping-taxable","23":"purchasable","24":"product-type-simple"},"jetpack_sharing_enabled":true,"_links":{"self":[{"href":"https:\/\/www.vempele.fi\/de\/wp-json\/wp\/v2\/product\/27524","targetHints":{"allow":["GET"]}}],"collection":[{"href":"https:\/\/www.vempele.fi\/de\/wp-json\/wp\/v2\/product"}],"about":[{"href":"https:\/\/www.vempele.fi\/de\/wp-json\/wp\/v2\/types\/product"}],"replies":[{"embeddable":true,"href":"https:\/\/www.vempele.fi\/de\/wp-json\/wp\/v2\/comments?post=27524"}],"wp:featuredmedia":[{"embeddable":true,"href":"https:\/\/www.vempele.fi\/de\/wp-json\/wp\/v2\/media\/27525"}],"wp:attachment":[{"href":"https:\/\/www.vempele.fi\/de\/wp-json\/wp\/v2\/media?parent=27524"}],"wp:term":[{"taxonomy":"product_brand","embeddable":true,"href":"https:\/\/www.vempele.fi\/de\/wp-json\/wp\/v2\/product_brand?post=27524"},{"taxonomy":"product_cat","embeddable":true,"href":"https:\/\/www.vempele.fi\/de\/wp-json\/wp\/v2\/product_cat?post=27524"},{"taxonomy":"product_tag","embeddable":true,"href":"https:\/\/www.vempele.fi\/de\/wp-json\/wp\/v2\/product_tag?post=27524"}],"curies":[{"name":"wp","href":"https:\/\/api.w.org\/{rel}","templated":true}]}}