{"id":28103,"date":"2024-05-02T13:23:14","date_gmt":"2024-05-02T10:23:14","guid":{"rendered":"https:\/\/www.vempele.fi\/?post_type=product&#038;p=28103"},"modified":"2026-04-21T15:18:08","modified_gmt":"2026-04-21T12:18:08","slug":"felgenmittelkappen-fur-model-3-highland-photon-felgen","status":"publish","type":"product","link":"https:\/\/www.vempele.fi\/de\/tuote\/vanteen-keskikupit-model-3-highland-photon-vanteille\/","title":{"rendered":"Felgenh\u00f6rnchen f\u00fcr Model 3 Highland Photon-Felgen"},"content":{"rendered":"<p>Felgenbecher f\u00fcr Model 3 Highland Photon Felgen, 4 St\u00fcck<\/p>\n<ul>\n<li>Kompatibilit\u00e4t: das Tesla Model 3 Highland Photon Rad<\/li>\n<li>Farbe: Dunkelgrau<\/li>\n<li>Durchmesser: ca. 150mm<\/li>\n<li>Gewicht: ca. 350 g (Verpackung)<\/li>\n<\/ul>","protected":false},"excerpt":{"rendered":"<p>Diese Center Cups f\u00fcr Tesla Model 3 Highland Photon R\u00e4der sind eine gute M\u00f6glichkeit, Ihre Nabe und Muttern mit einem einzigen Produkt zu sch\u00fctzen!<\/p>\n<p>Enth\u00e4lt 4 St\u00fcck Mittelbecher.<\/p>","protected":false},"featured_media":28106,"comment_status":"open","ping_status":"closed","template":"","meta":[],"product_brand":[],"product_cat":[151,452,481,128,456],"product_tag":[83,587,383,543,156,642,121],"class_list":{"0":"post-28103","1":"product","2":"type-product","3":"status-publish","4":"has-post-thumbnail","6":"product_cat-model-3","7":"product_cat-m3-tarvikkeet","8":"product_cat-tarvikkeet-ulkopuolelle-model-3","9":"product_cat-tesla-tuotteet","10":"product_cat-vannetarvikkeet","11":"product_tag-autotarvikkeet","12":"product_tag-highland","13":"product_tag-keskikupit","14":"product_tag-keskikuppi","15":"product_tag-model-3","16":"product_tag-photon","17":"product_tag-tesla","19":"first","20":"instock","21":"taxable","22":"shipping-taxable","23":"purchasable","24":"product-type-simple"},"jetpack_sharing_enabled":true,"_links":{"self":[{"href":"https:\/\/www.vempele.fi\/de\/wp-json\/wp\/v2\/product\/28103","targetHints":{"allow":["GET"]}}],"collection":[{"href":"https:\/\/www.vempele.fi\/de\/wp-json\/wp\/v2\/product"}],"about":[{"href":"https:\/\/www.vempele.fi\/de\/wp-json\/wp\/v2\/types\/product"}],"replies":[{"embeddable":true,"href":"https:\/\/www.vempele.fi\/de\/wp-json\/wp\/v2\/comments?post=28103"}],"wp:featuredmedia":[{"embeddable":true,"href":"https:\/\/www.vempele.fi\/de\/wp-json\/wp\/v2\/media\/28106"}],"wp:attachment":[{"href":"https:\/\/www.vempele.fi\/de\/wp-json\/wp\/v2\/media?parent=28103"}],"wp:term":[{"taxonomy":"product_brand","embeddable":true,"href":"https:\/\/www.vempele.fi\/de\/wp-json\/wp\/v2\/product_brand?post=28103"},{"taxonomy":"product_cat","embeddable":true,"href":"https:\/\/www.vempele.fi\/de\/wp-json\/wp\/v2\/product_cat?post=28103"},{"taxonomy":"product_tag","embeddable":true,"href":"https:\/\/www.vempele.fi\/de\/wp-json\/wp\/v2\/product_tag?post=28103"}],"curies":[{"name":"wp","href":"https:\/\/api.w.org\/{rel}","templated":true}]}}