{"id":28355,"date":"2024-06-03T15:44:05","date_gmt":"2024-06-03T12:44:05","guid":{"rendered":"https:\/\/www.vempele.fi\/?post_type=product&#038;p=28355"},"modified":"2025-12-01T13:13:40","modified_gmt":"2025-12-01T11:13:40","slug":"eco-fusmatten-tesla-modell-x-6-sitze","status":"publish","type":"product","link":"https:\/\/www.vempele.fi\/de\/tuote\/eco-lattiamatot-tesla-model-x-6-paikkainen\/","title":{"rendered":"ECO Fu\u00dfmatten - Tesla Model X (6 Sitze)"},"content":{"rendered":"<p>Verschlei\u00dffester, beliebter und vor allem einheimischer ECO-Mattensatz f\u00fcr Tesla Model X<\/p>\n<p>Drei Matten in der Packung:<br \/>\n1 x F\u00fcr den Fahrer<br \/>\n1 x f\u00fcr Beifahrer<br \/>\n1 x Einzelner Teppich f\u00fcr den hinteren Boden<\/p>\n<p><b>Weitere Informationen:<\/b><\/p>\n<ul>\n<li>Material: EVA<\/li>\n<li>Angemessenheit:\n<ul>\n<li>Model X 2012 - 2021<\/li>\n<li>Model X 2021 -&gt;<\/li>\n<\/ul>\n<\/li>\n<li>Farbe: Schwarz<\/li>\n<li>Gewicht: ca. 1,9kg<\/li>\n<li>Herstellungsland: Finnland<\/li>\n<\/ul>","protected":false},"excerpt":{"rendered":"<p>Domestic sauberen Teppich Option f\u00fcr Tesla jetzt direkt aus dem Lager!<\/p>\n<p>Das Material des Teppichs ist \u00f6kologisches und recycelbares EVA, sicher, ungiftig und geruchsneutral. Die einzigartige Zellstruktur erm\u00f6glicht eine gleichm\u00e4\u00dfige Ansammlung von Schmutz und Wasser in den Zellen. Die Matten lassen sich leicht durch Sch\u00fctteln oder Absp\u00fclen mit Wasser reinigen. Die Luftqualit\u00e4t in Innenr\u00e4umen wird verbessert und das Beschlagen der Fenster reduziert. Das Material kann Temperaturen von -50\u00b0C bis +70\u00b0C standhalten. Sto\u00dffest, schall- und w\u00e4rmed\u00e4mmend. Angenehm zu ber\u00fchren und wirklich stilvolle ECO-Matten.<\/p>\n<p>Hinweis! Nur f\u00fcr 6-sitziges Modell!<\/p>","protected":false},"featured_media":28358,"comment_status":"open","ping_status":"closed","template":"","meta":[],"product_brand":[],"product_cat":[514,153,128],"product_tag":[83,590,206,513,553,173,121],"class_list":{"0":"post-28355","1":"product","2":"type-product","3":"status-publish","4":"has-post-thumbnail","6":"product_cat-model-x-matot","7":"product_cat-model-x","8":"product_cat-tesla-tuotteet","9":"product_tag-autotarvikkeet","10":"product_tag-eco","11":"product_tag-eva","12":"product_tag-kaukalomatot","13":"product_tag-kuramatot","14":"product_tag-model-x","15":"product_tag-tesla","17":"first","18":"instock","19":"taxable","20":"shipping-taxable","21":"purchasable","22":"product-type-variable"},"jetpack_sharing_enabled":true,"_links":{"self":[{"href":"https:\/\/www.vempele.fi\/de\/wp-json\/wp\/v2\/product\/28355","targetHints":{"allow":["GET"]}}],"collection":[{"href":"https:\/\/www.vempele.fi\/de\/wp-json\/wp\/v2\/product"}],"about":[{"href":"https:\/\/www.vempele.fi\/de\/wp-json\/wp\/v2\/types\/product"}],"replies":[{"embeddable":true,"href":"https:\/\/www.vempele.fi\/de\/wp-json\/wp\/v2\/comments?post=28355"}],"wp:featuredmedia":[{"embeddable":true,"href":"https:\/\/www.vempele.fi\/de\/wp-json\/wp\/v2\/media\/28358"}],"wp:attachment":[{"href":"https:\/\/www.vempele.fi\/de\/wp-json\/wp\/v2\/media?parent=28355"}],"wp:term":[{"taxonomy":"product_brand","embeddable":true,"href":"https:\/\/www.vempele.fi\/de\/wp-json\/wp\/v2\/product_brand?post=28355"},{"taxonomy":"product_cat","embeddable":true,"href":"https:\/\/www.vempele.fi\/de\/wp-json\/wp\/v2\/product_cat?post=28355"},{"taxonomy":"product_tag","embeddable":true,"href":"https:\/\/www.vempele.fi\/de\/wp-json\/wp\/v2\/product_tag?post=28355"}],"curies":[{"name":"wp","href":"https:\/\/api.w.org\/{rel}","templated":true}]}}