{"id":28580,"date":"2024-05-20T17:17:18","date_gmt":"2024-05-20T14:17:18","guid":{"rendered":"https:\/\/www.vempele.fi\/?post_type=product&#038;p=28580"},"modified":"2026-04-09T22:54:19","modified_gmt":"2026-04-09T19:54:19","slug":"sonnenschutz-fur-seitenfenster-tesla-model-y","status":"publish","type":"product","link":"https:\/\/www.vempele.fi\/de\/tuote\/sivuikkunoiden-aurinkosuojat-tesla-model-y\/","title":{"rendered":"Sonnenschutz f\u00fcr die Seitenfenster - Tesla Model Y"},"content":{"rendered":"<p>Sonnenblenden f\u00fcr die Seitenscheiben des Tesla Model Y.<\/p>\n<p>Das Paket enth\u00e4lt Sonnenblenden f\u00fcr alle Seitenfenster, Saugn\u00e4pfe f\u00fcr die Befestigung.<\/p>\n<ul>\n<li>Farbe: Schwarz<\/li>\n<li>Abmessungen der Verpackung: 68 x 48 x 3,5 cm<\/li>\n<li>Gewicht der Verpackung: 0,91 kg<\/li>\n<li>Angemessenheit:\n<ul>\n<li>Modell Y 2020 - 2024<\/li>\n<li>Modell Y Juniper 2025 -&gt;<\/li>\n<\/ul>\n<\/li>\n<\/ul>","protected":false},"excerpt":{"rendered":"<p>Seitenfenster-Sonnenschutz f\u00fcr Tesla Model Y. Sch\u00fctzen Sie sich vor der Hitze und erh\u00f6hen Sie Ihren Fahrkomfort!<\/p>\n<p>Der Sonnenschirm ist einfach zu installieren. Sie werden mit Saugn\u00e4pfen zur Befestigung geliefert.<\/p>\n<p><a href=\"https:\/\/www.vempele.fi\/wp-content\/uploads\/2024\/05\/sun_shades_video.mp4\">Video zur Installation<\/a><\/p>","protected":false},"featured_media":28581,"comment_status":"open","ping_status":"closed","template":"","meta":[],"product_brand":[],"product_cat":[154,455,482,128],"product_tag":[198,121,203],"class_list":{"0":"post-28580","1":"product","2":"type-product","3":"status-publish","4":"has-post-thumbnail","6":"product_cat-model-y","7":"product_cat-my-tarvikkeet","8":"product_cat-tarvikkeet-sisapuolelle-model-y","9":"product_cat-tesla-tuotteet","10":"product_tag-aurinkosuoja","11":"product_tag-tesla","12":"product_tag-tesla-model-y","14":"first","15":"instock","16":"sale","17":"taxable","18":"shipping-taxable","19":"purchasable","20":"product-type-simple"},"jetpack_sharing_enabled":true,"_links":{"self":[{"href":"https:\/\/www.vempele.fi\/de\/wp-json\/wp\/v2\/product\/28580","targetHints":{"allow":["GET"]}}],"collection":[{"href":"https:\/\/www.vempele.fi\/de\/wp-json\/wp\/v2\/product"}],"about":[{"href":"https:\/\/www.vempele.fi\/de\/wp-json\/wp\/v2\/types\/product"}],"replies":[{"embeddable":true,"href":"https:\/\/www.vempele.fi\/de\/wp-json\/wp\/v2\/comments?post=28580"}],"wp:featuredmedia":[{"embeddable":true,"href":"https:\/\/www.vempele.fi\/de\/wp-json\/wp\/v2\/media\/28581"}],"wp:attachment":[{"href":"https:\/\/www.vempele.fi\/de\/wp-json\/wp\/v2\/media?parent=28580"}],"wp:term":[{"taxonomy":"product_brand","embeddable":true,"href":"https:\/\/www.vempele.fi\/de\/wp-json\/wp\/v2\/product_brand?post=28580"},{"taxonomy":"product_cat","embeddable":true,"href":"https:\/\/www.vempele.fi\/de\/wp-json\/wp\/v2\/product_cat?post=28580"},{"taxonomy":"product_tag","embeddable":true,"href":"https:\/\/www.vempele.fi\/de\/wp-json\/wp\/v2\/product_tag?post=28580"}],"curies":[{"name":"wp","href":"https:\/\/api.w.org\/{rel}","templated":true}]}}