{"id":28614,"date":"2024-05-22T10:09:17","date_gmt":"2024-05-22T07:09:17","guid":{"rendered":"https:\/\/www.vempele.fi\/?post_type=product&#038;p=28614"},"modified":"2026-03-04T17:45:00","modified_gmt":"2026-03-04T15:45:00","slug":"versenkbares-dach-sonnenschutzdach-tesla-model-y","status":"publish","type":"product","link":"https:\/\/www.vempele.fi\/de\/tuote\/avattava-katon-aurinkosuoja-tesla-model-y\/","title":{"rendered":"Sonnenschutzdach zum \u00d6ffnen - Tesla Model Y"},"content":{"rendered":"<p>Eleganter Dachschirm f\u00fcr Tesla Model Y mit einer zweiteiligen Dach\u00f6ffnung. Blockiert die Sonne im Sommer und isoliert gegen die K\u00e4lte im Winter. Leicht zu \u00f6ffnen von vorne und hinten vom R\u00fccksitz aus.<\/p>\n<p>Der Sonnenschirm wird in einem gro\u00dfen St\u00fcck geliefert. F\u00fcr den Einbau werden zwei Paar H\u00e4nde empfohlen. Klappen Sie die R\u00fcckenlehnen der Vordersitze um. Entfernen Sie die Hutablage von der Heckklappe und klappen Sie die R\u00fccksitze um. Schieben Sie die Sonnenblende ganz durch die Heckklappe. Schieben Sie die hinteren festen Clips unter die Dachfensterverkleidung. Heben Sie dann die Vorderseite an und verwenden Sie den mitgelieferten Schl\u00fcssel, um die vorderen Clips unter die Dachfensterverkleidung zu schrauben. M\u00f6glicherweise m\u00fcssen Sie das mitgelieferte Werkzeug f\u00fcr die Kunststoffverkleidung verwenden, damit die Clips reibungslos unter die Dachfensterverkleidung gleiten. Schlie\u00dfen Sie die Installation ab, indem Sie die Schutzstifte \u00fcber den L\u00f6chern anbringen.<\/p>\n<p>Die Befestigungsclips werden in die Heckscheibenverkleidung eingesetzt und die entsprechenden Clips auf der Vorderseite werden mit einem Schl\u00fcssel in die Verkleidung gedreht.<\/p>\n<ul>\n<li>Farbe: Hellblau<\/li>\n<li>Abmessungen der Verpackung: 140 x 115 x 10 cm<\/li>\n<li>Gewicht der Verpackung: 7,00 kg<\/li>\n<li>Angemessenheit:\n<ul>\n<li>Modell Y 2020 - 2024<\/li>\n<\/ul>\n<\/li>\n<\/ul>","protected":false},"excerpt":{"rendered":"<p>Sonnenschutzdach zum \u00d6ffnen f\u00fcr Tesla Model Y.  Sch\u00fctzen Sie sich vor der Hitze und erh\u00f6hen Sie Ihren Fahrkomfort!<\/p>","protected":false},"featured_media":28617,"comment_status":"open","ping_status":"closed","template":"","meta":[],"product_brand":[],"product_cat":[154,455,482,128],"product_tag":[198,759,121,203],"class_list":{"0":"post-28614","1":"product","2":"type-product","3":"status-publish","4":"has-post-thumbnail","6":"product_cat-model-y","7":"product_cat-my-tarvikkeet","8":"product_cat-tarvikkeet-sisapuolelle-model-y","9":"product_cat-tesla-tuotteet","10":"product_tag-aurinkosuoja","11":"product_tag-avattava","12":"product_tag-tesla","13":"product_tag-tesla-model-y","15":"first","16":"instock","17":"sale","18":"taxable","19":"shipping-taxable","20":"purchasable","21":"product-type-simple"},"jetpack_sharing_enabled":true,"_links":{"self":[{"href":"https:\/\/www.vempele.fi\/de\/wp-json\/wp\/v2\/product\/28614","targetHints":{"allow":["GET"]}}],"collection":[{"href":"https:\/\/www.vempele.fi\/de\/wp-json\/wp\/v2\/product"}],"about":[{"href":"https:\/\/www.vempele.fi\/de\/wp-json\/wp\/v2\/types\/product"}],"replies":[{"embeddable":true,"href":"https:\/\/www.vempele.fi\/de\/wp-json\/wp\/v2\/comments?post=28614"}],"wp:featuredmedia":[{"embeddable":true,"href":"https:\/\/www.vempele.fi\/de\/wp-json\/wp\/v2\/media\/28617"}],"wp:attachment":[{"href":"https:\/\/www.vempele.fi\/de\/wp-json\/wp\/v2\/media?parent=28614"}],"wp:term":[{"taxonomy":"product_brand","embeddable":true,"href":"https:\/\/www.vempele.fi\/de\/wp-json\/wp\/v2\/product_brand?post=28614"},{"taxonomy":"product_cat","embeddable":true,"href":"https:\/\/www.vempele.fi\/de\/wp-json\/wp\/v2\/product_cat?post=28614"},{"taxonomy":"product_tag","embeddable":true,"href":"https:\/\/www.vempele.fi\/de\/wp-json\/wp\/v2\/product_tag?post=28614"}],"curies":[{"name":"wp","href":"https:\/\/api.w.org\/{rel}","templated":true}]}}