{"id":29435,"date":"2025-09-03T15:52:08","date_gmt":"2025-09-03T12:52:08","guid":{"rendered":"https:\/\/www.vempele.fi\/?post_type=product&#038;p=29435"},"modified":"2026-01-22T11:07:59","modified_gmt":"2026-01-22T09:07:59","slug":"motorwerk-ev-typ2-11kw-ladegerat","status":"publish","type":"product","link":"https:\/\/www.vempele.fi\/de\/tuote\/motorwerk-ev-type2-11kw-latauslaite\/","title":{"rendered":"Motorwerk EV Typ2 11kW Ladeger\u00e4t"},"content":{"rendered":"<p>Motorwerk EV Typ2 11kW Ladeger\u00e4t<\/p>\n<p>Eine kompakte, tragbare Ladestation f\u00fcr Elektroautos mit einer Leistung von 11 kW, die Ihr Auto \u00fcber Nacht aufl\u00e4dt. Sehr einfach zu installieren, da keine Festinstallation erforderlich ist. Wird direkt an eine Steckdose angeschlossen (CEE 3x16A \/ 400V). Klein und leicht, so dass Sie sie leicht auf Gesch\u00e4ftsreisen, ins Ferienhaus usw. mitnehmen k\u00f6nnen.<\/p>\n<p><a href=\"https:\/\/www.vempele.fi\/wp-content\/uploads\/2025\/09\/Kayttoohje_Motorwerk_11kw_type2_5m_8m_10m_FI_SV_EN.pdf\">Gebrauchsanweisung und Montageanleitung<\/a><\/p>\n<p><strong>Merkmale:<\/strong><\/p>\n<ul>\n<li>Ladestrom: 8 A, 10 A, 13 A und 16 A, einstellbar<\/li>\n<li>Ladeleistung: 5,5 kW-11 kW<\/li>\n<li>Ladestecker: Typ 2<\/li>\n<li>Wandsteckdose: CEE<\/li>\n<li>Kabell\u00e4nge: 5m, 8m oder 10m<\/li>\n<li>Informative Anzeige<\/li>\n<li>Timerfunktion zum Aufladen<\/li>\n<li>Funktion der Ladeverz\u00f6gerung 1-10 h<\/li>\n<li>Typ A AC-\u00dcberspannungsschutz + DC-\u00dcberspannungsschutz<\/li>\n<li>Ableitungs-, \u00dcberspannungs-, Unterspannungs-, \u00dcberhitzungs- und Blitzschutz<\/li>\n<li>Robuste Konstruktion der Ladestation<\/li>\n<li>Ladeger\u00e4t IP65<\/li>\n<li>Ladestecker IP54<\/li>\n<li>Betriebstemperatur: -30 bis 50 \u00b0C<\/li>\n<li>CE-gepr\u00fcft<\/li>\n<li>Garantie: 24 Monate<\/li>\n<\/ul>","protected":false},"excerpt":{"rendered":"<p>Motorwerk EV Typ2 11kW Ladeger\u00e4t<\/p>\n<ul>\n<li>Ladestrom: 8 A, 10 A, 13 A und 16 A, einstellbar<\/li>\n<li>Ladeleistung: 5,5 kW-11 kW<\/li>\n<li>Kabell\u00e4nge: 5m, 8m oder 10m<\/li>\n<li>Timerfunktion zum Aufladen<\/li>\n<li>Funktion der Ladeverz\u00f6gerung 1-10 h<\/li>\n<\/ul>","protected":false},"featured_media":41982,"comment_status":"open","ping_status":"closed","template":"","meta":[],"product_brand":[821],"product_cat":[664],"product_tag":[671,673,675,676,678,679],"class_list":{"0":"post-29435","1":"product","2":"type-product","3":"status-publish","4":"has-post-thumbnail","6":"product_brand-motorwerk","7":"product_cat-laturit","8":"product_tag-16a","9":"product_tag-3-vaihe","10":"product_tag-matkalaturi","11":"product_tag-mobiililaturi","12":"product_tag-type2","13":"product_tag-voimavirta","15":"first","16":"instock","17":"taxable","18":"shipping-taxable","19":"purchasable","20":"product-type-variable"},"jetpack_sharing_enabled":true,"_links":{"self":[{"href":"https:\/\/www.vempele.fi\/de\/wp-json\/wp\/v2\/product\/29435","targetHints":{"allow":["GET"]}}],"collection":[{"href":"https:\/\/www.vempele.fi\/de\/wp-json\/wp\/v2\/product"}],"about":[{"href":"https:\/\/www.vempele.fi\/de\/wp-json\/wp\/v2\/types\/product"}],"replies":[{"embeddable":true,"href":"https:\/\/www.vempele.fi\/de\/wp-json\/wp\/v2\/comments?post=29435"}],"wp:featuredmedia":[{"embeddable":true,"href":"https:\/\/www.vempele.fi\/de\/wp-json\/wp\/v2\/media\/41982"}],"wp:attachment":[{"href":"https:\/\/www.vempele.fi\/de\/wp-json\/wp\/v2\/media?parent=29435"}],"wp:term":[{"taxonomy":"product_brand","embeddable":true,"href":"https:\/\/www.vempele.fi\/de\/wp-json\/wp\/v2\/product_brand?post=29435"},{"taxonomy":"product_cat","embeddable":true,"href":"https:\/\/www.vempele.fi\/de\/wp-json\/wp\/v2\/product_cat?post=29435"},{"taxonomy":"product_tag","embeddable":true,"href":"https:\/\/www.vempele.fi\/de\/wp-json\/wp\/v2\/product_tag?post=29435"}],"curies":[{"name":"wp","href":"https:\/\/api.w.org\/{rel}","templated":true}]}}