{"id":29602,"date":"2024-08-07T10:00:59","date_gmt":"2024-08-07T07:00:59","guid":{"rendered":"https:\/\/www.vempele.fi\/?post_type=product&#038;p=29602"},"modified":"2025-09-11T19:25:32","modified_gmt":"2025-09-11T16:25:32","slug":"tureinstiegsleisten-tesla-model-y","status":"publish","type":"product","link":"https:\/\/www.vempele.fi\/de\/tuote\/ovien-potkusuojatarrat-tesla-model-y\/","title":{"rendered":"T\u00fcreinstiegsleisten - Tesla Model Y"},"content":{"rendered":"<p>Tesla Model Y T\u00fcreinstiegsleisten.<\/p>\n<ul>\n<li>Material: dicker Vinyl-Aufkleber<\/li>\n<li>Angemessenheit:\n<ul>\n<li>Modell Y 2020 - 2024<\/li>\n<\/ul>\n<\/li>\n<li>Abbildung 1: Erkl\u00e4rung zu Kohlenstofffasern<\/li>\n<li>Menge: 4 St\u00fcck \/ Serie<\/li>\n<\/ul>","protected":false},"excerpt":{"rendered":"<p>T\u00fcreinstiegsleisten f\u00fcr Tesla Model Y. Die schwarzen, dicken und weichen Aufkleber haben ein Karbonfasermuster. Sie passen perfekt auf den unteren Teil der Innenseite der T\u00fcren des Tesla Model Y. Die Aufkleber sch\u00fctzen die Innenseite der T\u00fcren vor Kratzern und bringen die Sportlichkeit Ihres Fahrzeugs auf die n\u00e4chste Stufe!<\/p>\n<p>Verpackt mit Etiketten f\u00fcr jede der vier T\u00fcren.<\/p>","protected":false},"featured_media":29604,"comment_status":"open","ping_status":"closed","template":"","meta":[],"product_brand":[],"product_cat":[154,455,482,128],"product_tag":[83,241,271,242,121],"class_list":{"0":"post-29602","1":"product","2":"type-product","3":"status-publish","4":"has-post-thumbnail","6":"product_cat-model-y","7":"product_cat-my-tarvikkeet","8":"product_cat-tarvikkeet-sisapuolelle-model-y","9":"product_cat-tesla-tuotteet","10":"product_tag-autotarvikkeet","11":"product_tag-hiilikuitu","12":"product_tag-model-y","13":"product_tag-potkusuoja","14":"product_tag-tesla","16":"first","17":"instock","18":"taxable","19":"shipping-taxable","20":"purchasable","21":"product-type-simple"},"jetpack_sharing_enabled":true,"_links":{"self":[{"href":"https:\/\/www.vempele.fi\/de\/wp-json\/wp\/v2\/product\/29602","targetHints":{"allow":["GET"]}}],"collection":[{"href":"https:\/\/www.vempele.fi\/de\/wp-json\/wp\/v2\/product"}],"about":[{"href":"https:\/\/www.vempele.fi\/de\/wp-json\/wp\/v2\/types\/product"}],"replies":[{"embeddable":true,"href":"https:\/\/www.vempele.fi\/de\/wp-json\/wp\/v2\/comments?post=29602"}],"wp:featuredmedia":[{"embeddable":true,"href":"https:\/\/www.vempele.fi\/de\/wp-json\/wp\/v2\/media\/29604"}],"wp:attachment":[{"href":"https:\/\/www.vempele.fi\/de\/wp-json\/wp\/v2\/media?parent=29602"}],"wp:term":[{"taxonomy":"product_brand","embeddable":true,"href":"https:\/\/www.vempele.fi\/de\/wp-json\/wp\/v2\/product_brand?post=29602"},{"taxonomy":"product_cat","embeddable":true,"href":"https:\/\/www.vempele.fi\/de\/wp-json\/wp\/v2\/product_cat?post=29602"},{"taxonomy":"product_tag","embeddable":true,"href":"https:\/\/www.vempele.fi\/de\/wp-json\/wp\/v2\/product_tag?post=29602"}],"curies":[{"name":"wp","href":"https:\/\/api.w.org\/{rel}","templated":true}]}}