{"id":30746,"date":"2024-08-26T12:57:54","date_gmt":"2024-08-26T09:57:54","guid":{"rendered":"https:\/\/www.vempele.fi\/?post_type=product&#038;p=30746"},"modified":"2026-04-16T17:39:59","modified_gmt":"2026-04-16T14:39:59","slug":"montagesatz-vorderradbremssattel-schnellbremse-modell-3-y","status":"publish","type":"product","link":"https:\/\/www.vempele.fi\/de\/tuote\/asennussarja-jarrusatula-eteen-quick-brake-model-3-y\/","title":{"rendered":"Montagesatz, Bremssattel, vorne - Schnellbremse - Modell 3 \/ Y"},"content":{"rendered":"<p>Hersteller: die Schnellbremse<\/p>\n<p>Produktnummer des Herstellers: 109-0122<\/p>\n<p>Angemessenheit:<\/p>\n<ul>\n<li style=\"list-style-type: none;\">\n<ul>\n<li>Modell 3<\/li>\n<li>Modell Y<\/li>\n<\/ul>\n<\/li>\n<\/ul>","protected":false},"excerpt":{"rendered":"<p>Hersteller-Schnellbremseinbausatz f\u00fcr vordere Bremss\u00e4ttel f\u00fcr Tesla Model 3 und Y-Modelle.<\/p>","protected":false},"featured_media":30748,"comment_status":"open","ping_status":"closed","template":"","meta":[],"product_brand":[840],"product_cat":[151,154,471,472],"product_tag":[692,693,680,156,271,682,121,319],"class_list":{"0":"post-30746","1":"product","2":"type-product","3":"status-publish","4":"has-post-thumbnail","6":"product_brand-quick-brake","7":"product_cat-model-3","8":"product_cat-model-y","9":"product_cat-model-3-varaosat","10":"product_cat-varaosat-model-y","11":"product_tag-asennussarja","12":"product_tag-jarrut","13":"product_tag-korjaussarja","14":"product_tag-model-3","15":"product_tag-model-y","16":"product_tag-pultit","17":"product_tag-tesla","18":"product_tag-varaosat","20":"first","21":"instock","22":"taxable","23":"shipping-taxable","24":"purchasable","25":"product-type-simple"},"jetpack_sharing_enabled":true,"_links":{"self":[{"href":"https:\/\/www.vempele.fi\/de\/wp-json\/wp\/v2\/product\/30746","targetHints":{"allow":["GET"]}}],"collection":[{"href":"https:\/\/www.vempele.fi\/de\/wp-json\/wp\/v2\/product"}],"about":[{"href":"https:\/\/www.vempele.fi\/de\/wp-json\/wp\/v2\/types\/product"}],"replies":[{"embeddable":true,"href":"https:\/\/www.vempele.fi\/de\/wp-json\/wp\/v2\/comments?post=30746"}],"wp:featuredmedia":[{"embeddable":true,"href":"https:\/\/www.vempele.fi\/de\/wp-json\/wp\/v2\/media\/30748"}],"wp:attachment":[{"href":"https:\/\/www.vempele.fi\/de\/wp-json\/wp\/v2\/media?parent=30746"}],"wp:term":[{"taxonomy":"product_brand","embeddable":true,"href":"https:\/\/www.vempele.fi\/de\/wp-json\/wp\/v2\/product_brand?post=30746"},{"taxonomy":"product_cat","embeddable":true,"href":"https:\/\/www.vempele.fi\/de\/wp-json\/wp\/v2\/product_cat?post=30746"},{"taxonomy":"product_tag","embeddable":true,"href":"https:\/\/www.vempele.fi\/de\/wp-json\/wp\/v2\/product_tag?post=30746"}],"curies":[{"name":"wp","href":"https:\/\/api.w.org\/{rel}","templated":true}]}}