{"id":30749,"date":"2024-08-26T13:32:50","date_gmt":"2024-08-26T10:32:50","guid":{"rendered":"https:\/\/www.vempele.fi\/?post_type=product&#038;p=30749"},"modified":"2026-04-16T17:40:00","modified_gmt":"2026-04-16T14:40:00","slug":"montagesatz-hintere-bremssattel-schnellbremse-modell-3-y-s","status":"publish","type":"product","link":"https:\/\/www.vempele.fi\/de\/tuote\/asennussarja-jarrusatula-taakse-quick-brake-model-3-y-s\/","title":{"rendered":"Montagesatz, Bremssattel, hinten - Schnellbremse - Modell 3 \/ Y \/ S"},"content":{"rendered":"<p>Hersteller: die Schnellbremse<\/p>\n<p>Produktnummer des Herstellers: 113-1434X<\/p>\n<p>Angemessenheit:<\/p>\n<ul>\n<li style=\"list-style-type: none;\">\n<ul>\n<li>Modell 3<\/li>\n<li>Modell Y<\/li>\n<li>Modell S<\/li>\n<\/ul>\n<\/li>\n<\/ul>","protected":false},"excerpt":{"rendered":"<p>Quick Brake Montagesatz des Herstellers f\u00fcr hintere Bremss\u00e4ttel f\u00fcr Tesla Model S, 3 und Y Modelle.<\/p>","protected":false},"featured_media":30750,"comment_status":"open","ping_status":"closed","template":"","meta":[],"product_brand":[840],"product_cat":[151,152,154,471,473,472],"product_tag":[692,693,680,156,172,271,682,121,319],"class_list":{"0":"post-30749","1":"product","2":"type-product","3":"status-publish","4":"has-post-thumbnail","6":"product_brand-quick-brake","7":"product_cat-model-3","8":"product_cat-model-s","9":"product_cat-model-y","10":"product_cat-model-3-varaosat","11":"product_cat-varaosat-model-s","12":"product_cat-varaosat-model-y","13":"product_tag-asennussarja","14":"product_tag-jarrut","15":"product_tag-korjaussarja","16":"product_tag-model-3","17":"product_tag-model-s","18":"product_tag-model-y","19":"product_tag-pultit","20":"product_tag-tesla","21":"product_tag-varaosat","23":"first","24":"instock","25":"taxable","26":"shipping-taxable","27":"purchasable","28":"product-type-simple"},"jetpack_sharing_enabled":true,"_links":{"self":[{"href":"https:\/\/www.vempele.fi\/de\/wp-json\/wp\/v2\/product\/30749","targetHints":{"allow":["GET"]}}],"collection":[{"href":"https:\/\/www.vempele.fi\/de\/wp-json\/wp\/v2\/product"}],"about":[{"href":"https:\/\/www.vempele.fi\/de\/wp-json\/wp\/v2\/types\/product"}],"replies":[{"embeddable":true,"href":"https:\/\/www.vempele.fi\/de\/wp-json\/wp\/v2\/comments?post=30749"}],"wp:featuredmedia":[{"embeddable":true,"href":"https:\/\/www.vempele.fi\/de\/wp-json\/wp\/v2\/media\/30750"}],"wp:attachment":[{"href":"https:\/\/www.vempele.fi\/de\/wp-json\/wp\/v2\/media?parent=30749"}],"wp:term":[{"taxonomy":"product_brand","embeddable":true,"href":"https:\/\/www.vempele.fi\/de\/wp-json\/wp\/v2\/product_brand?post=30749"},{"taxonomy":"product_cat","embeddable":true,"href":"https:\/\/www.vempele.fi\/de\/wp-json\/wp\/v2\/product_cat?post=30749"},{"taxonomy":"product_tag","embeddable":true,"href":"https:\/\/www.vempele.fi\/de\/wp-json\/wp\/v2\/product_tag?post=30749"}],"curies":[{"name":"wp","href":"https:\/\/api.w.org\/{rel}","templated":true}]}}