{"id":30807,"date":"2024-08-28T13:47:39","date_gmt":"2024-08-28T10:47:39","guid":{"rendered":"https:\/\/www.vempele.fi\/?post_type=product&#038;p=30807"},"modified":"2026-03-21T19:49:17","modified_gmt":"2026-03-21T17:49:17","slug":"pyran-mutter-ersatz-febi-bilstein-tesla-model-s-3-x-y","status":"publish","type":"product","link":"https:\/\/www.vempele.fi\/de\/tuote\/pyoranmutteri-korvaava-febi-bilstein-tesla-model-s-3-x-y\/","title":{"rendered":"Radmutter, Ersatz - FEBI BILSTEIN - Tesla Model S \/ 3 \/ X \/ Y"},"content":{"rendered":"<p>Radmutter<\/p>\n<ul>\n<li>Tesla-Teilenummer: 1027002-00-B<\/li>\n<li>Teilenummer des Herstellers: 46714<\/li>\n<li>L\u00e4nge: 31 mm<\/li>\n<li>Tastenabst\u00e4nde: 21mm<\/li>\n<li>Gewinde: M14 x 1,5<\/li>\n<li>Angemessenheit:\n<ul>\n<li>Modell Y<\/li>\n<li>Modell S<\/li>\n<li>Modell X<\/li>\n<li>Modell 3<\/li>\n<\/ul>\n<\/li>\n<\/ul>\n<p>&nbsp;<\/p>","protected":false},"excerpt":{"rendered":"<p>Eine von Febi Bilstein hergestellte Ersatzradmutter f\u00fcr einen Tesla.<\/p>\n<p>Diese Mutter ist etwas h\u00f6her als das Original, aber das Gewinde und der Konus sind die gleichen. Aus diesem Grund muss z.B. der Flansch unserer Mutternsicherungen etwas gek\u00fcrzt werden, wenn man sie mit diesen verwenden m\u00f6chte. Das genaue \u00c4quivalent des Originals finden Sie <a href=\"https:\/\/www.vempele.fi\/de\/product-2\/pyranutters-febi-bilstein-tesla-model-s-3-x-y\/\">hier<\/a><\/p>","protected":false},"featured_media":30808,"comment_status":"open","ping_status":"closed","template":"","meta":[],"product_brand":[740],"product_cat":[151,152,153,154,456,471,473,474,472],"product_tag":[156,172,173,271,341,658,659,121,319],"class_list":{"0":"post-30807","1":"product","2":"type-product","3":"status-publish","4":"has-post-thumbnail","6":"product_brand-febi-bilstein","7":"product_cat-model-3","8":"product_cat-model-s","9":"product_cat-model-x","10":"product_cat-model-y","11":"product_cat-vannetarvikkeet","12":"product_cat-model-3-varaosat","13":"product_cat-varaosat-model-s","14":"product_cat-varaosat-model-x","15":"product_cat-varaosat-model-y","16":"product_tag-model-3","17":"product_tag-model-s","18":"product_tag-model-x","19":"product_tag-model-y","20":"product_tag-mutteri","21":"product_tag-pyoran-mutteri","22":"product_tag-pyoranmutteri","23":"product_tag-tesla","24":"product_tag-varaosat","26":"first","27":"instock","28":"taxable","29":"shipping-taxable","30":"purchasable","31":"product-type-simple"},"jetpack_sharing_enabled":true,"_links":{"self":[{"href":"https:\/\/www.vempele.fi\/de\/wp-json\/wp\/v2\/product\/30807","targetHints":{"allow":["GET"]}}],"collection":[{"href":"https:\/\/www.vempele.fi\/de\/wp-json\/wp\/v2\/product"}],"about":[{"href":"https:\/\/www.vempele.fi\/de\/wp-json\/wp\/v2\/types\/product"}],"replies":[{"embeddable":true,"href":"https:\/\/www.vempele.fi\/de\/wp-json\/wp\/v2\/comments?post=30807"}],"wp:featuredmedia":[{"embeddable":true,"href":"https:\/\/www.vempele.fi\/de\/wp-json\/wp\/v2\/media\/30808"}],"wp:attachment":[{"href":"https:\/\/www.vempele.fi\/de\/wp-json\/wp\/v2\/media?parent=30807"}],"wp:term":[{"taxonomy":"product_brand","embeddable":true,"href":"https:\/\/www.vempele.fi\/de\/wp-json\/wp\/v2\/product_brand?post=30807"},{"taxonomy":"product_cat","embeddable":true,"href":"https:\/\/www.vempele.fi\/de\/wp-json\/wp\/v2\/product_cat?post=30807"},{"taxonomy":"product_tag","embeddable":true,"href":"https:\/\/www.vempele.fi\/de\/wp-json\/wp\/v2\/product_tag?post=30807"}],"curies":[{"name":"wp","href":"https:\/\/api.w.org\/{rel}","templated":true}]}}