{"id":30954,"date":"2024-09-05T13:37:07","date_gmt":"2024-09-05T10:37:07","guid":{"rendered":"https:\/\/www.vempele.fi\/?post_type=product&#038;p=30954"},"modified":"2026-03-18T00:02:54","modified_gmt":"2026-03-17T22:02:54","slug":"heckspoiler-tesla-model-3-highland","status":"publish","type":"product","link":"https:\/\/www.vempele.fi\/de\/tuote\/takaspoileri-tesla-model-3-highland\/","title":{"rendered":"Rucksackspoiler - Tesla Model 3 Highland"},"content":{"rendered":"<ul>\n<li>Farboptionen: mattes Schwarz und mattes Karbonfaser-Finish<\/li>\n<li>Angemessenheit:\n<ul>\n<li>Modell 3 Highland 2024 -&gt;<\/li>\n<\/ul>\n<\/li>\n<li>Material: ABS-Kunststoff<\/li>\n<li>Gewicht: ca. 300 g<\/li>\n<li>Abmessungen des Produkts an der breitesten Stelle: 122 x 5,5 x 2,1 cm<\/li>\n<\/ul>","protected":false},"excerpt":{"rendered":"<p>Stylischer Heckspoiler f\u00fcr Tesla Model 3 Highland. Erh\u00e4ltlich in mattem Schwarz und mattem Karbonfaser. Der Spoiler ist aus ABS-Kunststoff gefertigt.<\/p>\n<p>Im Inneren des Heckspoilers befinden sich Befestigungsb\u00e4nder in voller L\u00e4nge, um ihn am Fahrzeug zu befestigen. Achten Sie darauf, den Befestigungspunkt so gut wie m\u00f6glich zu reinigen und die B\u00e4nder bei warmem Wetter oder in einer Garage anzubringen.<\/p>","protected":false},"featured_media":30957,"comment_status":"open","ping_status":"closed","template":"","meta":[],"product_brand":[],"product_cat":[151,452,481,128],"product_tag":[83,587,550,156,551,448,121],"class_list":{"0":"post-30954","1":"product","2":"type-product","3":"status-publish","4":"has-post-thumbnail","6":"product_cat-model-3","7":"product_cat-m3-tarvikkeet","8":"product_cat-tarvikkeet-ulkopuolelle-model-3","9":"product_cat-tesla-tuotteet","10":"product_tag-autotarvikkeet","11":"product_tag-highland","12":"product_tag-lippa","13":"product_tag-model-3","14":"product_tag-spoileri","15":"product_tag-takaspoileri","16":"product_tag-tesla","18":"first","19":"instock","20":"taxable","21":"shipping-taxable","22":"purchasable","23":"product-type-variable"},"jetpack_sharing_enabled":true,"_links":{"self":[{"href":"https:\/\/www.vempele.fi\/de\/wp-json\/wp\/v2\/product\/30954","targetHints":{"allow":["GET"]}}],"collection":[{"href":"https:\/\/www.vempele.fi\/de\/wp-json\/wp\/v2\/product"}],"about":[{"href":"https:\/\/www.vempele.fi\/de\/wp-json\/wp\/v2\/types\/product"}],"replies":[{"embeddable":true,"href":"https:\/\/www.vempele.fi\/de\/wp-json\/wp\/v2\/comments?post=30954"}],"wp:featuredmedia":[{"embeddable":true,"href":"https:\/\/www.vempele.fi\/de\/wp-json\/wp\/v2\/media\/30957"}],"wp:attachment":[{"href":"https:\/\/www.vempele.fi\/de\/wp-json\/wp\/v2\/media?parent=30954"}],"wp:term":[{"taxonomy":"product_brand","embeddable":true,"href":"https:\/\/www.vempele.fi\/de\/wp-json\/wp\/v2\/product_brand?post=30954"},{"taxonomy":"product_cat","embeddable":true,"href":"https:\/\/www.vempele.fi\/de\/wp-json\/wp\/v2\/product_cat?post=30954"},{"taxonomy":"product_tag","embeddable":true,"href":"https:\/\/www.vempele.fi\/de\/wp-json\/wp\/v2\/product_tag?post=30954"}],"curies":[{"name":"wp","href":"https:\/\/api.w.org\/{rel}","templated":true}]}}