{"id":31026,"date":"2024-09-10T12:42:58","date_gmt":"2024-09-10T09:42:58","guid":{"rendered":"https:\/\/www.vempele.fi\/?post_type=product&#038;p=31026"},"modified":"2024-09-10T13:52:53","modified_gmt":"2024-09-10T10:52:53","slug":"nokian-reifen-hakkapeliitta-r5-ev-245-45r19-102t-xl-tl-modell-s","status":"publish","type":"product","link":"https:\/\/www.vempele.fi\/de\/tuote\/nokian-tyres-hakkapeliitta-r5-ev-245-45r19-102t-xl-tl-model-s\/","title":{"rendered":"Nokian Tyres Hakkapeliitta R5 EV 245\/45R19 102T XL TL - Modell S"},"content":{"rendered":"<p>1 St\u00fcck 245\/45R19 Nokian-Reifen Hakkapeliitta R5 EV 102T XL TL<\/p>\n<div class=\"Pr-md product-short-info__title ng-binding\"><\/div>\n<ul>\n<li class=\"single-product__section-title\">EU-Reifenkennzeichnung<\/li>\n<li>Typ: Reibring<\/li>\n<li>Zentimeter: 19<\/li>\n<li>Breite: 245<\/li>\n<li>Profil: 45<\/li>\n<li class=\"single-product__section-title\">Geschwindigkeitskategorie: 190km\/h (T)<\/li>\n<li class=\"single-product__section-title\">Tragf\u00e4higkeit: 850kg (102)<\/li>\n<\/ul>","protected":false},"excerpt":{"rendered":"<p class=\"single-product__title\">245\/45R19 Nokian-Reifen Hakkapeliitta R5 EV 102T XL TL<\/p>\n<p>Friktionsreifen.<\/p>\n<p class=\"ewa-rteLine\">Der Hakkapeliitta R5 EV ist ein Reibungsreifen f\u00fcr PKWs, Crossover und SUVs. Die Reifen sind gut geeignet f\u00fcr das Tesla Model Y. Der Hakkapeliitta R5 EV sorgt mit seiner umweltfreundlichen Technologie f\u00fcr maximale Sicherheit und Komfort f\u00fcr Elektroautos und Hybride sowie f\u00fcr eine gr\u00f6\u00dfere Reichweite. Einzigartige Arctic Grip Crystals sorgen f\u00fcr die klassenbeste Leistung auf Eis. Der Fahrkomfort wird durch die SilentDrive\u2122-Technologie gew\u00e4hrleistet.<\/p>\n<p class=\"ewa-rteLine\">- Sauberer Winterdienst und ausgewogenes Fahren<br \/>\n- Umweltfreundliche Mobilit\u00e4t und gr\u00f6\u00dfere Reichweite<br \/>\n- Extrem niedriger Ger\u00e4uschpegel dank der SilentDrive\u2122-Technologie<\/p>\n<p><strong>Anmerkung.<\/strong><br \/>\nNokia-Reifen kommen direkt vom Lieferanten zu uns, in der Regel am Tag nach der Bestellung.<br \/>\nDer Lagerbestand wird nicht automatisch aktualisiert, so dass wir uns umgehend mit Ihnen in Verbindung setzen, wenn der Reifen aus irgendeinem Grund nicht sofort verf\u00fcgbar ist.<\/p>","protected":false},"featured_media":12576,"comment_status":"open","ping_status":"closed","template":"","meta":[],"product_brand":[],"product_cat":[152,371,128],"product_tag":[301,172,394,299,300,121,321],"class_list":{"0":"post-31026","1":"product","2":"type-product","3":"status-publish","4":"has-post-thumbnail","6":"product_cat-model-s","7":"product_cat-renkaat","8":"product_cat-tesla-tuotteet","9":"product_tag-autonrenkaat","10":"product_tag-model-s","11":"product_tag-nokian-renkaat","12":"product_tag-rengas","13":"product_tag-renkaat","14":"product_tag-tesla","15":"product_tag-vanteet","16":"product_shipping_class-nouto","18":"first","19":"instock","20":"taxable","21":"shipping-taxable","22":"purchasable","23":"product-type-simple"},"jetpack_sharing_enabled":true,"_links":{"self":[{"href":"https:\/\/www.vempele.fi\/de\/wp-json\/wp\/v2\/product\/31026","targetHints":{"allow":["GET"]}}],"collection":[{"href":"https:\/\/www.vempele.fi\/de\/wp-json\/wp\/v2\/product"}],"about":[{"href":"https:\/\/www.vempele.fi\/de\/wp-json\/wp\/v2\/types\/product"}],"replies":[{"embeddable":true,"href":"https:\/\/www.vempele.fi\/de\/wp-json\/wp\/v2\/comments?post=31026"}],"wp:featuredmedia":[{"embeddable":true,"href":"https:\/\/www.vempele.fi\/de\/wp-json\/wp\/v2\/media\/12576"}],"wp:attachment":[{"href":"https:\/\/www.vempele.fi\/de\/wp-json\/wp\/v2\/media?parent=31026"}],"wp:term":[{"taxonomy":"product_brand","embeddable":true,"href":"https:\/\/www.vempele.fi\/de\/wp-json\/wp\/v2\/product_brand?post=31026"},{"taxonomy":"product_cat","embeddable":true,"href":"https:\/\/www.vempele.fi\/de\/wp-json\/wp\/v2\/product_cat?post=31026"},{"taxonomy":"product_tag","embeddable":true,"href":"https:\/\/www.vempele.fi\/de\/wp-json\/wp\/v2\/product_tag?post=31026"}],"curies":[{"name":"wp","href":"https:\/\/api.w.org\/{rel}","templated":true}]}}