{"id":31032,"date":"2024-09-10T13:26:17","date_gmt":"2024-09-10T10:26:17","guid":{"rendered":"https:\/\/www.vempele.fi\/?post_type=product&#038;p=31032"},"modified":"2024-09-10T13:52:21","modified_gmt":"2024-09-10T10:52:21","slug":"nokian-reifen-hakkapeliitta-10-245-45r19-102t-xl-tl-modell-s","status":"publish","type":"product","link":"https:\/\/www.vempele.fi\/de\/tuote\/nokian-tyres-hakkapeliitta-10-245-45r19-102t-xl-tl-model-s\/","title":{"rendered":"Nokian Tyres Hakkapeliitta 10 245\/45R19 102T XL TL - Modell S"},"content":{"rendered":"<p>1 St\u00fcck 245\/45R19 Nokian-Reifen Hakkapeliitta 10 102T XL TL Spikereifen<\/p>\n<ul>\n<li class=\"single-product__section-title\">EU-Reifenkennzeichnung<\/li>\n<li>Typ: Spikereifen<\/li>\n<li>Zentimeter: 19<\/li>\n<li>Breite: 245<\/li>\n<li>Profil: 45<\/li>\n<li class=\"single-product__section-title\">Geschwindigkeitskategorie: 190km\/h (T)<\/li>\n<li class=\"single-product__section-title\">Tragf\u00e4higkeit: 850kg (102)<\/li>\n<\/ul>","protected":false},"excerpt":{"rendered":"<p class=\"single-product__title\">245\/45R19 Nokian-Reifen Hakkapeliitta 10 102T XL TL Spikereifen<\/p>\n<p>Spikereifen. Besonders empfohlen f\u00fcr Tesla Model S.<\/p>\n<p><strong>Sicherheit der n\u00e4chsten Generation<\/strong><\/p>\n<p>Der Hakkapeliitta 10 Spikereifen von Nokia Tyres bringt Ruhe in den n\u00f6rdlichen Winter. Dieser Sicherheits-Winterreifen der n\u00e4chsten Generation kombiniert Umweltfreundlichkeit, Fahrkomfort und hervorragenden Grip auf Schnee und Eis. Der Hakkapeliitta 10 von Nokian Tyres ist mit der Doppelstollentechnologie von Nokian Tyres ausgestattet, bei der die Mittelstollen einen verbesserten Grip beim Beschleunigen und Bremsen und die Schulterstollen einen maximalen Grip bei Kurvenfahrten und Spurwechseln gew\u00e4hrleisten.F\u00fcr erstklassigen Fahrkomfort verf\u00fcgt der Nokian Tyres Hakkapeliitta 10 \u00fcber ein neues Traktionsmuster f\u00fcr Stabilit\u00e4t und Schneegriff und eine optimale Stollenplatzierung f\u00fcr eine sanfte und angenehme Ger\u00e4uschkulisse.<\/p>\n<p><strong>Anmerkung.<\/strong><br \/>\nNokia-Reifen kommen direkt vom Lieferanten zu uns, in der Regel am Tag nach der Bestellung.<br \/>\nDer Lagerbestand wird nicht automatisch aktualisiert, so dass wir uns umgehend mit Ihnen in Verbindung setzen, wenn der Reifen aus irgendeinem Grund nicht sofort verf\u00fcgbar ist.<\/p>","protected":false},"featured_media":12575,"comment_status":"open","ping_status":"closed","template":"","meta":[],"product_brand":[],"product_cat":[152,371,128],"product_tag":[301,172,394,299,300,121,321],"class_list":{"0":"post-31032","1":"product","2":"type-product","3":"status-publish","4":"has-post-thumbnail","6":"product_cat-model-s","7":"product_cat-renkaat","8":"product_cat-tesla-tuotteet","9":"product_tag-autonrenkaat","10":"product_tag-model-s","11":"product_tag-nokian-renkaat","12":"product_tag-rengas","13":"product_tag-renkaat","14":"product_tag-tesla","15":"product_tag-vanteet","16":"product_shipping_class-nouto","18":"first","19":"instock","20":"taxable","21":"shipping-taxable","22":"purchasable","23":"product-type-simple"},"jetpack_sharing_enabled":true,"_links":{"self":[{"href":"https:\/\/www.vempele.fi\/de\/wp-json\/wp\/v2\/product\/31032","targetHints":{"allow":["GET"]}}],"collection":[{"href":"https:\/\/www.vempele.fi\/de\/wp-json\/wp\/v2\/product"}],"about":[{"href":"https:\/\/www.vempele.fi\/de\/wp-json\/wp\/v2\/types\/product"}],"replies":[{"embeddable":true,"href":"https:\/\/www.vempele.fi\/de\/wp-json\/wp\/v2\/comments?post=31032"}],"wp:featuredmedia":[{"embeddable":true,"href":"https:\/\/www.vempele.fi\/de\/wp-json\/wp\/v2\/media\/12575"}],"wp:attachment":[{"href":"https:\/\/www.vempele.fi\/de\/wp-json\/wp\/v2\/media?parent=31032"}],"wp:term":[{"taxonomy":"product_brand","embeddable":true,"href":"https:\/\/www.vempele.fi\/de\/wp-json\/wp\/v2\/product_brand?post=31032"},{"taxonomy":"product_cat","embeddable":true,"href":"https:\/\/www.vempele.fi\/de\/wp-json\/wp\/v2\/product_cat?post=31032"},{"taxonomy":"product_tag","embeddable":true,"href":"https:\/\/www.vempele.fi\/de\/wp-json\/wp\/v2\/product_tag?post=31032"}],"curies":[{"name":"wp","href":"https:\/\/api.w.org\/{rel}","templated":true}]}}