{"id":31103,"date":"2024-09-10T18:38:01","date_gmt":"2024-09-10T15:38:01","guid":{"rendered":"https:\/\/www.vempele.fi\/?post_type=product&#038;p=31103"},"modified":"2024-09-15T13:42:08","modified_gmt":"2024-09-15T10:42:08","slug":"monaco-gp6-18-reifen-satz-tesla-model-3","status":"publish","type":"product","link":"https:\/\/www.vempele.fi\/de\/tuote\/monaco-gp6-18-kitkarengaspaketti-tesla-model-3\/","title":{"rendered":"Monaco GP6 18\u2033 Kit-Reifenpaket - Tesla Model 3"},"content":{"rendered":"<p>Die Monaco GP6 ist eine direkt passende K\u00fchlfelge f\u00fcr Ihren Tesla!<\/p>\n<p>Das Reifenpaket wird in einem montagefertigen Paket direkt zu Ihnen nach Hause geliefert.<br \/>\nDer Lagerbestand f\u00fcr dieses Produkt wird nicht automatisch aktualisiert. Sollte der Reifen aus irgendeinem Grund nicht verf\u00fcgbar sein, setzen wir uns umgehend mit Ihnen in Verbindung, oder Sie k\u00f6nnen die Verf\u00fcgbarkeit im Voraus pr\u00fcfen. <\/p>\n<p>Die Lieferzeit f\u00fcr ein Reifenpaket betr\u00e4gt etwa 1-2 Wochen ab Bestellung.<\/p>\n<ul>\n<li>Felgen: Monaco GP6\n<ul>\n<li>Gr\u00f6\u00dfe: 18\u2033.<\/li>\n<li>Breite: 8\u2033<\/li>\n<li>ET: 38<\/li>\n<li>Jako: 5\u00d7114,3<\/li>\n<li>Mittelloch: 64,1mm<\/li>\n<li>Gewicht: 12,9Kg<\/li>\n<li>Tragf\u00e4higkeit: 720Kg<\/li>\n<\/ul>\n<\/li>\n<\/ul>\n<p>F\u00fcr weitere Informationen zu den Reifenoptionen klicken Sie bitte hier:<\/p>\n<details>\n<summary><b> Linglong - Gr\u00fcner Max Winter UHP <\/b><\/summary>\n<ul>\n<li>Lastindex: 98 <\/li>\n<li>Symbol f\u00fcr die Geschwindigkeitskategorie: V (240km\/h)\n<li>Reifenklasse: C1<\/li>\n<\/ul>\n<p><img decoding=\"async\" src=\"https:\/\/www.vempele.fi\/wp-content\/uploads\/2024\/09\/Lingong_green_max_winter_uhp_235_45R18.png\" alt=\"\" \/>\n<\/p>\n<\/details>\n<p>&nbsp;<\/p>\n<details>\n<summary><b> Wikinger - Wintech XL FR <\/b><\/summary>\n<ul>\n<li>Lastindex: 98 <\/li>\n<li>Symbol f\u00fcr die Geschwindigkeitskategorie: V (240km\/h)\n<li>Reifenklasse: C1<\/li>\n<\/ul>\n<p><img decoding=\"async\" src=\"https:\/\/www.vempele.fi\/wp-content\/uploads\/2024\/09\/viking_wintech_xl_235_45R18.png\" alt=\"\" \/>\n<\/p>\n<\/details>\n<p>&nbsp;<\/p>\n<details>\n<summary><b> Bridgestone - Blizzak 6 XL <\/b><\/summary>\n<ul>\n<li>Lastindex: 98 <\/li>\n<li>Symbol f\u00fcr die Geschwindigkeitskategorie: V (240km\/h)\n<li>Reifenklasse: C1<\/li>\n<\/ul>\n<p><img decoding=\"async\" src=\"https:\/\/www.vempele.fi\/wp-content\/uploads\/2024\/09\/bridgestone_blizzak_6_235_45R18_xl.png\" alt=\"\" \/>\n<\/p>\n<\/details>\n<p>&nbsp;<\/p>\n<p>&nbsp;<\/p>","protected":false},"excerpt":{"rendered":"<p>Ein einfach auszuw\u00e4hlendes, vorgefertigtes Paket f\u00fcr Ihre Bed\u00fcrfnisse!<\/p>\n<p>Sie k\u00f6nnen ganz einfach aus einer Reihe von Reifenoptionen und Felgenfarben diejenige ausw\u00e4hlen, die am besten zu Ihnen passt.<\/p>\n<p>Der Monaco GP6 passt direkt auf den Tesla, es werden also keine Adapterringe ben\u00f6tigt. Weitere Informationen zu Reifen und Felgen finden Sie unten auf dieser Seite. <\/p>\n<p><strong>Welche Sensoren sollte ich w\u00e4hlen?<\/strong><br \/>\nBei den Sensoren handelt es sich in der Regel ab 10\/2020 um Bluetooth-Sensoren und \u00e4ltere 433Mhz-Sensoren. Wenn das Fahrzeug jedoch in der N\u00e4he dieses Datums hergestellt wurde, lohnt es sich zu pr\u00fcfen, welche Sensoren eingebaut sind.<br \/>\nBei 433Mhz-Sensoren bitten wir Sie au\u00dferdem, das Herstellungsdatum des Fahrzeugs, z. B. 05\/2019, in den Bestelldaten anzugeben.<\/p>","protected":false},"featured_media":26727,"comment_status":"open","ping_status":"closed","template":"","meta":[],"product_brand":[],"product_cat":[593],"product_tag":[694,156,591,300,302,121,592,321],"class_list":{"0":"post-31103","1":"product","2":"type-product","3":"status-publish","4":"has-post-thumbnail","6":"product_cat-rengaspaketit","7":"product_tag-kitkarenkaat","8":"product_tag-model-3","9":"product_tag-rengaspaketti","10":"product_tag-renkaat","11":"product_tag-talvirenkaat","12":"product_tag-tesla","13":"product_tag-vannepaketti","14":"product_tag-vanteet","16":"first","17":"instock","18":"taxable","19":"shipping-taxable","20":"purchasable","21":"product-type-variable"},"jetpack_sharing_enabled":true,"_links":{"self":[{"href":"https:\/\/www.vempele.fi\/de\/wp-json\/wp\/v2\/product\/31103","targetHints":{"allow":["GET"]}}],"collection":[{"href":"https:\/\/www.vempele.fi\/de\/wp-json\/wp\/v2\/product"}],"about":[{"href":"https:\/\/www.vempele.fi\/de\/wp-json\/wp\/v2\/types\/product"}],"replies":[{"embeddable":true,"href":"https:\/\/www.vempele.fi\/de\/wp-json\/wp\/v2\/comments?post=31103"}],"wp:featuredmedia":[{"embeddable":true,"href":"https:\/\/www.vempele.fi\/de\/wp-json\/wp\/v2\/media\/26727"}],"wp:attachment":[{"href":"https:\/\/www.vempele.fi\/de\/wp-json\/wp\/v2\/media?parent=31103"}],"wp:term":[{"taxonomy":"product_brand","embeddable":true,"href":"https:\/\/www.vempele.fi\/de\/wp-json\/wp\/v2\/product_brand?post=31103"},{"taxonomy":"product_cat","embeddable":true,"href":"https:\/\/www.vempele.fi\/de\/wp-json\/wp\/v2\/product_cat?post=31103"},{"taxonomy":"product_tag","embeddable":true,"href":"https:\/\/www.vempele.fi\/de\/wp-json\/wp\/v2\/product_tag?post=31103"}],"curies":[{"name":"wp","href":"https:\/\/api.w.org\/{rel}","templated":true}]}}