{"id":31931,"date":"2024-10-04T00:00:00","date_gmt":"2024-10-03T21:00:00","guid":{"rendered":"https:\/\/www.vempele.fi\/fi\/?post_type=product&#038;p=31931"},"modified":"2026-04-01T14:51:08","modified_gmt":"2026-04-01T11:51:08","slug":"linglong-greenmax-winter-grip-2-255-45r19-104t-tesla-model-y","status":"publish","type":"product","link":"https:\/\/www.vempele.fi\/de\/tuote\/linglong-greenmax-winter-grip-2-255-45r19-104t-tesla-model-y\/","title":{"rendered":"Linglong GreenMax Winter Grip 2 255\/45R19 104T - Tesla Model Y"},"content":{"rendered":"<p>1 Linglong GreenMax Winter Grip 2 255\/45-19 104T<\/p>\n<ul>\n<li>EU-Reifenkennzeichnung<\/li>\n<li>Typ: Spikereifen<\/li>\n<li>Zentimeter: 19<\/li>\n<li>Breite: 255<\/li>\n<li>Profil: 45<\/li>\n<li>Geschwindigkeitskategorie: T<\/li>\n<li>Tragf\u00e4higkeitsklasse: 104<\/li>\n<li>Reifenklassifizierung: C1<\/li>\n<li>Kraftstoffverbrauch: <\/li>\n<li>Nasspflege: <\/li>\n<li>Klassifizierung der Lenkradger\u00e4usche:\u00a0 <\/li>\n<\/ul>\n<p>Die Reifen werden direkt aus dem Lager des Partners geliefert.<\/p>\n<p><img decoding=\"async\" src=\"\" width=\"300\" \/><\/p>\n<p>Von einem Partner abgerufene Produktinformation.<\/p>","protected":false},"excerpt":{"rendered":"<p>GreenMax Winter Grip 2 - Vertrauen und Grip<br \/>\nzum n\u00f6rdlichen Winter<br \/>\n&#13;<br \/>\nGreenMax Winter Grip 2 ist erschwinglich und hochleistungsf\u00e4hig<br \/>\nein Spikereifen, der speziell f\u00fcr anspruchsvolle nordische Bedingungen entwickelt wurde<br \/>\nf\u00fcr winterliche Bedingungen.  Das moderne Profildesign des Reifens kombiniert mit effektiven Spikes<br \/>\nmit hervorragendem Grip auf Eis und Schnee und stabilem Handling<br \/>\nauf variablen Stra\u00dfen.<br \/>\n&#13;<br \/>\nWesentliche Merkmale:<br \/>\n&#13;<br \/>\n&#13;<br \/>\n Wirksam<br \/>\n     Spikes bieten sicheren Halt auf vereisten Stra\u00dfen<br \/>\n Tief<br \/>\n     Rillen und optimierte Lamellen verbessern die Schneer\u00fcckhaltung und verhindern die Schneematschverlagerung<br \/>\n Stumm<br \/>\n     und ein angenehmes Fahrerlebnis im Vergleich zu vielen \u00e4hnlichen Billigautos.<br \/>\n     auf Reifen<br \/>\n Nachhaltig<br \/>\n     die Gummimischung beh\u00e4lt ihre Flexibilit\u00e4t bei kalten Temperaturen und verbessert die<br \/>\n     Sicherheit<br \/>\n&#13;<br \/>\n&#13;<br \/>\nGreenMax Winter Grip 2 ist eine gute Wahl f\u00fcr Sie, die<br \/>\nSie suchen einen zuverl\u00e4ssigen Spikereifen zu einem erschwinglichen Preis ohne Kompromisse<br \/>\nSicherheit im Winter.  Der Reifen ist ideal f\u00fcr Personenkraftwagen und kleine<br \/>\nSUVs, und seine Leistung wurde unter harten Bedingungen getestet.<br \/>\n&#13;<br \/>\nErh\u00e4ltlich in verschiedenen Gr\u00f6\u00dfen - finden Sie die richtige Gr\u00f6\u00dfe f\u00fcr Ihr Auto<br \/>\njetzt! <\/p>\n<p> Die Reifen werden direkt aus dem Lager des Partners geliefert.<\/p>","protected":false},"featured_media":31932,"comment_status":"open","ping_status":"open","template":"","meta":[],"product_brand":[],"product_cat":[371],"product_tag":[714,632,271,713,121],"class_list":{"0":"post-31931","1":"product","2":"type-product","3":"status-publish","4":"has-post-thumbnail","6":"product_cat-renkaat","7":"product_tag-greenmax-winter-grip-2","8":"product_tag-linglong","9":"product_tag-model-y","10":"product_tag-nastarengas","11":"product_tag-tesla","13":"first","14":"instock","15":"taxable","16":"shipping-taxable","17":"purchasable","18":"product-type-simple"},"jetpack_sharing_enabled":true,"_links":{"self":[{"href":"https:\/\/www.vempele.fi\/de\/wp-json\/wp\/v2\/product\/31931","targetHints":{"allow":["GET"]}}],"collection":[{"href":"https:\/\/www.vempele.fi\/de\/wp-json\/wp\/v2\/product"}],"about":[{"href":"https:\/\/www.vempele.fi\/de\/wp-json\/wp\/v2\/types\/product"}],"replies":[{"embeddable":true,"href":"https:\/\/www.vempele.fi\/de\/wp-json\/wp\/v2\/comments?post=31931"}],"wp:featuredmedia":[{"embeddable":true,"href":"https:\/\/www.vempele.fi\/de\/wp-json\/wp\/v2\/media\/31932"}],"wp:attachment":[{"href":"https:\/\/www.vempele.fi\/de\/wp-json\/wp\/v2\/media?parent=31931"}],"wp:term":[{"taxonomy":"product_brand","embeddable":true,"href":"https:\/\/www.vempele.fi\/de\/wp-json\/wp\/v2\/product_brand?post=31931"},{"taxonomy":"product_cat","embeddable":true,"href":"https:\/\/www.vempele.fi\/de\/wp-json\/wp\/v2\/product_cat?post=31931"},{"taxonomy":"product_tag","embeddable":true,"href":"https:\/\/www.vempele.fi\/de\/wp-json\/wp\/v2\/product_tag?post=31931"}],"curies":[{"name":"wp","href":"https:\/\/api.w.org\/{rel}","templated":true}]}}