{"id":31933,"date":"2024-10-03T00:00:00","date_gmt":"2024-10-02T21:00:00","guid":{"rendered":"https:\/\/www.vempele.fi\/fi\/?post_type=product&#038;p=31933"},"modified":"2026-04-19T02:51:37","modified_gmt":"2026-04-18T23:51:37","slug":"contio-bearpaw-245-45r19-102w-tesla-model-s","status":"publish","type":"product","link":"https:\/\/www.vempele.fi\/de\/tuote\/kontio-bearpaw-245-45r19-102w-tesla-model-s\/","title":{"rendered":"Kontio BearPaw 245\/45R19 102W - Tesla Model S"},"content":{"rendered":"<p>1 St\u00fcck Kontio BearPaw 245\/45-19 102W<\/p>\n<ul>\n<li>EU-Reifenkennzeichnung<\/li>\n<li>Typ: Sommerreifen<\/li>\n<li>Zentimeter: 19<\/li>\n<li>Breite: 245<\/li>\n<li>Profil: 45<\/li>\n<li>Geschwindigkeitskategorie: W<\/li>\n<li>Tragf\u00e4higkeitsklasse: 102<\/li>\n<li>Reifenklassifizierung: C1<\/li>\n<li>Kraftstoffverbrauch: C<\/li>\n<li>Nasspflege: B<\/li>\n<li>Ger\u00e4uschpegel und -intensit\u00e4t der Kabine: B - 71 dB<\/li>\n<\/ul>\n<p>&nbsp;<\/p>\n<p>Die Reifen werden direkt aus dem Lager des Partners geliefert.<\/p>\n<p><img decoding=\"async\" src=\"https:\/\/www.vempele.fi\/wp-content\/uploads\/2024\/10\/Label_1059737.svg\" width=\"300\" \/><\/p>\n<p>Von einem Partner abgerufene Reifeninformationen.<\/p>","protected":false},"excerpt":{"rendered":"<p>Kontio Premium-SommerreifenKontio Premium-Sommerreifen sind f\u00fcr finnische Autofahrer auf den Stra\u00dfen des Nordens konzipiert.  Kontio-Premium-Sommerreifen sind leise und zuverl\u00e4ssig.  Wie die ehrlichen Finnen selbst.<br \/>\n\u00a0&#13;<br \/>\n\u00a0&#13;<br \/>\n\u00a0&#13;<br \/>\n\u00a0 <\/p>\n<p> Die Reifen werden direkt aus dem Lager des Partners geliefert.<\/p>","protected":false},"featured_media":31935,"comment_status":"open","ping_status":"open","template":"","meta":[],"product_brand":[],"product_cat":[371],"product_tag":[615,696,614,172,121],"class_list":{"0":"post-31933","1":"product","2":"type-product","3":"status-publish","4":"has-post-thumbnail","6":"product_cat-renkaat","7":"product_tag-bearpaw","8":"product_tag-kesarengas","9":"product_tag-kontio","10":"product_tag-model-s","11":"product_tag-tesla","13":"first","14":"instock","15":"taxable","16":"shipping-taxable","17":"purchasable","18":"product-type-simple"},"jetpack_sharing_enabled":true,"_links":{"self":[{"href":"https:\/\/www.vempele.fi\/de\/wp-json\/wp\/v2\/product\/31933","targetHints":{"allow":["GET"]}}],"collection":[{"href":"https:\/\/www.vempele.fi\/de\/wp-json\/wp\/v2\/product"}],"about":[{"href":"https:\/\/www.vempele.fi\/de\/wp-json\/wp\/v2\/types\/product"}],"replies":[{"embeddable":true,"href":"https:\/\/www.vempele.fi\/de\/wp-json\/wp\/v2\/comments?post=31933"}],"wp:featuredmedia":[{"embeddable":true,"href":"https:\/\/www.vempele.fi\/de\/wp-json\/wp\/v2\/media\/31935"}],"wp:attachment":[{"href":"https:\/\/www.vempele.fi\/de\/wp-json\/wp\/v2\/media?parent=31933"}],"wp:term":[{"taxonomy":"product_brand","embeddable":true,"href":"https:\/\/www.vempele.fi\/de\/wp-json\/wp\/v2\/product_brand?post=31933"},{"taxonomy":"product_cat","embeddable":true,"href":"https:\/\/www.vempele.fi\/de\/wp-json\/wp\/v2\/product_cat?post=31933"},{"taxonomy":"product_tag","embeddable":true,"href":"https:\/\/www.vempele.fi\/de\/wp-json\/wp\/v2\/product_tag?post=31933"}],"curies":[{"name":"wp","href":"https:\/\/api.w.org\/{rel}","templated":true}]}}