{"id":31937,"date":"2024-10-03T00:00:00","date_gmt":"2024-10-02T21:00:00","guid":{"rendered":"https:\/\/www.vempele.fi\/fi\/?post_type=product&#038;p=31937"},"modified":"2026-04-24T07:51:09","modified_gmt":"2026-04-24T04:51:09","slug":"linglong-greenmax-winterreifen-suv-275-45r20-110t-tesla-model-x","status":"publish","type":"product","link":"https:\/\/www.vempele.fi\/de\/tuote\/linglong-greenmax-winter-grip-suv-275-45r20-110t-tesla-model-x\/","title":{"rendered":"Linglong GreenMax Winter Grip SUV 275\/45R20 110T - Tesla Model X"},"content":{"rendered":"<p>1 Linglong GreenMax Winter Grip SUV 275\/45-20 110T<\/p>\n<ul>\n<li>EU-Reifenkennzeichnung<\/li>\n<li>Typ: Reibring<\/li>\n<li>Zentimeter: 20<\/li>\n<li>Breite: 275<\/li>\n<li>Profil: 45<\/li>\n<li>Geschwindigkeitskategorie: T<\/li>\n<li>Tragf\u00e4higkeitsklasse: 110<\/li>\n<li>Reifenklassifizierung: <\/li>\n<li>Kraftstoffverbrauch: <\/li>\n<li>Nasspflege: <\/li>\n<li>Klassifizierung der Lenkradger\u00e4usche:\u00a0 <\/li>\n<\/ul>\n<p>&nbsp;<\/p>\n<p>Die Reifen werden direkt aus dem Lager des Partners geliefert.<\/p>\n<p><img decoding=\"async\" src=\"\" width=\"300\" \/><\/p>\n<p>Von einem Partner abgerufene Reifeninformationen.<\/p>","protected":false},"excerpt":{"rendered":"<p>Finnischer Linglong GreenMax Winter Grip Spikereifen<br \/>\n&#13;<br \/>\nGetestet und entwickelt in Ivalo.  Der neue Spikereifen GreenMax Winter Grip von Linglong wurde speziell f\u00fcr die anspruchsvollen Winterbedingungen in Finnland entwickelt.  Der Reifen wurde in Finnlands renommiertester Winterreifentestanlage, der Ivalo Test World, entwickelt und mehrfach getestet.  Durch das Testen verschiedener Mischungen und Konstruktionen unter realen nordischen Winterbedingungen ist ein Winterreifen entstanden, der perfekt f\u00fcr den finnischen Winter geeignet ist.<br \/>\nBespickt mit finnischen Tikka-Stiften.  Der Linglong GreenMax Winter Grip ist mit einheimischen Tikka-Spikes f\u00fcr erstklassigen Grip auf Eis ausgestattet.  Tikka ist seit der Entwicklung der ersten Reifenspikes der Welt in den 1950er Jahren ein Qualit\u00e4tsf\u00fchrer in der Spike-Herstellung.<br \/>\nHergestellt mit finnischen A-Technology-Automaten.  Die stabile Qualit\u00e4t der Beschl\u00e4ge wird durch die werksseitige Beschlagsfertigung mit den besten A-Technology-Vollautomaten auf dem Markt garantiert.<br \/>\nAusgezeichnete Testergebnisse<br \/>\nBei der Entwicklung des Linglong GreenMax Winter Grip, dem derzeitigen Marktf\u00fchrer und Testsieger in den meisten Vergleichen, wurden der Hakkapeliitta 7 von Nokia und der Hankook Winter I*Pike als Referenzreifen gew\u00e4hlt.  Ziel war es, einen Reifen zu entwickeln, der in Bezug auf die Leistung irgendwo zwischen diesen beiden Reifen liegt und das beste Preis-Leistungs-Verh\u00e4ltnis der drei hat.<br \/>\nDie Reifentests wurden von der weltweit f\u00fchrenden Winterreifenpr\u00fcfstelle Test World in Ivalo, Finnland, durchgef\u00fchrt.  Test World ist in Finnland unter anderem f\u00fcr die Reifentests der Tekniikan Welt bekannt.  Die Tests zeigten, dass der Linglong in einer harten Vergleichsgruppe sehr gut abschnitt.  Bei den Tests wurde die Bremsleistung des Reifens auf Schnee, Eis, N\u00e4sse und Trockenheit gepr\u00fcft.  Der Linglong belegte unter allen Bedingungen den zweiten Platz oder besser und schlug den Hankook auf drei von vier Untergr\u00fcnden und den Nokia auf zwei von vier Untergr\u00fcnden.  Insgesamt kann der Linglong sogar als der beste Reifen in der Vergleichsgruppe angesehen werden, und wenn man den viel niedrigeren Preis des Linglong ber\u00fccksichtigt, ist das Preis-Leistungs-Verh\u00e4ltnis des Linglong besser als das seiner Konkurrenten.<br \/>\nVertrauen Sie auf die finnische Winterreifenkompetenz und w\u00e4hlen Sie den sicheren Linglong GreenMax Winter Grip!<br \/>\n&#13;<br \/>\nLinglong gilt weithin als der chinesische Reifenhersteller mit der h\u00f6chsten Qualit\u00e4t.  Insbesondere der spektakul\u00e4re Test- und Verkaufserfolg des Flaggschiffs von Linglong, der GreenMax-Reifenfamilie, hat der Marke in ganz Europa einen guten Ruf eingebracht.  Dank der hervorragenden Kundenzufriedenheit und dem besten Preis-Leistungs-Verh\u00e4ltnis auf dem Markt hat sich Linglong an die Spitze der finnischen Reifencharts geschossen. <\/p>\n<p>Die Reifen werden direkt aus dem Lager des Partners geliefert.<\/p>","protected":false},"featured_media":31938,"comment_status":"open","ping_status":"open","template":"","meta":[],"product_brand":[],"product_cat":[371],"product_tag":[715,704,632,173,121],"class_list":{"0":"post-31937","1":"product","2":"type-product","3":"status-publish","4":"has-post-thumbnail","6":"product_cat-renkaat","7":"product_tag-greenmax-winter-grip-suv","8":"product_tag-kitkarengas","9":"product_tag-linglong","10":"product_tag-model-x","11":"product_tag-tesla","13":"first","14":"instock","15":"taxable","16":"shipping-taxable","17":"purchasable","18":"product-type-simple"},"jetpack_sharing_enabled":true,"_links":{"self":[{"href":"https:\/\/www.vempele.fi\/de\/wp-json\/wp\/v2\/product\/31937","targetHints":{"allow":["GET"]}}],"collection":[{"href":"https:\/\/www.vempele.fi\/de\/wp-json\/wp\/v2\/product"}],"about":[{"href":"https:\/\/www.vempele.fi\/de\/wp-json\/wp\/v2\/types\/product"}],"replies":[{"embeddable":true,"href":"https:\/\/www.vempele.fi\/de\/wp-json\/wp\/v2\/comments?post=31937"}],"wp:featuredmedia":[{"embeddable":true,"href":"https:\/\/www.vempele.fi\/de\/wp-json\/wp\/v2\/media\/31938"}],"wp:attachment":[{"href":"https:\/\/www.vempele.fi\/de\/wp-json\/wp\/v2\/media?parent=31937"}],"wp:term":[{"taxonomy":"product_brand","embeddable":true,"href":"https:\/\/www.vempele.fi\/de\/wp-json\/wp\/v2\/product_brand?post=31937"},{"taxonomy":"product_cat","embeddable":true,"href":"https:\/\/www.vempele.fi\/de\/wp-json\/wp\/v2\/product_cat?post=31937"},{"taxonomy":"product_tag","embeddable":true,"href":"https:\/\/www.vempele.fi\/de\/wp-json\/wp\/v2\/product_tag?post=31937"}],"curies":[{"name":"wp","href":"https:\/\/api.w.org\/{rel}","templated":true}]}}