{"id":32149,"date":"2024-10-14T08:55:15","date_gmt":"2024-10-14T05:55:15","guid":{"rendered":"https:\/\/www.vempele.fi\/?post_type=product&#038;p=32149"},"modified":"2025-08-01T13:43:34","modified_gmt":"2025-08-01T10:43:34","slug":"vorderachse-unterer-lenkerflansch-stossdampfer-polypro-tesla-model-3","status":"publish","type":"product","link":"https:\/\/www.vempele.fi\/de\/tuote\/etuakselin-alatukivarren-hela-iskunvaimennin-polypro-tesla-model-3\/","title":{"rendered":"Vorderachse untere Querlenkerwulst, Sto\u00dfd\u00e4mpfer - PolyPro - Tesla Model 3"},"content":{"rendered":"<ul>\n<li>Hersteller:PolyPro<\/li>\n<li>Produktnummer des Herstellers: PP-1855<\/li>\n<li>Angemessenheit:\n<ul>\n<li>Model 3 Pre-Refresh vm. 2019 - 2021<\/li>\n<li>Modell 3 Auffrischung vm. 2021 - 2023<\/li>\n<\/ul>\n<\/li>\n<li>Vom Hersteller angegebene OE-Produktnummern:\n<ul>\n<li>1044341-00-C<\/li>\n<\/ul>\n<\/li>\n<li>Herstellungsland: Ukraine<\/li>\n<\/ul>\n<p>&nbsp;<\/p>","protected":false},"excerpt":{"rendered":"<p>Auswechselbarer Tragarmflansch aus Polyurethan. Passend f\u00fcr Tesla Modell 3 vorderen unteren Querlenker, Sto\u00dfd\u00e4mpfer Befestigungspunkt.<\/p>\n<p>Polyurethan-Sto\u00dff\u00e4nger sind die beste Wahl f\u00fcr das Fahrwerk eines Autos, da sie im Vergleich zu herk\u00f6mmlichen Gummisto\u00dff\u00e4ngern eine h\u00f6here Haltbarkeit, Steifigkeit und Leistung bieten. Sie verringern die Biegung des Fahrzeugrahmens, verbessern die Lenkpr\u00e4zision und sorgen f\u00fcr ein stabileres Fahrgef\u00fchl. Dar\u00fcber hinaus ist Polyurethan widerstandsf\u00e4higer gegen Temperaturschwankungen, \u00d6le und Chemikalien.<\/p>","protected":false},"featured_media":32150,"comment_status":"open","ping_status":"closed","template":"","meta":[],"product_brand":[786],"product_cat":[151,471],"product_tag":[576,156,716,717,121,476,319],"class_list":{"0":"post-32149","1":"product","2":"type-product","3":"status-publish","4":"has-post-thumbnail","6":"product_brand-polypro","7":"product_cat-model-3","8":"product_cat-model-3-varaosat","9":"product_tag-hela","10":"product_tag-model-3","11":"product_tag-polypro","12":"product_tag-polyuretaani","13":"product_tag-tesla","14":"product_tag-tukivarsi","15":"product_tag-varaosat","17":"first","18":"instock","19":"taxable","20":"shipping-taxable","21":"purchasable","22":"product-type-simple"},"jetpack_sharing_enabled":true,"_links":{"self":[{"href":"https:\/\/www.vempele.fi\/de\/wp-json\/wp\/v2\/product\/32149","targetHints":{"allow":["GET"]}}],"collection":[{"href":"https:\/\/www.vempele.fi\/de\/wp-json\/wp\/v2\/product"}],"about":[{"href":"https:\/\/www.vempele.fi\/de\/wp-json\/wp\/v2\/types\/product"}],"replies":[{"embeddable":true,"href":"https:\/\/www.vempele.fi\/de\/wp-json\/wp\/v2\/comments?post=32149"}],"wp:featuredmedia":[{"embeddable":true,"href":"https:\/\/www.vempele.fi\/de\/wp-json\/wp\/v2\/media\/32150"}],"wp:attachment":[{"href":"https:\/\/www.vempele.fi\/de\/wp-json\/wp\/v2\/media?parent=32149"}],"wp:term":[{"taxonomy":"product_brand","embeddable":true,"href":"https:\/\/www.vempele.fi\/de\/wp-json\/wp\/v2\/product_brand?post=32149"},{"taxonomy":"product_cat","embeddable":true,"href":"https:\/\/www.vempele.fi\/de\/wp-json\/wp\/v2\/product_cat?post=32149"},{"taxonomy":"product_tag","embeddable":true,"href":"https:\/\/www.vempele.fi\/de\/wp-json\/wp\/v2\/product_tag?post=32149"}],"curies":[{"name":"wp","href":"https:\/\/api.w.org\/{rel}","templated":true}]}}