{"id":32642,"date":"2024-11-01T13:25:46","date_gmt":"2024-11-01T11:25:46","guid":{"rendered":"https:\/\/www.vempele.fi\/?post_type=product&#038;p=32642"},"modified":"2026-03-18T07:27:07","modified_gmt":"2026-03-18T05:27:07","slug":"handyhalter-tesla-model-3-highland","status":"publish","type":"product","link":"https:\/\/www.vempele.fi\/de\/tuote\/puhelinteline-tesla-model-3-highland\/","title":{"rendered":"Telefonst\u00e4nder - Tesla Model 3 \/ Y - Highland \/ Juniper"},"content":{"rendered":"<p>Telefonst\u00e4nder - Tesla Model 3 \/ Y - Highland \/ Juniper<\/p>\n<p>Eine gro\u00dfartige Funktion, um Ihr Telefon w\u00e4hrend der Fahrt in horizontaler Position sichtbar zu halten.<\/p>\n<p>Das Produkt kann entweder hinter dem Lenkrad oder irgendwo in der Lufteinlass\u00f6ffnung des Armaturenbretts angebracht werden!<\/p>\n<p>Andere Informationen<\/p>\n<ul>\n<li>Farbe: schwarz<\/li>\n<li>Angemessenheit:\n<ul>\n<li>Modell 3 Highland vm. 2024 -&gt;<\/li>\n<li>Modell Y Juniper 2025-&gt;<\/li>\n<\/ul>\n<\/li>\n<li>Material: Silikon<\/li>\n<\/ul>","protected":false},"excerpt":{"rendered":"<p>Telefonst\u00e4nder - Tesla Model 3 \/ Y - Highland \/ Juniper.<\/p>\n<p>Der Telefonst\u00e4nder ist speziell f\u00fcr Tesla Model 3 Highland und Model Y Juniper Modelle konzipiert. Passt auf die meisten Telefone, auch mit Schutzh\u00fcllen! (max. 1,4cm dick). Der St\u00e4nder hat auch verstellbare F\u00fc\u00dfe, um das Telefon in einem guten Winkel und fest gesichert zu bekommen.<\/p>","protected":false},"featured_media":32644,"comment_status":"open","ping_status":"closed","template":"","meta":[],"product_brand":[],"product_cat":[151,452,480,128],"product_tag":[587,314,313,244,156,516,121],"class_list":{"0":"post-32642","1":"product","2":"type-product","3":"status-publish","4":"has-post-thumbnail","6":"product_cat-model-3","7":"product_cat-m3-tarvikkeet","8":"product_cat-tarvikkeet-sisapuolelle-model-3","9":"product_cat-tesla-tuotteet","10":"product_tag-highland","11":"product_tag-kannykkapidike","12":"product_tag-kannykkateline","13":"product_tag-kojelauta","14":"product_tag-model-3","15":"product_tag-puhelinteline","16":"product_tag-tesla","18":"first","19":"instock","20":"taxable","21":"shipping-taxable","22":"purchasable","23":"product-type-simple"},"jetpack_sharing_enabled":true,"_links":{"self":[{"href":"https:\/\/www.vempele.fi\/de\/wp-json\/wp\/v2\/product\/32642","targetHints":{"allow":["GET"]}}],"collection":[{"href":"https:\/\/www.vempele.fi\/de\/wp-json\/wp\/v2\/product"}],"about":[{"href":"https:\/\/www.vempele.fi\/de\/wp-json\/wp\/v2\/types\/product"}],"replies":[{"embeddable":true,"href":"https:\/\/www.vempele.fi\/de\/wp-json\/wp\/v2\/comments?post=32642"}],"wp:featuredmedia":[{"embeddable":true,"href":"https:\/\/www.vempele.fi\/de\/wp-json\/wp\/v2\/media\/32644"}],"wp:attachment":[{"href":"https:\/\/www.vempele.fi\/de\/wp-json\/wp\/v2\/media?parent=32642"}],"wp:term":[{"taxonomy":"product_brand","embeddable":true,"href":"https:\/\/www.vempele.fi\/de\/wp-json\/wp\/v2\/product_brand?post=32642"},{"taxonomy":"product_cat","embeddable":true,"href":"https:\/\/www.vempele.fi\/de\/wp-json\/wp\/v2\/product_cat?post=32642"},{"taxonomy":"product_tag","embeddable":true,"href":"https:\/\/www.vempele.fi\/de\/wp-json\/wp\/v2\/product_tag?post=32642"}],"curies":[{"name":"wp","href":"https:\/\/api.w.org\/{rel}","templated":true}]}}