{"id":32750,"date":"2024-11-05T10:30:57","date_gmt":"2024-11-05T08:30:57","guid":{"rendered":"https:\/\/www.vempele.fi\/?post_type=product&#038;p=32750"},"modified":"2026-04-15T14:41:39","modified_gmt":"2026-04-15T11:41:39","slug":"reifendrucksensor-autel-mx-sensor-ble-bluetooth-tpms","status":"publish","type":"product","link":"https:\/\/www.vempele.fi\/de\/tuote\/rengaspaineanturi-autel-mx-sensor-ble-bluetooth-tpms\/","title":{"rendered":"Reifendrucksensor - Autel MX-Sensor BLE Bluetooth TPMS"},"content":{"rendered":"<p>Informationen zum Produkt:<\/p>\n<ul>\n<li>Farbe: Schwarz oder Silber<\/li>\n<li>Hersteller: autel<\/li>\n<li>Modell: BLE-A001<\/li>\n<li>Merkmale: Automatisches System zur aktiven \u00dcberwachung von Reifentemperatur und Luftdruck<\/li>\n<li>Technologie: Bluetooth BLE<\/li>\n<li>Angemessenheit:\n<ul>\n<li>Tesla Model 3: 10\/2020-&gt;<\/li>\n<li>Tesla Model S: 6\/2021-&gt;<\/li>\n<li>Tesla Model X: 10\/2022-&gt;<\/li>\n<li>Tesla Model Y: 10\/2020-&gt;<\/li>\n<\/ul>\n<\/li>\n<\/ul>\n<p><strong>Bitte pr\u00fcfen Sie separat, ob Ihr Fahrzeug \u00fcber BLE-Sensoren verf\u00fcgt.<\/strong><\/p>\n<p>Das Paket enth\u00e4lt einen Autel Bluetooth-Ringdrucksensor.<\/p>\n<p>&nbsp;<\/p>","protected":false},"excerpt":{"rendered":"<p>Bluetooth-Ringdrucksensor, der die OEM-Sensoren von Tesla ersetzt.<\/p>\n<p>Sobald die neuen Sensoren angebracht sind, sollten Sie in der Software die Option \"Felgenwechsel\" ausw\u00e4hlen. Das Fahrzeug erkennt die neuen Sensoren dann automatisch nach nur wenigen hundert Metern Fahrt.<\/p>\n<p>Der richtige Reifendruck erh\u00f6ht die Sicherheit auf der Stra\u00dfe. Au\u00dferdem verbessert er das Fahrgef\u00fchl und verringert den Verschlei\u00df.<\/p>\n<p>Das Paket enth\u00e4lt einen Sensor f\u00fcr einen Reifen.<\/p>","protected":false},"featured_media":32755,"comment_status":"open","ping_status":"closed","template":"","meta":[],"product_brand":[],"product_cat":[151,152,153,128,456],"product_tag":[82,83,496,131,156,172,173,271,536,121],"class_list":{"0":"post-32750","1":"product","2":"type-product","3":"status-publish","4":"has-post-thumbnail","6":"product_cat-model-3","7":"product_cat-model-s","8":"product_cat-model-x","9":"product_cat-tesla-tuotteet","10":"product_cat-vannetarvikkeet","11":"product_tag-autel","12":"product_tag-autotarvikkeet","13":"product_tag-ble","14":"product_tag-bluetooth","15":"product_tag-model-3","16":"product_tag-model-s","17":"product_tag-model-x","18":"product_tag-model-y","19":"product_tag-rengaspaineanturi","20":"product_tag-tesla","22":"first","23":"instock","24":"taxable","25":"shipping-taxable","26":"purchasable","27":"product-type-variable"},"jetpack_sharing_enabled":true,"_links":{"self":[{"href":"https:\/\/www.vempele.fi\/de\/wp-json\/wp\/v2\/product\/32750","targetHints":{"allow":["GET"]}}],"collection":[{"href":"https:\/\/www.vempele.fi\/de\/wp-json\/wp\/v2\/product"}],"about":[{"href":"https:\/\/www.vempele.fi\/de\/wp-json\/wp\/v2\/types\/product"}],"replies":[{"embeddable":true,"href":"https:\/\/www.vempele.fi\/de\/wp-json\/wp\/v2\/comments?post=32750"}],"wp:featuredmedia":[{"embeddable":true,"href":"https:\/\/www.vempele.fi\/de\/wp-json\/wp\/v2\/media\/32755"}],"wp:attachment":[{"href":"https:\/\/www.vempele.fi\/de\/wp-json\/wp\/v2\/media?parent=32750"}],"wp:term":[{"taxonomy":"product_brand","embeddable":true,"href":"https:\/\/www.vempele.fi\/de\/wp-json\/wp\/v2\/product_brand?post=32750"},{"taxonomy":"product_cat","embeddable":true,"href":"https:\/\/www.vempele.fi\/de\/wp-json\/wp\/v2\/product_cat?post=32750"},{"taxonomy":"product_tag","embeddable":true,"href":"https:\/\/www.vempele.fi\/de\/wp-json\/wp\/v2\/product_tag?post=32750"}],"curies":[{"name":"wp","href":"https:\/\/api.w.org\/{rel}","templated":true}]}}