{"id":3279,"date":"2019-12-10T09:26:37","date_gmt":"2019-12-10T07:26:37","guid":{"rendered":"https:\/\/www.vempele.fi\/?post_type=product&#038;p=3279"},"modified":"2026-04-10T11:55:55","modified_gmt":"2026-04-10T08:55:55","slug":"reifendrucksensor-autel-tpms-mx-433mhz","status":"publish","type":"product","link":"https:\/\/www.vempele.fi\/de\/tuote\/rengaspaine-anturi-autel-tpms-mx-433mhz\/","title":{"rendered":"Reifendrucksensor - Autel MX-Sensor 433MHz TPMS"},"content":{"rendered":"<p>Reifendrucksensor - Autel TPMS MX-Sensor 433MHz<\/p>\n<table style=\"height: 815px;\" border=\"0\" width=\"581\">\n<tbody>\n<tr class=\"downl_h2\">\n<td class=\"spec_name downl_bg\">Lebensdauer der Batterie<\/td>\n<td width=\"2\"><\/td>\n<td class=\"spec_down downl_bg\">\u22655 Jahre<\/td>\n<\/tr>\n<tr class=\"downl_h2\">\n<td class=\"spec_name\">Betriebstemperatur<\/td>\n<td width=\"2\"><\/td>\n<td class=\"spec_down\">-40\u00b0C - +125\u00b0C<\/td>\n<\/tr>\n<tr class=\"downl_h2\">\n<td class=\"spec_name downl_bg\">Lagertemperatur<\/td>\n<td width=\"2\"><\/td>\n<td class=\"spec_down downl_bg\">-40\u00b0C - +150\u00b0C<\/td>\n<\/tr>\n<tr class=\"downl_h2\">\n<td class=\"spec_name\">Feuchtigkeitsbest\u00e4ndigkeit<\/td>\n<td width=\"2\"><\/td>\n<td class=\"spec_down\">90 %<\/td>\n<\/tr>\n<tr class=\"downl_h2\">\n<td class=\"spec_name downl_bg\">Betriebsfrequenz<\/td>\n<td width=\"2\"><\/td>\n<td class=\"spec_down downl_bg\">433 MHz<\/td>\n<\/tr>\n<tr class=\"downl_h2\">\n<td class=\"spec_name\">Druck\u00fcberwachungsbereich<\/td>\n<td width=\"2\"><\/td>\n<td class=\"spec_down\">0 - 800 kpa<\/td>\n<\/tr>\n<tr class=\"downl_h2\">\n<td class=\"spec_name downl_bg\">Genauigkeit der Druckmessung<\/td>\n<td width=\"2\"><\/td>\n<td class=\"spec_down downl_bg\">\u00b110 kpa<\/td>\n<\/tr>\n<tr class=\"downl_h2\">\n<td class=\"spec_name\">Genauigkeit der Temperaturmessung<\/td>\n<td width=\"2\"><\/td>\n<td class=\"spec_down\">\u00b15\u00b0C<\/td>\n<\/tr>\n<tr class=\"downl_h2\">\n<td class=\"spec_name downl_bg\">Messgenauigkeit des G-Sensors<\/td>\n<td width=\"2\"><\/td>\n<td class=\"spec_down downl_bg\">\u00b115 %<\/td>\n<\/tr>\n<tr class=\"downl_h2\">\n<td class=\"spec_name\">Sendeleistung<\/td>\n<td width=\"2\"><\/td>\n<td class=\"spec_down\">5-8 dBm<\/td>\n<\/tr>\n<tr class=\"downl_h2\">\n<td class=\"spec_name downl_bg\">Batterie<\/td>\n<td width=\"2\"><\/td>\n<td class=\"spec_down downl_bg\">3.0 V<\/td>\n<\/tr>\n<tr class=\"downl_h2\">\n<td class=\"spec_name\">Abmessungen (Breite x H\u00f6he x Tiefe)<\/td>\n<td width=\"2\"><\/td>\n<td class=\"spec_down\">55,1*29,4*21,8 mm (Einklemmsensor)<br \/>\n54,2*29,4*19,1 mm (Einrastsensor)<\/td>\n<\/tr>\n<tr class=\"downl_h2\">\n<td class=\"spec_name downl_bg\">Gewicht (ohne Ventil)<\/td>\n<td width=\"2\"><\/td>\n<td class=\"spec_down downl_bg\">18,5 g (Einklemmsensor)<br \/>\n15,6 g (einrastbarer Sensor)<\/td>\n<\/tr>\n<\/tbody>\n<\/table>\n<p>Mehr Informationen \u00fcber Autelin <a href=\"https:\/\/www.maxitpms.com\/\" target=\"_blank\" rel=\"noopener noreferrer\">Website<\/a>.<\/p>","protected":false},"excerpt":{"rendered":"<p><strong>Hinweis! Pr\u00fcfen Sie die Kompatibilit\u00e4t mit Ihrem Auto <a href=\"https:\/\/maxitpms.com\/get-coverage\/\" target=\"_blank\" rel=\"noopener\">von der Website des Herstellers<\/a>.<\/strong><\/p>\n<p>Getestet und bewiesen, dass es vor allem in Teslas (Model S\/3\/X) passt! Einige Model 3 VM2021 Modelle sind bereits damit ausgestattet <a href=\"https:\/\/www.vempele.fi\/de\/product-2\/reifendrucksensor-autel-mx-sensor-ble-bluetooth-tpms\/\" target=\"_blank\" rel=\"noopener\">Bluetooth-Sensoren<\/a>, und bei diesen Modellen funktionieren 433Mhz-Sensoren nicht. Wenn Ihr Auto ist ein 2021-Modell, \u00fcberpr\u00fcfen Sie bitte mit Tesla zu sehen, ob Ihr Auto Bluetooth-Sensoren hat.<\/p>\n<ul>\n<li><strong>Allgemeines Modell. Auf Kundenwunsch nach Automarke zu kodieren<\/strong><\/li>\n<li>Signalst\u00e4rke, Robustheit und Funktionalit\u00e4t auf Augenh\u00f6he mit OE-Sensoren<\/li>\n<li>H\u00e4lt rauen Wetterbedingungen stand<\/li>\n<li>Metall<\/li>\n<li>Schnell und einfach zu montieren<\/li>\n<li>Der Sensor kann auch bei stehendem Reifen programmiert werden<\/li>\n<\/ul>\n<p><strong>Sobald Sie die Kompatibilit\u00e4t des Produkts mit Ihrem Fahrzeugmodell \u00fcberpr\u00fcft haben, schreiben Sie bitte in das Kommentarfeld, wenn Sie Ihre Bestellung aufgeben: <\/strong><\/p>\n<ul>\n<li><strong>Auto-Modell<\/strong><\/li>\n<li><strong>Jahr und Monat der Herstellung des Fahrzeugs<\/strong><\/li>\n<\/ul>\n<p><strong>Z.B. Tesla Model 3 - 3\/2019.<\/strong><\/p>\n<p>So k\u00f6nnen Sie die Zustellung Ihres Pakets beschleunigen.<\/p>","protected":false},"featured_media":24042,"comment_status":"open","ping_status":"closed","template":"","meta":[],"product_brand":[],"product_cat":[151,152,153,128,456],"product_tag":[82,83,121,120,122,123],"class_list":{"0":"post-3279","1":"product","2":"type-product","3":"status-publish","4":"has-post-thumbnail","6":"product_cat-model-3","7":"product_cat-model-s","8":"product_cat-model-x","9":"product_cat-tesla-tuotteet","10":"product_cat-vannetarvikkeet","11":"product_tag-autel","12":"product_tag-autotarvikkeet","13":"product_tag-tesla","14":"product_tag-tesla-model-3","15":"product_tag-tesla-model-s","16":"product_tag-tesla-model-x","18":"first","19":"instock","20":"taxable","21":"shipping-taxable","22":"purchasable","23":"product-type-variable"},"jetpack_sharing_enabled":true,"_links":{"self":[{"href":"https:\/\/www.vempele.fi\/de\/wp-json\/wp\/v2\/product\/3279","targetHints":{"allow":["GET"]}}],"collection":[{"href":"https:\/\/www.vempele.fi\/de\/wp-json\/wp\/v2\/product"}],"about":[{"href":"https:\/\/www.vempele.fi\/de\/wp-json\/wp\/v2\/types\/product"}],"replies":[{"embeddable":true,"href":"https:\/\/www.vempele.fi\/de\/wp-json\/wp\/v2\/comments?post=3279"}],"wp:featuredmedia":[{"embeddable":true,"href":"https:\/\/www.vempele.fi\/de\/wp-json\/wp\/v2\/media\/24042"}],"wp:attachment":[{"href":"https:\/\/www.vempele.fi\/de\/wp-json\/wp\/v2\/media?parent=3279"}],"wp:term":[{"taxonomy":"product_brand","embeddable":true,"href":"https:\/\/www.vempele.fi\/de\/wp-json\/wp\/v2\/product_brand?post=3279"},{"taxonomy":"product_cat","embeddable":true,"href":"https:\/\/www.vempele.fi\/de\/wp-json\/wp\/v2\/product_cat?post=3279"},{"taxonomy":"product_tag","embeddable":true,"href":"https:\/\/www.vempele.fi\/de\/wp-json\/wp\/v2\/product_tag?post=3279"}],"curies":[{"name":"wp","href":"https:\/\/api.w.org\/{rel}","templated":true}]}}