{"id":32963,"date":"2024-10-04T00:00:00","date_gmt":"2024-10-03T21:00:00","guid":{"rendered":"https:\/\/www.vempele.fi\/tuote\/nankang-ice-2-nordic-235-55r18-104t-tesla-model-y\/"},"modified":"2026-04-17T00:51:11","modified_gmt":"2026-04-16T21:51:11","slug":"nankang-ice-2-nordic-235-55r18-104t-tesla-model-y","status":"publish","type":"product","link":"https:\/\/www.vempele.fi\/de\/tuote\/nankang-ice-2-nordic-235-55r18-104t-tesla-model-y\/","title":{"rendered":"Nankang ICE-2 Nordic 235\/55R18 104T - Tesla Model Y"},"content":{"rendered":"<p>1 Satz Nankang ICE-2 Nordic 235\/55-18 104T<\/p>\n<ul>\n<li>EU-Reifenkennzeichnung<\/li>\n<li>Typ: Reibring<\/li>\n<li>Zentimeter: 18<\/li>\n<li>Breite: 235<\/li>\n<li>Profil: 55<\/li>\n<li>Geschwindigkeitskategorie: T<\/li>\n<li>Tragf\u00e4higkeitsklasse: 104<\/li>\n<li>Reifenklassifizierung: <\/li>\n<li>Kraftstoffverbrauch: <\/li>\n<li>Nasspflege: <\/li>\n<li>Klassifizierung der Lenkradger\u00e4usche:\u00a0 <\/li>\n<\/ul>\n<p>&nbsp;<\/p>\n<p>Die Reifen werden direkt aus dem Lager des Partners geliefert.<\/p>\n<p><img decoding=\"async\" src=\"https:\/\/www.vempele.fi\/wp-content\/uploads\/2024\/11\/Label_444553.svg\" width=\"300\" \/><\/p>\n<p>Von einem Partner abgerufene Reifeninformationen.<\/p>","protected":false},"excerpt":{"rendered":"<p>Der ICE-2 ist der neue Reibungsreifen von Nankang, der noch besser ist als sein beliebter Vorg\u00e4nger, der ICE-1.  Der ICE-2 hat eine noch bessere Eisgriffleistung als der ICE-1, der von den Kunden sehr gelobt wird.  Nankang hat sein ganzes Know-how in der modernen Reifentechnologie in den neuen ICE-2 gesteckt.  Das Ergebnis ist ein extrem sicherer und auf h\u00f6chsten Fahrkomfort abgestimmter Reibungsreifen.<br \/>\n\u00a0&#13;<br \/>\nDer ICE-2 wurde auf der Teststrecke von Test World in Ivalo unter den nordischen Winterbedingungen getestet.  Bei dem Test wurden verschiedene nordische Reifenmischungen verwendet, bis das bestm\u00f6gliche Ergebnis erzielt wurde.  Der ICE-2 konkurriert mit den bekanntesten Top-Produkten auf dem Markt in allen Bereichen, au\u00dfer im Preis.  Der ICE-2 ist ein Reibungsreifen der Spitzenklasse, den Sie unbedingt selbst erleben sollten.<br \/>\n&#13;<br \/>\nDas taiwanesische Unternehmen Nankang ist einer der \u00e4ltesten und traditionsreichsten Reifenhersteller Asiens und steht mit seinem Know-how und seiner Technologie an der Spitze der Branche.  Nankang hat gro\u00dfe Erfahrung in der Herstellung von Winterreifen f\u00fcr die nordischen L\u00e4nder, und die Qualit\u00e4t der Nankang-Winterreifen wurde auch vom Reifenverband positiv bewertet. <\/p>\n<p>Die Reifen werden direkt aus dem Lager des Partners geliefert.<\/p>","protected":false},"featured_media":32965,"comment_status":"open","ping_status":"open","template":"","meta":[],"product_brand":[],"product_cat":[371],"product_tag":[723,704,271,707,121],"class_list":{"0":"post-32963","1":"product","2":"type-product","3":"status-publish","4":"has-post-thumbnail","6":"product_cat-renkaat","7":"product_tag-ice-2-nordic","8":"product_tag-kitkarengas","9":"product_tag-model-y","10":"product_tag-nankang","11":"product_tag-tesla","13":"first","14":"instock","15":"taxable","16":"shipping-taxable","17":"purchasable","18":"product-type-simple"},"jetpack_sharing_enabled":true,"_links":{"self":[{"href":"https:\/\/www.vempele.fi\/de\/wp-json\/wp\/v2\/product\/32963","targetHints":{"allow":["GET"]}}],"collection":[{"href":"https:\/\/www.vempele.fi\/de\/wp-json\/wp\/v2\/product"}],"about":[{"href":"https:\/\/www.vempele.fi\/de\/wp-json\/wp\/v2\/types\/product"}],"replies":[{"embeddable":true,"href":"https:\/\/www.vempele.fi\/de\/wp-json\/wp\/v2\/comments?post=32963"}],"wp:featuredmedia":[{"embeddable":true,"href":"https:\/\/www.vempele.fi\/de\/wp-json\/wp\/v2\/media\/32965"}],"wp:attachment":[{"href":"https:\/\/www.vempele.fi\/de\/wp-json\/wp\/v2\/media?parent=32963"}],"wp:term":[{"taxonomy":"product_brand","embeddable":true,"href":"https:\/\/www.vempele.fi\/de\/wp-json\/wp\/v2\/product_brand?post=32963"},{"taxonomy":"product_cat","embeddable":true,"href":"https:\/\/www.vempele.fi\/de\/wp-json\/wp\/v2\/product_cat?post=32963"},{"taxonomy":"product_tag","embeddable":true,"href":"https:\/\/www.vempele.fi\/de\/wp-json\/wp\/v2\/product_tag?post=32963"}],"curies":[{"name":"wp","href":"https:\/\/api.w.org\/{rel}","templated":true}]}}