{"id":33213,"date":"2024-10-04T00:00:00","date_gmt":"2024-10-03T21:00:00","guid":{"rendered":"https:\/\/www.vempele.fi\/fi\/tuote\/goodride-snowmaster-sw608-245-45r19-102v-tesla-model-s\/"},"modified":"2026-05-06T08:51:12","modified_gmt":"2026-05-06T05:51:12","slug":"goodride-snowmaster-sw608-245-45r19-102v-tesla-model-s","status":"publish","type":"product","link":"https:\/\/www.vempele.fi\/de\/tuote\/goodride-snowmaster-sw608-245-45r19-102v-tesla-model-s\/","title":{"rendered":"Goodride SnowMaster SW608 245\/45R19 102V - Tesla Model S"},"content":{"rendered":"<p>1 St\u00fcck Goodride SnowMaster SW608 245\/45-19 102V<\/p>\n<ul>\n<li>EU-Reifenkennzeichnung<\/li>\n<li>Typ: Reibring<\/li>\n<li>Zentimeter: 19<\/li>\n<li>Breite: 245<\/li>\n<li>Profil: 45<\/li>\n<li>Geschwindigkeitskategorie: V<\/li>\n<li>Tragf\u00e4higkeitsklasse: 102<\/li>\n<li>Reifenklassifizierung: C1<\/li>\n<li>Kraftstoffverbrauch: C<\/li>\n<li>Nasspflege: C<\/li>\n<li>Lenkradger\u00e4usch-Klassifizierung: B<\/li>\n<\/ul>\n<p>&nbsp;<\/p>\n<p>Die Reifen werden direkt aus dem Lager des Partners geliefert.<\/p>\n<p><img decoding=\"async\" src=\"https:\/\/www.vempele.fi\/wp-content\/uploads\/2024\/11\/Label_459536.svg\" width=\"300\" \/><\/p>\n<p>Von einem Partner abgerufene Reifeninformationen.<\/p>","protected":false},"excerpt":{"rendered":"<p>Goodride SnowMaster SW608 Reibungsreifen f\u00fcr den finnischen Winter.<br \/>\nDas neue, pfeilf\u00f6rmige Profil des Reifens sorgt f\u00fcr bestm\u00f6glichen Grip auf Schnee und Eis sowie f\u00fcr ein ruhiges, komfortables Fahrverhalten.<br \/>\n&#13;<br \/>\nDas pfeilf\u00f6rmige Oberfl\u00e4chenmuster entfernt effektiv Schnee, Schneematsch und Wasser von der Unterseite des Reifens.<br \/>\nDie optimierte Position der Lamellen maximiert den Kontakt des Reifens mit der Fahrbahnoberfl\u00e4che und sorgt so f\u00fcr hervorragenden Grip und Man\u00f6vrierf\u00e4higkeit bei winterlichen Bedingungen.<br \/>\nDas speziell f\u00fcr Winterreifen entwickelte Material verbessert das Fahrverhalten im Winter und h\u00e4lt den Reifen auch bei starkem Frost weich.<br \/>\n&#13;<br \/>\nGoodride: garantierte Qualit\u00e4t zum richtigen Preis.<br \/>\n&#13;<br \/>\nWir bieten auch die einzigartige Goodride Safety-Deckung an.  Selbst wenn Sie versehentlich einen Reifen besch\u00e4digen, ersetzen wir ihn im Rahmen des Goodride Safety-Schutzes.  Weitere Informationen zum Goodride Safety-Schutz finden Sie unter http:\/\/www. goodride. fi\/goodride-safety <\/p>\n<p>Die Reifen werden direkt aus dem Lager des Partners geliefert.<\/p>","protected":false},"featured_media":33215,"comment_status":"open","ping_status":"open","template":"","meta":[],"product_brand":[],"product_cat":[371],"product_tag":[727,704,172,731,121],"class_list":{"0":"post-33213","1":"product","2":"type-product","3":"status-publish","4":"has-post-thumbnail","6":"product_cat-renkaat","7":"product_tag-goodride","8":"product_tag-kitkarengas","9":"product_tag-model-s","10":"product_tag-snowmaster-sw608","11":"product_tag-tesla","13":"first","14":"instock","15":"taxable","16":"shipping-taxable","17":"purchasable","18":"product-type-simple"},"jetpack_sharing_enabled":true,"_links":{"self":[{"href":"https:\/\/www.vempele.fi\/de\/wp-json\/wp\/v2\/product\/33213","targetHints":{"allow":["GET"]}}],"collection":[{"href":"https:\/\/www.vempele.fi\/de\/wp-json\/wp\/v2\/product"}],"about":[{"href":"https:\/\/www.vempele.fi\/de\/wp-json\/wp\/v2\/types\/product"}],"replies":[{"embeddable":true,"href":"https:\/\/www.vempele.fi\/de\/wp-json\/wp\/v2\/comments?post=33213"}],"wp:featuredmedia":[{"embeddable":true,"href":"https:\/\/www.vempele.fi\/de\/wp-json\/wp\/v2\/media\/33215"}],"wp:attachment":[{"href":"https:\/\/www.vempele.fi\/de\/wp-json\/wp\/v2\/media?parent=33213"}],"wp:term":[{"taxonomy":"product_brand","embeddable":true,"href":"https:\/\/www.vempele.fi\/de\/wp-json\/wp\/v2\/product_brand?post=33213"},{"taxonomy":"product_cat","embeddable":true,"href":"https:\/\/www.vempele.fi\/de\/wp-json\/wp\/v2\/product_cat?post=33213"},{"taxonomy":"product_tag","embeddable":true,"href":"https:\/\/www.vempele.fi\/de\/wp-json\/wp\/v2\/product_tag?post=33213"}],"curies":[{"name":"wp","href":"https:\/\/api.w.org\/{rel}","templated":true}]}}