{"id":33282,"date":"2024-11-25T12:04:37","date_gmt":"2024-11-25T10:04:37","guid":{"rendered":"https:\/\/www.vempele.fi\/?post_type=product&#038;p=33282"},"modified":"2026-04-22T20:34:49","modified_gmt":"2026-04-22T17:34:49","slug":"scheibenwischer-ridex-plus-tesla-model-3-y","status":"publish","type":"product","link":"https:\/\/www.vempele.fi\/de\/tuote\/tuulilasinpyyhkijat-ridex-plus-tesla-model-3-y\/","title":{"rendered":"Scheibenwischer RIDEX Plus - Tesla Model 3 \/ Y"},"content":{"rendered":"<p>RIDEX Plus-Scheibenwischer. Leicht zu ersetzen!<\/p>\n<p><b>F\u00fcr weitere Informationen:<\/b><\/p>\n<ul>\n<li>Hersteller: das RIDEX<\/li>\n<li>Modell: 298W0491P<\/li>\n<li>Farbe: Schwarz<\/li>\n<li>Kompatibilit\u00e4t:\n<ul>\n<li>Modell Y 2020 - 2024 (K\u00fcrzere Halterung ist 1\u2033 k\u00fcrzer als das Original)<\/li>\n<li>Model 3 Vorauffrischung 2019 - 2021<\/li>\n<li>Model 3 Auffrischung 2021 - 2023<\/li>\n<\/ul>\n<\/li>\n<\/ul>\n<p>&nbsp;<\/p>","protected":false},"excerpt":{"rendered":"<p>Hochwertige RIDEX Plus-Scheibenwischer f\u00fcr Tesla Model 3 und Y.<\/p>\n<p>Wenn das Wischerblatt nicht mehr die gesamte Feuchtigkeit von der Scheibe entfernt, ist es an der Zeit, es zu ersetzen. Der Wischer sollte die Scheibe in drei Wischg\u00e4ngen vollst\u00e4ndig reinigen. Wir k\u00f6nnen Ihre alten Wischer mit beiden Scheibenwischern zu einem g\u00fcnstigen Preis ersetzen!<\/p>\n<p>L\u00e4ngen:<br \/>\n650mm \/ 26\u2033<br \/>\n475mm \/ 19\u2033<\/p>","protected":false},"featured_media":33283,"comment_status":"open","ping_status":"closed","template":"","meta":[],"product_brand":[745],"product_cat":[151,154,452,455,481,483,128,471,472],"product_tag":[156,271,470,548,121],"class_list":{"0":"post-33282","1":"product","2":"type-product","3":"status-publish","4":"has-post-thumbnail","6":"product_brand-ridex","7":"product_cat-model-3","8":"product_cat-model-y","9":"product_cat-m3-tarvikkeet","10":"product_cat-my-tarvikkeet","11":"product_cat-tarvikkeet-ulkopuolelle-model-3","12":"product_cat-tarvikkeet-ulkopuolelle-model-y","13":"product_cat-tesla-tuotteet","14":"product_cat-model-3-varaosat","15":"product_cat-varaosat-model-y","16":"product_tag-model-3","17":"product_tag-model-y","18":"product_tag-pyyhkijansulat","19":"product_tag-sulat","20":"product_tag-tesla","22":"first","23":"instock","24":"taxable","25":"shipping-taxable","26":"purchasable","27":"product-type-simple"},"jetpack_sharing_enabled":true,"_links":{"self":[{"href":"https:\/\/www.vempele.fi\/de\/wp-json\/wp\/v2\/product\/33282","targetHints":{"allow":["GET"]}}],"collection":[{"href":"https:\/\/www.vempele.fi\/de\/wp-json\/wp\/v2\/product"}],"about":[{"href":"https:\/\/www.vempele.fi\/de\/wp-json\/wp\/v2\/types\/product"}],"replies":[{"embeddable":true,"href":"https:\/\/www.vempele.fi\/de\/wp-json\/wp\/v2\/comments?post=33282"}],"wp:featuredmedia":[{"embeddable":true,"href":"https:\/\/www.vempele.fi\/de\/wp-json\/wp\/v2\/media\/33283"}],"wp:attachment":[{"href":"https:\/\/www.vempele.fi\/de\/wp-json\/wp\/v2\/media?parent=33282"}],"wp:term":[{"taxonomy":"product_brand","embeddable":true,"href":"https:\/\/www.vempele.fi\/de\/wp-json\/wp\/v2\/product_brand?post=33282"},{"taxonomy":"product_cat","embeddable":true,"href":"https:\/\/www.vempele.fi\/de\/wp-json\/wp\/v2\/product_cat?post=33282"},{"taxonomy":"product_tag","embeddable":true,"href":"https:\/\/www.vempele.fi\/de\/wp-json\/wp\/v2\/product_tag?post=33282"}],"curies":[{"name":"wp","href":"https:\/\/api.w.org\/{rel}","templated":true}]}}