{"id":33306,"date":"2024-10-03T00:00:00","date_gmt":"2024-10-02T21:00:00","guid":{"rendered":"https:\/\/www.vempele.fi\/fi\/tuote\/linglong-sport-master-testisensaatio-235-40r19-96y-tesla-model-3\/"},"modified":"2026-04-18T10:03:14","modified_gmt":"2026-04-18T07:03:14","slug":"linglong-sport-master-test-sensation-235-40r19-96y-tesla-model-3","status":"publish","type":"product","link":"https:\/\/www.vempele.fi\/de\/tuote\/linglong-sport-master-testisensaatio-235-40r19-96y-tesla-model-3\/","title":{"rendered":"Linglong Sport Master TEST SESSION! 235\/40R19 96Y - Tesla Model 3"},"content":{"rendered":"<p>1 St\u00fcck Linglong Sport Master TEST SALE! 235\/40-19 96Y<\/p>\n<ul>\n<li>EU-Reifenkennzeichnung<\/li>\n<li>Typ: Sommerreifen<\/li>\n<li>Zentimeter: 19<\/li>\n<li>Breite: 235<\/li>\n<li>Profil: 40<\/li>\n<li>Geschwindigkeitskategorie: Y<\/li>\n<li>Tragf\u00e4higkeitsklasse: 96<\/li>\n<li>Reifenklassifizierung: C1<\/li>\n<li>Kraftstoffverbrauch: C<\/li>\n<li>Nasspflege: A<\/li>\n<li>Klassifizierung und Intensit\u00e4t des Kabinenl\u00e4rms: A - dB<\/li>\n<\/ul>\n<p>&nbsp;<\/p>\n<p>Die Reifen werden direkt aus dem Lager des Partners geliefert.<\/p>\n<p><img decoding=\"async\" src=\"https:\/\/www.vempele.fi\/wp-content\/uploads\/2024\/11\/Label_695364.svg\" width=\"300\" \/><\/p>\n<p>Von einem Partner abgerufene Reifeninformationen.<\/p>","protected":false},"excerpt":{"rendered":"<p>Der Linglong Sport Master ist ein hochwertiger Sommerreifen, der hervorragenden Grip und Leistungsst\u00e4rke zum bestm\u00f6glichen Preis-Leistungs-Verh\u00e4ltnis bietet.  Der SportMaster ist ein sicherer Sommerreifen, auf den Sie sich bei den vielf\u00e4ltigen sommerlichen Bedingungen des Nordens verlassen k\u00f6nnen.  Ein Hochleistungsreifen, der mit der neuesten Reifentechnologie hergestellt wird.  Ein Sommerreifen der Klasse A, der auch noch schick aussieht. Der Linglong hat Geschichte geschrieben - er hat seine Konkurrenten um Meter geschlagenIn einem umfangreichen Sommerreifentest der renommierten deutschen Zeitschrift Auto Bild (3\/2026) hat der Linglong Geschichte geschrieben.  Der Test verglich 50 Sommerreifen, und das Ergebnis war au\u00dfergew\u00f6hnlich: Der Linglong war mit Abstand der Reifen mit der besten Nasshaftung im TestDer Linglong war beispiellos \u00fcberlegen und schlug den Zweitplatzierten mit einem gr\u00f6\u00dferen Vorsprung als den Zweitplatzierten in den Top 15. Die Nasshaftung ist das wichtigste Sicherheitsmerkmal eines Sommerreifens - und hier dominierte der Linglong die KonkurrenzDer Linglong Sport Master war nicht nur \u00fcberragend - er war der Sieger.  Er ist ein echter Testsieger. Der Reifen erreichte den k\u00fcrzesten Bremsweg im Test auf nassem Asphalt und kam aus 80 km\/h nach nur 25,2 Metern zum Stehen.  Linglong schlug seine Konkurrenten um Meter, w\u00e4hrend die anderen um Zentimeter k\u00e4mpften. \u00a0 <\/p>\n<p> Die Reifen werden direkt aus dem Lager des Partners geliefert.<\/p>","protected":false},"featured_media":33023,"comment_status":"open","ping_status":"open","template":"","meta":[],"product_brand":[],"product_cat":[371],"product_tag":[696,632,156,729,121],"class_list":{"0":"post-33306","1":"product","2":"type-product","3":"status-publish","4":"has-post-thumbnail","6":"product_cat-renkaat","7":"product_tag-kesarengas","8":"product_tag-linglong","9":"product_tag-model-3","10":"product_tag-sport-master-testisensaatio","11":"product_tag-tesla","13":"first","14":"instock","15":"taxable","16":"shipping-taxable","17":"purchasable","18":"product-type-simple"},"jetpack_sharing_enabled":true,"_links":{"self":[{"href":"https:\/\/www.vempele.fi\/de\/wp-json\/wp\/v2\/product\/33306","targetHints":{"allow":["GET"]}}],"collection":[{"href":"https:\/\/www.vempele.fi\/de\/wp-json\/wp\/v2\/product"}],"about":[{"href":"https:\/\/www.vempele.fi\/de\/wp-json\/wp\/v2\/types\/product"}],"replies":[{"embeddable":true,"href":"https:\/\/www.vempele.fi\/de\/wp-json\/wp\/v2\/comments?post=33306"}],"wp:featuredmedia":[{"embeddable":true,"href":"https:\/\/www.vempele.fi\/de\/wp-json\/wp\/v2\/media\/33023"}],"wp:attachment":[{"href":"https:\/\/www.vempele.fi\/de\/wp-json\/wp\/v2\/media?parent=33306"}],"wp:term":[{"taxonomy":"product_brand","embeddable":true,"href":"https:\/\/www.vempele.fi\/de\/wp-json\/wp\/v2\/product_brand?post=33306"},{"taxonomy":"product_cat","embeddable":true,"href":"https:\/\/www.vempele.fi\/de\/wp-json\/wp\/v2\/product_cat?post=33306"},{"taxonomy":"product_tag","embeddable":true,"href":"https:\/\/www.vempele.fi\/de\/wp-json\/wp\/v2\/product_tag?post=33306"}],"curies":[{"name":"wp","href":"https:\/\/api.w.org\/{rel}","templated":true}]}}