{"id":33335,"date":"2024-11-26T12:23:41","date_gmt":"2024-11-26T10:23:41","guid":{"rendered":"https:\/\/www.vempele.fi\/?post_type=product&#038;p=33335"},"modified":"2026-04-13T14:32:40","modified_gmt":"2026-04-13T11:32:40","slug":"ppf-schutzfolien-fur-turgriffe-modell-3-y","status":"publish","type":"product","link":"https:\/\/www.vempele.fi\/de\/tuote\/ppf-suojakalvot-ovenkahvoille-model-3-y\/","title":{"rendered":"PPF-Schutzfolien f\u00fcr T\u00fcrgriffe - Modell 3 \/ Y"},"content":{"rendered":"<p>PPF-Schutzfolien f\u00fcr T\u00fcrgriffe - Modell 3 \/ Y<\/p>\n<ul>\n<li>Das Produkt enth\u00e4lt 8 St\u00fcck PPF-Folie, die in Form geschnitten sind.<\/li>\n<li>Farbe: Transparent<\/li>\n<li>Angemessenheit:\n<ul>\n<li>Model 3 Pre-Refresh vm. 2019 - 2021<\/li>\n<li>Modell 3 Auffrischung vm 2021 - 2023<\/li>\n<li>Modell 3 Hochland 2023 -&gt;<\/li>\n<li>Modell Y 2020 - 2024<\/li>\n<li>Modell Y Juniper 2025 -&gt;<\/li>\n<\/ul>\n<\/li>\n<\/ul>","protected":false},"excerpt":{"rendered":"<p>PPF-Schutzfolien f\u00fcr T\u00fcrgriffe - Modell 3 \/ Y<br \/>\nMit einer zurechtgeschnittenen PPF-Schutzmanschette k\u00f6nnen Sie sowohl die T\u00fcrgriffe selbst als auch den Bereich um die T\u00fcrgriffe herum sch\u00fctzen.<\/p>\n<p>Die Folie ist transparent, elastisch und haltbar.<\/p>\n<p>Eine erfolgreiche Installation erfordert einen warmen Raum und eine sorgf\u00e4ltige Reinigung der zu beklebenden Fl\u00e4che von Schmutz, Staub, Fett und jeglicher Beschichtung. Spr\u00fchen Sie nach der Reinigung milde Seifenlauge aus einer Spr\u00fchflasche auf die zu verlegende Fl\u00e4che und die Klebeseite der Schutzfolie. Bringen Sie dann die Schutzfolie an und entfernen Sie die Seifenlauge mit einem Spachtel, damit die Schutzfolie auf der Lackoberfl\u00e4che haften kann.<\/p>","protected":false},"featured_media":33337,"comment_status":"open","ping_status":"closed","template":"","meta":[],"product_brand":[],"product_cat":[151,154,452,455,481,483,128],"product_tag":[156,271,526,411,527,121],"class_list":{"0":"post-33335","1":"product","2":"type-product","3":"status-publish","4":"has-post-thumbnail","6":"product_cat-model-3","7":"product_cat-model-y","8":"product_cat-m3-tarvikkeet","9":"product_cat-my-tarvikkeet","10":"product_cat-tarvikkeet-ulkopuolelle-model-3","11":"product_cat-tarvikkeet-ulkopuolelle-model-y","12":"product_cat-tesla-tuotteet","13":"product_tag-model-3","14":"product_tag-model-y","15":"product_tag-ppf","16":"product_tag-suoja","17":"product_tag-suojakalvo","18":"product_tag-tesla","20":"first","21":"outofstock","22":"taxable","23":"shipping-taxable","24":"purchasable","25":"product-type-simple"},"jetpack_sharing_enabled":true,"_links":{"self":[{"href":"https:\/\/www.vempele.fi\/de\/wp-json\/wp\/v2\/product\/33335","targetHints":{"allow":["GET"]}}],"collection":[{"href":"https:\/\/www.vempele.fi\/de\/wp-json\/wp\/v2\/product"}],"about":[{"href":"https:\/\/www.vempele.fi\/de\/wp-json\/wp\/v2\/types\/product"}],"replies":[{"embeddable":true,"href":"https:\/\/www.vempele.fi\/de\/wp-json\/wp\/v2\/comments?post=33335"}],"wp:featuredmedia":[{"embeddable":true,"href":"https:\/\/www.vempele.fi\/de\/wp-json\/wp\/v2\/media\/33337"}],"wp:attachment":[{"href":"https:\/\/www.vempele.fi\/de\/wp-json\/wp\/v2\/media?parent=33335"}],"wp:term":[{"taxonomy":"product_brand","embeddable":true,"href":"https:\/\/www.vempele.fi\/de\/wp-json\/wp\/v2\/product_brand?post=33335"},{"taxonomy":"product_cat","embeddable":true,"href":"https:\/\/www.vempele.fi\/de\/wp-json\/wp\/v2\/product_cat?post=33335"},{"taxonomy":"product_tag","embeddable":true,"href":"https:\/\/www.vempele.fi\/de\/wp-json\/wp\/v2\/product_tag?post=33335"}],"curies":[{"name":"wp","href":"https:\/\/api.w.org\/{rel}","templated":true}]}}